{"id":12613,"date":"2021-05-21T12:32:32","date_gmt":"2021-05-21T12:32:32","guid":{"rendered":"https:\/\/www.deliciousandsons.com\/impacto\/mediterranean-cleanups\/"},"modified":"2021-08-15T05:02:05","modified_gmt":"2021-08-15T05:02:05","slug":"limpieza-mediterraneo","status":"publish","type":"page","link":"https:\/\/www.deliciousandsons.com\/es\/impacto\/limpieza-mediterraneo\/","title":{"rendered":"Limpieza del Mediterr\u00e1neo"},"content":{"rendered":"<p>Respetamos y Cuidamos el Mediterr\u00e1neo, aportando conciencia y valor a nuestras acciones de limpieza. Es nuestra manera de agradecer lo que somos en esencia.<\/p>\n","protected":false},"excerpt":{"rendered":"<p>Respetamos y Cuidamos el Mediterr\u00e1neo, aportando conciencia y valor a nuestras acciones de limpieza. Es nuestra manera de agradecer lo que somos en esencia.<\/p>\n","protected":false},"author":3680,"featured_media":12508,"parent":430,"menu_order":31,"comment_status":"closed","ping_status":"closed","template":"templates\/brand.php","meta":{"_acf_changed":false,"om_disable_all_campaigns":false,"inline_featured_image":false,"_monsterinsights_skip_tracking":false,"_monsterinsights_sitenote_active":false,"_monsterinsights_sitenote_note":"","_monsterinsights_sitenote_category":0,"_uf_show_specific_survey":0,"_uf_disable_surveys":false,"footnotes":""},"acf":[],"aioseo_notices":[],"yoast_head":"<!-- This site is optimized with the Yoast SEO plugin v22.6 - https:\/\/yoast.com\/wordpress\/plugins\/seo\/ -->\n<title>Limpieza del Mediterr\u00e1neo - Delicious &amp; Sons<\/title>\n<meta name=\"description\" content=\"Limpieza del Mediterr\u00e1neo \u00danete a nuestra lucha contra el cambio clim\u00e1tico. \u00a1Vamos a limpiar el Mediterr\u00e1neo juntos!\" \/>\n<meta name=\"robots\" content=\"index, follow, max-snippet:-1, max-image-preview:large, max-video-preview:-1\" \/>\n<link rel=\"canonical\" href=\"https:\/\/www.deliciousandsons.com\/es\/impacto\/limpieza-mediterraneo\/\" \/>\n<meta property=\"og:locale\" content=\"es_ES\" \/>\n<meta property=\"og:type\" content=\"article\" \/>\n<meta property=\"og:title\" content=\"Limpieza del Mediterr\u00e1neo - Delicious &amp; Sons\" \/>\n<meta property=\"og:description\" content=\"Limpieza del Mediterr\u00e1neo \u00danete a nuestra lucha contra el cambio clim\u00e1tico. \u00a1Vamos a limpiar el Mediterr\u00e1neo juntos!\" \/>\n<meta property=\"og:url\" content=\"https:\/\/www.deliciousandsons.com\/es\/impacto\/limpieza-mediterraneo\/\" \/>\n<meta property=\"og:site_name\" content=\"Delicious &amp; Sons\" \/>\n<meta property=\"article:publisher\" content=\"https:\/\/www.facebook.com\/DeliciousandSons\/\" \/>\n<meta property=\"article:modified_time\" content=\"2021-08-15T05:02:05+00:00\" \/>\n<meta property=\"og:image\" content=\"https:\/\/www.deliciousandsons.com\/wp-content\/uploads\/2021\/05\/foto-mar_02.jpg\" \/>\n\t<meta property=\"og:image:width\" content=\"1600\" \/>\n\t<meta property=\"og:image:height\" content=\"1067\" \/>\n\t<meta property=\"og:image:type\" content=\"image\/jpeg\" \/>\n<meta name=\"twitter:card\" content=\"summary_large_image\" \/>\n<meta name=\"twitter:site\" content=\"@Delicious_Sons\" \/>\n<meta name=\"twitter:label1\" content=\"Tiempo de lectura\" \/>\n\t<meta name=\"twitter:data1\" content=\"1 minuto\" \/>\n<script type=\"application\/ld+json\" class=\"yoast-schema-graph\">{\"@context\":\"https:\/\/schema.org\",\"@graph\":[{\"@type\":\"WebPage\",\"@id\":\"https:\/\/www.deliciousandsons.com\/es\/impacto\/limpieza-mediterraneo\/\",\"url\":\"https:\/\/www.deliciousandsons.com\/es\/impacto\/limpieza-mediterraneo\/\",\"name\":\"Limpieza del Mediterr\u00e1neo - Delicious &amp; Sons\",\"isPartOf\":{\"@id\":\"https:\/\/www.deliciousandsons.com\/#website\"},\"primaryImageOfPage\":{\"@id\":\"https:\/\/www.deliciousandsons.com\/es\/impacto\/limpieza-mediterraneo\/#primaryimage\"},\"image\":{\"@id\":\"https:\/\/www.deliciousandsons.com\/es\/impacto\/limpieza-mediterraneo\/#primaryimage\"},\"thumbnailUrl\":\"https:\/\/www.deliciousandsons.com\/wp-content\/uploads\/2021\/05\/foto-mar_02.jpg\",\"datePublished\":\"2021-05-21T12:32:32+00:00\",\"dateModified\":\"2021-08-15T05:02:05+00:00\",\"description\":\"Limpieza del Mediterr\u00e1neo \u00danete a nuestra lucha contra el cambio clim\u00e1tico. \u00a1Vamos a limpiar el Mediterr\u00e1neo juntos!\",\"breadcrumb\":{\"@id\":\"https:\/\/www.deliciousandsons.com\/es\/impacto\/limpieza-mediterraneo\/#breadcrumb\"},\"inLanguage\":\"es\",\"potentialAction\":[{\"@type\":\"ReadAction\",\"target\":[\"https:\/\/www.deliciousandsons.com\/es\/impacto\/limpieza-mediterraneo\/\"]}]},{\"@type\":\"ImageObject\",\"inLanguage\":\"es\",\"@id\":\"https:\/\/www.deliciousandsons.com\/es\/impacto\/limpieza-mediterraneo\/#primaryimage\",\"url\":\"https:\/\/www.deliciousandsons.com\/wp-content\/uploads\/2021\/05\/foto-mar_02.jpg\",\"contentUrl\":\"https:\/\/www.deliciousandsons.com\/wp-content\/uploads\/2021\/05\/foto-mar_02.jpg\",\"width\":1600,\"height\":1067},{\"@type\":\"BreadcrumbList\",\"@id\":\"https:\/\/www.deliciousandsons.com\/es\/impacto\/limpieza-mediterraneo\/#breadcrumb\",\"itemListElement\":[{\"@type\":\"ListItem\",\"position\":1,\"name\":\"Home\",\"item\":\"https:\/\/www.deliciousandsons.com\/es\/\"},{\"@type\":\"ListItem\",\"position\":2,\"name\":\"Impacto\",\"item\":\"https:\/\/www.deliciousandsons.com\/es\/impacto\/\"},{\"@type\":\"ListItem\",\"position\":3,\"name\":\"Limpieza del Mediterr\u00e1neo\"}]},{\"@type\":\"WebSite\",\"@id\":\"https:\/\/www.deliciousandsons.com\/#website\",\"url\":\"https:\/\/www.deliciousandsons.com\/\",\"name\":\"Delicious &amp; Sons\",\"description\":\"\",\"potentialAction\":[{\"@type\":\"SearchAction\",\"target\":{\"@type\":\"EntryPoint\",\"urlTemplate\":\"https:\/\/www.deliciousandsons.com\/?s={search_term_string}\"},\"query-input\":\"required name=search_term_string\"}],\"inLanguage\":\"es\"}]}<\/script>\n<!-- \/ Yoast SEO plugin. -->","yoast_head_json":{"title":"Limpieza del Mediterr\u00e1neo - Delicious &amp; Sons","description":"Limpieza del Mediterr\u00e1neo \u00danete a nuestra lucha contra el cambio clim\u00e1tico. \u00a1Vamos a limpiar el Mediterr\u00e1neo juntos!","robots":{"index":"index","follow":"follow","max-snippet":"max-snippet:-1","max-image-preview":"max-image-preview:large","max-video-preview":"max-video-preview:-1"},"canonical":"https:\/\/www.deliciousandsons.com\/es\/impacto\/limpieza-mediterraneo\/","og_locale":"es_ES","og_type":"article","og_title":"Limpieza del Mediterr\u00e1neo - Delicious &amp; Sons","og_description":"Limpieza del Mediterr\u00e1neo \u00danete a nuestra lucha contra el cambio clim\u00e1tico. \u00a1Vamos a limpiar el Mediterr\u00e1neo juntos!","og_url":"https:\/\/www.deliciousandsons.com\/es\/impacto\/limpieza-mediterraneo\/","og_site_name":"Delicious &amp; Sons","article_publisher":"https:\/\/www.facebook.com\/DeliciousandSons\/","article_modified_time":"2021-08-15T05:02:05+00:00","og_image":[{"width":1600,"height":1067,"url":"https:\/\/www.deliciousandsons.com\/wp-content\/uploads\/2021\/05\/foto-mar_02.jpg","type":"image\/jpeg"}],"twitter_card":"summary_large_image","twitter_site":"@Delicious_Sons","twitter_misc":{"Tiempo de lectura":"1 minuto"},"schema":{"@context":"https:\/\/schema.org","@graph":[{"@type":"WebPage","@id":"https:\/\/www.deliciousandsons.com\/es\/impacto\/limpieza-mediterraneo\/","url":"https:\/\/www.deliciousandsons.com\/es\/impacto\/limpieza-mediterraneo\/","name":"Limpieza del Mediterr\u00e1neo - Delicious &amp; Sons","isPartOf":{"@id":"https:\/\/www.deliciousandsons.com\/#website"},"primaryImageOfPage":{"@id":"https:\/\/www.deliciousandsons.com\/es\/impacto\/limpieza-mediterraneo\/#primaryimage"},"image":{"@id":"https:\/\/www.deliciousandsons.com\/es\/impacto\/limpieza-mediterraneo\/#primaryimage"},"thumbnailUrl":"https:\/\/www.deliciousandsons.com\/wp-content\/uploads\/2021\/05\/foto-mar_02.jpg","datePublished":"2021-05-21T12:32:32+00:00","dateModified":"2021-08-15T05:02:05+00:00","description":"Limpieza del Mediterr\u00e1neo \u00danete a nuestra lucha contra el cambio clim\u00e1tico. \u00a1Vamos a limpiar el Mediterr\u00e1neo juntos!","breadcrumb":{"@id":"https:\/\/www.deliciousandsons.com\/es\/impacto\/limpieza-mediterraneo\/#breadcrumb"},"inLanguage":"es","potentialAction":[{"@type":"ReadAction","target":["https:\/\/www.deliciousandsons.com\/es\/impacto\/limpieza-mediterraneo\/"]}]},{"@type":"ImageObject","inLanguage":"es","@id":"https:\/\/www.deliciousandsons.com\/es\/impacto\/limpieza-mediterraneo\/#primaryimage","url":"https:\/\/www.deliciousandsons.com\/wp-content\/uploads\/2021\/05\/foto-mar_02.jpg","contentUrl":"https:\/\/www.deliciousandsons.com\/wp-content\/uploads\/2021\/05\/foto-mar_02.jpg","width":1600,"height":1067},{"@type":"BreadcrumbList","@id":"https:\/\/www.deliciousandsons.com\/es\/impacto\/limpieza-mediterraneo\/#breadcrumb","itemListElement":[{"@type":"ListItem","position":1,"name":"Home","item":"https:\/\/www.deliciousandsons.com\/es\/"},{"@type":"ListItem","position":2,"name":"Impacto","item":"https:\/\/www.deliciousandsons.com\/es\/impacto\/"},{"@type":"ListItem","position":3,"name":"Limpieza del Mediterr\u00e1neo"}]},{"@type":"WebSite","@id":"https:\/\/www.deliciousandsons.com\/#website","url":"https:\/\/www.deliciousandsons.com\/","name":"Delicious &amp; Sons","description":"","potentialAction":[{"@type":"SearchAction","target":{"@type":"EntryPoint","urlTemplate":"https:\/\/www.deliciousandsons.com\/?s={search_term_string}"},"query-input":"required name=search_term_string"}],"inLanguage":"es"}]}},"_links":{"self":[{"href":"https:\/\/www.deliciousandsons.com\/es\/wp-json\/wp\/v2\/pages\/12613"}],"collection":[{"href":"https:\/\/www.deliciousandsons.com\/es\/wp-json\/wp\/v2\/pages"}],"about":[{"href":"https:\/\/www.deliciousandsons.com\/es\/wp-json\/wp\/v2\/types\/page"}],"author":[{"embeddable":true,"href":"https:\/\/www.deliciousandsons.com\/es\/wp-json\/wp\/v2\/users\/3680"}],"replies":[{"embeddable":true,"href":"https:\/\/www.deliciousandsons.com\/es\/wp-json\/wp\/v2\/comments?post=12613"}],"version-history":[{"count":20,"href":"https:\/\/www.deliciousandsons.com\/es\/wp-json\/wp\/v2\/pages\/12613\/revisions"}],"predecessor-version":[{"id":13934,"href":"https:\/\/www.deliciousandsons.com\/es\/wp-json\/wp\/v2\/pages\/12613\/revisions\/13934"}],"up":[{"embeddable":true,"href":"https:\/\/www.deliciousandsons.com\/es\/wp-json\/wp\/v2\/pages\/430"}],"wp:featuredmedia":[{"embeddable":true,"href":"https:\/\/www.deliciousandsons.com\/es\/wp-json\/wp\/v2\/media\/12508"}],"wp:attachment":[{"href":"https:\/\/www.deliciousandsons.com\/es\/wp-json\/wp\/v2\/media?parent=12613"}],"curies":[{"name":"wp","href":"https:\/\/api.w.org\/{rel}","templated":true}]}}