{"id":2453,"date":"2017-09-25T17:06:32","date_gmt":"2017-09-25T17:06:32","guid":{"rendered":"https:\/\/www.deliciousandsons.com\/?page_id=2453\/"},"modified":"2017-09-25T17:10:16","modified_gmt":"2017-09-25T17:10:16","slug":"politica-envios-devoluciones","status":"publish","type":"page","link":"https:\/\/www.deliciousandsons.com\/es\/politica-envios-devoluciones\/","title":{"rendered":"Env\u00edos y Devoluciones"},"content":{"rendered":"<p><strong>Shipping &amp; Returns<\/strong><\/p>\n<p>At Delicious &amp; Sons we strive to prepare and ship your order as carefully as possible. We use proper business practices to ensure that our high quality products are delivered in perfect condition right to your door. Please continue to read the information below for our shipping and returns policies.<\/p>\n<p>&nbsp;<\/p>\n<p><strong>Shipping Information:<\/strong><\/p>\n<p><strong>For the U.S.:<\/strong><br \/>\nAll orders placed on the Delicious &amp; Sons website for delivery in the United States are shipped out of our distribution center in Poughkeepsie, NY. Orders are sent using United Parcel Service (UPS) and are accompanied with their corresponding tracking number.<\/p>\n<p><strong>For Europe:<\/strong><br \/>\nAll orders placed on the Delicious &amp; Sons website for delivery to Europe are shipped out of our distribution center in Barcelona, Spain. Orders are sent using TIPSA courier service for Spain, Portugal, and Andorra, and the Spanish postal service for other European countries.<\/p>\n<p><strong>Delivery:<\/strong><\/p>\n<p>Orders are generally processed and shipped within 1 business day of reception.<\/p>\n<p><strong>For the U.S.:<\/strong><br \/>\nUPS Ground service generally takes 3-5 business days depending on the destination. Delivery times may vary slightly depending on time of year and weather conditions.<\/p>\n<p><strong>For Iberian Peninsula:<\/strong><br \/>\nTIPSA standard service is usually delivered within 48 hours depending on the destination. Delivery times may vary slightly depending on time of year and weather conditions.<\/p>\n<p><strong>For Other European Destinations:<\/strong><br \/>\nStandard postal service delivery times are generally between 5-8 days depending on the destination.<\/p>\n<p>Delicious &amp; Sons can only guarantee delivery to the addresses with which we are provided. If our carriers are unable to deliver your package due to a mistake in the address, the order will be returned to our distribution center. If the product is in good condition we will resend the order to a new specified address, if the returned product is damaged, the client will be responsible for charges of a new order.<\/p>\n<p><em>\u00a0<\/em><\/p>\n<p><strong>Return Policy:<\/strong><\/p>\n<p>Customer satisfaction is our #1 priority. If you are not completely satisfied with your order and the products are in perfect condition, please contact us within 7 days of the reception of your order for a replacement or refund.<\/p>\n<p>While we do everything possible for our products to arrive to your door in perfect condition, sometimes incidents happen in the shipping process which are beyond our control. For shipping related claims please contact us within 7 days of reception of your order, and please include a photo of the damaged goods if possible.<\/p>\n<p>For all claims please contact us at: <a href=\"mailto:hello@deliciousandsons.com\">hello@deliciousandsons.com<\/a> and include your Order # and reason for the claim.<\/p>\n","protected":false},"excerpt":{"rendered":"<p>Shipping &amp; Returns At Delicious &amp; Sons we strive to prepare and ship your order as carefully as possible. We use proper business practices to ensure that our high quality products are delivered in perfect condition right to your door. Please continue to read the&#8230;<\/p>\n","protected":false},"author":5,"featured_media":0,"parent":0,"menu_order":17,"comment_status":"closed","ping_status":"closed","template":"templates\/legal.php","meta":{"_acf_changed":false,"om_disable_all_campaigns":false,"inline_featured_image":false,"_monsterinsights_skip_tracking":false,"_monsterinsights_sitenote_active":false,"_monsterinsights_sitenote_note":"","_monsterinsights_sitenote_category":0,"_uf_show_specific_survey":0,"_uf_disable_surveys":false,"footnotes":""},"acf":[],"aioseo_notices":[],"yoast_head":"<!-- This site is optimized with the Yoast SEO plugin v22.6 - https:\/\/yoast.com\/wordpress\/plugins\/seo\/ -->\n<title>Env\u00edos y Devoluciones - Delicious &amp; Sons<\/title>\n<meta name=\"description\" content=\"En esta p\u00e1gina detallamos nuestra pol\u00edtica de env\u00edos para pedidos realizados en nuestra p\u00e1gina web y devoluciones si el cliente no est\u00e1 satisfecho.\" \/>\n<meta name=\"robots\" content=\"index, follow, max-snippet:-1, max-image-preview:large, max-video-preview:-1\" \/>\n<link rel=\"canonical\" href=\"https:\/\/www.deliciousandsons.com\/es\/politica-envios-devoluciones\/\" \/>\n<meta property=\"og:locale\" content=\"es_ES\" \/>\n<meta property=\"og:type\" content=\"article\" \/>\n<meta property=\"og:title\" content=\"Env\u00edos y Devoluciones - Delicious &amp; Sons\" \/>\n<meta property=\"og:description\" content=\"En esta p\u00e1gina detallamos nuestra pol\u00edtica de env\u00edos para pedidos realizados en nuestra p\u00e1gina web y devoluciones si el cliente no est\u00e1 satisfecho.\" \/>\n<meta property=\"og:url\" content=\"https:\/\/www.deliciousandsons.com\/es\/politica-envios-devoluciones\/\" \/>\n<meta property=\"og:site_name\" content=\"Delicious &amp; Sons\" \/>\n<meta property=\"article:publisher\" content=\"https:\/\/www.facebook.com\/DeliciousandSons\/\" \/>\n<meta property=\"article:modified_time\" content=\"2017-09-25T17:10:16+00:00\" \/>\n<meta name=\"twitter:card\" content=\"summary_large_image\" \/>\n<meta name=\"twitter:site\" content=\"@Delicious_Sons\" \/>\n<meta name=\"twitter:label1\" content=\"Tiempo de lectura\" \/>\n\t<meta name=\"twitter:data1\" content=\"2 minutos\" \/>\n<script type=\"application\/ld+json\" class=\"yoast-schema-graph\">{\"@context\":\"https:\/\/schema.org\",\"@graph\":[{\"@type\":\"WebPage\",\"@id\":\"https:\/\/www.deliciousandsons.com\/es\/politica-envios-devoluciones\/\",\"url\":\"https:\/\/www.deliciousandsons.com\/es\/politica-envios-devoluciones\/\",\"name\":\"Env\u00edos y Devoluciones - Delicious &amp; Sons\",\"isPartOf\":{\"@id\":\"https:\/\/www.deliciousandsons.com\/#website\"},\"datePublished\":\"2017-09-25T17:06:32+00:00\",\"dateModified\":\"2017-09-25T17:10:16+00:00\",\"description\":\"En esta p\u00e1gina detallamos nuestra pol\u00edtica de env\u00edos para pedidos realizados en nuestra p\u00e1gina web y devoluciones si el cliente no est\u00e1 satisfecho.\",\"breadcrumb\":{\"@id\":\"https:\/\/www.deliciousandsons.com\/es\/politica-envios-devoluciones\/#breadcrumb\"},\"inLanguage\":\"es\",\"potentialAction\":[{\"@type\":\"ReadAction\",\"target\":[\"https:\/\/www.deliciousandsons.com\/es\/politica-envios-devoluciones\/\"]}]},{\"@type\":\"BreadcrumbList\",\"@id\":\"https:\/\/www.deliciousandsons.com\/es\/politica-envios-devoluciones\/#breadcrumb\",\"itemListElement\":[{\"@type\":\"ListItem\",\"position\":1,\"name\":\"Home\",\"item\":\"https:\/\/www.deliciousandsons.com\/es\/\"},{\"@type\":\"ListItem\",\"position\":2,\"name\":\"Env\u00edos y Devoluciones\"}]},{\"@type\":\"WebSite\",\"@id\":\"https:\/\/www.deliciousandsons.com\/#website\",\"url\":\"https:\/\/www.deliciousandsons.com\/\",\"name\":\"Delicious &amp; Sons\",\"description\":\"\",\"potentialAction\":[{\"@type\":\"SearchAction\",\"target\":{\"@type\":\"EntryPoint\",\"urlTemplate\":\"https:\/\/www.deliciousandsons.com\/?s={search_term_string}\"},\"query-input\":\"required name=search_term_string\"}],\"inLanguage\":\"es\"}]}<\/script>\n<!-- \/ Yoast SEO plugin. -->","yoast_head_json":{"title":"Env\u00edos y Devoluciones - Delicious &amp; Sons","description":"En esta p\u00e1gina detallamos nuestra pol\u00edtica de env\u00edos para pedidos realizados en nuestra p\u00e1gina web y devoluciones si el cliente no est\u00e1 satisfecho.","robots":{"index":"index","follow":"follow","max-snippet":"max-snippet:-1","max-image-preview":"max-image-preview:large","max-video-preview":"max-video-preview:-1"},"canonical":"https:\/\/www.deliciousandsons.com\/es\/politica-envios-devoluciones\/","og_locale":"es_ES","og_type":"article","og_title":"Env\u00edos y Devoluciones - Delicious &amp; Sons","og_description":"En esta p\u00e1gina detallamos nuestra pol\u00edtica de env\u00edos para pedidos realizados en nuestra p\u00e1gina web y devoluciones si el cliente no est\u00e1 satisfecho.","og_url":"https:\/\/www.deliciousandsons.com\/es\/politica-envios-devoluciones\/","og_site_name":"Delicious &amp; Sons","article_publisher":"https:\/\/www.facebook.com\/DeliciousandSons\/","article_modified_time":"2017-09-25T17:10:16+00:00","twitter_card":"summary_large_image","twitter_site":"@Delicious_Sons","twitter_misc":{"Tiempo de lectura":"2 minutos"},"schema":{"@context":"https:\/\/schema.org","@graph":[{"@type":"WebPage","@id":"https:\/\/www.deliciousandsons.com\/es\/politica-envios-devoluciones\/","url":"https:\/\/www.deliciousandsons.com\/es\/politica-envios-devoluciones\/","name":"Env\u00edos y Devoluciones - Delicious &amp; Sons","isPartOf":{"@id":"https:\/\/www.deliciousandsons.com\/#website"},"datePublished":"2017-09-25T17:06:32+00:00","dateModified":"2017-09-25T17:10:16+00:00","description":"En esta p\u00e1gina detallamos nuestra pol\u00edtica de env\u00edos para pedidos realizados en nuestra p\u00e1gina web y devoluciones si el cliente no est\u00e1 satisfecho.","breadcrumb":{"@id":"https:\/\/www.deliciousandsons.com\/es\/politica-envios-devoluciones\/#breadcrumb"},"inLanguage":"es","potentialAction":[{"@type":"ReadAction","target":["https:\/\/www.deliciousandsons.com\/es\/politica-envios-devoluciones\/"]}]},{"@type":"BreadcrumbList","@id":"https:\/\/www.deliciousandsons.com\/es\/politica-envios-devoluciones\/#breadcrumb","itemListElement":[{"@type":"ListItem","position":1,"name":"Home","item":"https:\/\/www.deliciousandsons.com\/es\/"},{"@type":"ListItem","position":2,"name":"Env\u00edos y Devoluciones"}]},{"@type":"WebSite","@id":"https:\/\/www.deliciousandsons.com\/#website","url":"https:\/\/www.deliciousandsons.com\/","name":"Delicious &amp; Sons","description":"","potentialAction":[{"@type":"SearchAction","target":{"@type":"EntryPoint","urlTemplate":"https:\/\/www.deliciousandsons.com\/?s={search_term_string}"},"query-input":"required name=search_term_string"}],"inLanguage":"es"}]}},"_links":{"self":[{"href":"https:\/\/www.deliciousandsons.com\/es\/wp-json\/wp\/v2\/pages\/2453"}],"collection":[{"href":"https:\/\/www.deliciousandsons.com\/es\/wp-json\/wp\/v2\/pages"}],"about":[{"href":"https:\/\/www.deliciousandsons.com\/es\/wp-json\/wp\/v2\/types\/page"}],"author":[{"embeddable":true,"href":"https:\/\/www.deliciousandsons.com\/es\/wp-json\/wp\/v2\/users\/5"}],"replies":[{"embeddable":true,"href":"https:\/\/www.deliciousandsons.com\/es\/wp-json\/wp\/v2\/comments?post=2453"}],"version-history":[{"count":5,"href":"https:\/\/www.deliciousandsons.com\/es\/wp-json\/wp\/v2\/pages\/2453\/revisions"}],"predecessor-version":[{"id":2749,"href":"https:\/\/www.deliciousandsons.com\/es\/wp-json\/wp\/v2\/pages\/2453\/revisions\/2749"}],"wp:attachment":[{"href":"https:\/\/www.deliciousandsons.com\/es\/wp-json\/wp\/v2\/media?parent=2453"}],"curies":[{"name":"wp","href":"https:\/\/api.w.org\/{rel}","templated":true}]}}