{"id":429,"date":"2016-06-13T23:44:08","date_gmt":"2016-06-13T23:44:08","guid":{"rendered":"http:\/\/www.deliciousandsons.com\/es\/products\/"},"modified":"2016-06-20T20:19:43","modified_gmt":"2016-06-20T20:19:43","slug":"productos","status":"publish","type":"page","link":"https:\/\/www.deliciousandsons.com\/es\/productos\/","title":{"rendered":"Productos"},"content":{"rendered":"<p>Seleccionamos solo los mejores ingredientes y creamos exquisitos productos. <\/p>\n<p>A partir de verduras naturales, pat\u00e9s, ingrediente estrella en ensaladas, platos de pasta o s\u00e1ndwiches. Tambi\u00e9n una peque\u00f1a gama a base de trufa; unos singulares aliolis, con azafr\u00e1n y naranja o con lim\u00f3n y albahaca; y las cremas de bals\u00e1mico de M\u00f3dena para alegrar cualquier plato. <\/p>\n<p>Elaboramos salsas para pasta que te transportan a Italia, pestos que con solo abrir el frasco te cautivan por el aroma.  \u00c9stas, entre otras, son nuestras sabrosas propuestas.<\/p>\n<p><strong>Delicious &#038; Sons<\/strong> es una familia de productos naturales, org\u00e1nicos, no modificados gen\u00e9ticamente, con un dise\u00f1o atractivo y f\u00e1ciles de usar. Son una opci\u00f3n saludable cercana a un gran n\u00famero de personas.<\/p>\n<p>Es nuestro compromiso, es nuestra nueva marca. Gracias por escogerla.<\/p>\n","protected":false},"excerpt":{"rendered":"<p>Seleccionamos solo los mejores ingredientes y creamos exquisitos productos. A partir de verduras naturales, pat\u00e9s, ingrediente estrella en ensaladas, platos de pasta o s\u00e1ndwiches. Tambi\u00e9n una peque\u00f1a gama a base de trufa; unos singulares aliolis, con azafr\u00e1n y naranja o con lim\u00f3n y albahaca; y&#8230;<\/p>\n","protected":false},"author":1,"featured_media":358,"parent":0,"menu_order":80,"comment_status":"closed","ping_status":"closed","template":"templates\/products.php","meta":{"_acf_changed":false,"om_disable_all_campaigns":false,"inline_featured_image":false,"_monsterinsights_skip_tracking":false,"_monsterinsights_sitenote_active":false,"_monsterinsights_sitenote_note":"","_monsterinsights_sitenote_category":0,"_uf_show_specific_survey":0,"_uf_disable_surveys":false,"footnotes":""},"acf":[],"aioseo_notices":[],"yoast_head":"<!-- This site is optimized with the Yoast SEO plugin v22.6 - https:\/\/yoast.com\/wordpress\/plugins\/seo\/ -->\n<title>Productos - Delicious &amp; Sons<\/title>\n<meta name=\"robots\" content=\"index, follow, max-snippet:-1, max-image-preview:large, max-video-preview:-1\" \/>\n<link rel=\"canonical\" href=\"https:\/\/www.deliciousandsons.com\/es\/productos\/\" \/>\n<meta property=\"og:locale\" content=\"es_ES\" \/>\n<meta property=\"og:type\" content=\"article\" \/>\n<meta property=\"og:title\" content=\"Productos - Delicious &amp; Sons\" \/>\n<meta property=\"og:description\" content=\"Seleccionamos solo los mejores ingredientes y creamos exquisitos productos. A partir de verduras naturales, pat\u00e9s, ingrediente estrella en ensaladas, platos de pasta o s\u00e1ndwiches. Tambi\u00e9n una peque\u00f1a gama a base de trufa; unos singulares aliolis, con azafr\u00e1n y naranja o con lim\u00f3n y albahaca; y...\" \/>\n<meta property=\"og:url\" content=\"https:\/\/www.deliciousandsons.com\/es\/productos\/\" \/>\n<meta property=\"og:site_name\" content=\"Delicious &amp; Sons\" \/>\n<meta property=\"article:publisher\" content=\"https:\/\/www.facebook.com\/DeliciousandSons\/\" \/>\n<meta property=\"article:modified_time\" content=\"2016-06-20T20:19:43+00:00\" \/>\n<meta property=\"og:image\" content=\"https:\/\/www.deliciousandsons.com\/wp-content\/uploads\/2016\/06\/sauces-spreads-oil-2-delicious-and-sons.jpg\" \/>\n\t<meta property=\"og:image:width\" content=\"1920\" \/>\n\t<meta property=\"og:image:height\" content=\"1281\" \/>\n\t<meta property=\"og:image:type\" content=\"image\/jpeg\" \/>\n<meta name=\"twitter:card\" content=\"summary_large_image\" \/>\n<meta name=\"twitter:site\" content=\"@Delicious_Sons\" \/>\n<meta name=\"twitter:label1\" content=\"Tiempo de lectura\" \/>\n\t<meta name=\"twitter:data1\" content=\"1 minuto\" \/>\n<script type=\"application\/ld+json\" class=\"yoast-schema-graph\">{\"@context\":\"https:\/\/schema.org\",\"@graph\":[{\"@type\":\"WebPage\",\"@id\":\"https:\/\/www.deliciousandsons.com\/es\/productos\/\",\"url\":\"https:\/\/www.deliciousandsons.com\/es\/productos\/\",\"name\":\"Productos - Delicious &amp; Sons\",\"isPartOf\":{\"@id\":\"https:\/\/www.deliciousandsons.com\/#website\"},\"primaryImageOfPage\":{\"@id\":\"https:\/\/www.deliciousandsons.com\/es\/productos\/#primaryimage\"},\"image\":{\"@id\":\"https:\/\/www.deliciousandsons.com\/es\/productos\/#primaryimage\"},\"thumbnailUrl\":\"https:\/\/www.deliciousandsons.com\/wp-content\/uploads\/2016\/06\/sauces-spreads-oil-2-delicious-and-sons.jpg\",\"datePublished\":\"2016-06-13T23:44:08+00:00\",\"dateModified\":\"2016-06-20T20:19:43+00:00\",\"breadcrumb\":{\"@id\":\"https:\/\/www.deliciousandsons.com\/es\/productos\/#breadcrumb\"},\"inLanguage\":\"es\",\"potentialAction\":[{\"@type\":\"ReadAction\",\"target\":[\"https:\/\/www.deliciousandsons.com\/es\/productos\/\"]}]},{\"@type\":\"ImageObject\",\"inLanguage\":\"es\",\"@id\":\"https:\/\/www.deliciousandsons.com\/es\/productos\/#primaryimage\",\"url\":\"https:\/\/www.deliciousandsons.com\/wp-content\/uploads\/2016\/06\/sauces-spreads-oil-2-delicious-and-sons.jpg\",\"contentUrl\":\"https:\/\/www.deliciousandsons.com\/wp-content\/uploads\/2016\/06\/sauces-spreads-oil-2-delicious-and-sons.jpg\",\"width\":1920,\"height\":1281,\"caption\":\"Salsas, pates y aceites de oliva Delicious & Sons\"},{\"@type\":\"BreadcrumbList\",\"@id\":\"https:\/\/www.deliciousandsons.com\/es\/productos\/#breadcrumb\",\"itemListElement\":[{\"@type\":\"ListItem\",\"position\":1,\"name\":\"Home\",\"item\":\"https:\/\/www.deliciousandsons.com\/es\/\"},{\"@type\":\"ListItem\",\"position\":2,\"name\":\"Productos\"}]},{\"@type\":\"WebSite\",\"@id\":\"https:\/\/www.deliciousandsons.com\/#website\",\"url\":\"https:\/\/www.deliciousandsons.com\/\",\"name\":\"Delicious &amp; Sons\",\"description\":\"\",\"potentialAction\":[{\"@type\":\"SearchAction\",\"target\":{\"@type\":\"EntryPoint\",\"urlTemplate\":\"https:\/\/www.deliciousandsons.com\/?s={search_term_string}\"},\"query-input\":\"required name=search_term_string\"}],\"inLanguage\":\"es\"}]}<\/script>\n<!-- \/ Yoast SEO plugin. -->","yoast_head_json":{"title":"Productos - Delicious &amp; Sons","robots":{"index":"index","follow":"follow","max-snippet":"max-snippet:-1","max-image-preview":"max-image-preview:large","max-video-preview":"max-video-preview:-1"},"canonical":"https:\/\/www.deliciousandsons.com\/es\/productos\/","og_locale":"es_ES","og_type":"article","og_title":"Productos - Delicious &amp; Sons","og_description":"Seleccionamos solo los mejores ingredientes y creamos exquisitos productos. A partir de verduras naturales, pat\u00e9s, ingrediente estrella en ensaladas, platos de pasta o s\u00e1ndwiches. Tambi\u00e9n una peque\u00f1a gama a base de trufa; unos singulares aliolis, con azafr\u00e1n y naranja o con lim\u00f3n y albahaca; y...","og_url":"https:\/\/www.deliciousandsons.com\/es\/productos\/","og_site_name":"Delicious &amp; Sons","article_publisher":"https:\/\/www.facebook.com\/DeliciousandSons\/","article_modified_time":"2016-06-20T20:19:43+00:00","og_image":[{"width":1920,"height":1281,"url":"https:\/\/www.deliciousandsons.com\/wp-content\/uploads\/2016\/06\/sauces-spreads-oil-2-delicious-and-sons.jpg","type":"image\/jpeg"}],"twitter_card":"summary_large_image","twitter_site":"@Delicious_Sons","twitter_misc":{"Tiempo de lectura":"1 minuto"},"schema":{"@context":"https:\/\/schema.org","@graph":[{"@type":"WebPage","@id":"https:\/\/www.deliciousandsons.com\/es\/productos\/","url":"https:\/\/www.deliciousandsons.com\/es\/productos\/","name":"Productos - Delicious &amp; Sons","isPartOf":{"@id":"https:\/\/www.deliciousandsons.com\/#website"},"primaryImageOfPage":{"@id":"https:\/\/www.deliciousandsons.com\/es\/productos\/#primaryimage"},"image":{"@id":"https:\/\/www.deliciousandsons.com\/es\/productos\/#primaryimage"},"thumbnailUrl":"https:\/\/www.deliciousandsons.com\/wp-content\/uploads\/2016\/06\/sauces-spreads-oil-2-delicious-and-sons.jpg","datePublished":"2016-06-13T23:44:08+00:00","dateModified":"2016-06-20T20:19:43+00:00","breadcrumb":{"@id":"https:\/\/www.deliciousandsons.com\/es\/productos\/#breadcrumb"},"inLanguage":"es","potentialAction":[{"@type":"ReadAction","target":["https:\/\/www.deliciousandsons.com\/es\/productos\/"]}]},{"@type":"ImageObject","inLanguage":"es","@id":"https:\/\/www.deliciousandsons.com\/es\/productos\/#primaryimage","url":"https:\/\/www.deliciousandsons.com\/wp-content\/uploads\/2016\/06\/sauces-spreads-oil-2-delicious-and-sons.jpg","contentUrl":"https:\/\/www.deliciousandsons.com\/wp-content\/uploads\/2016\/06\/sauces-spreads-oil-2-delicious-and-sons.jpg","width":1920,"height":1281,"caption":"Salsas, pates y aceites de oliva Delicious & Sons"},{"@type":"BreadcrumbList","@id":"https:\/\/www.deliciousandsons.com\/es\/productos\/#breadcrumb","itemListElement":[{"@type":"ListItem","position":1,"name":"Home","item":"https:\/\/www.deliciousandsons.com\/es\/"},{"@type":"ListItem","position":2,"name":"Productos"}]},{"@type":"WebSite","@id":"https:\/\/www.deliciousandsons.com\/#website","url":"https:\/\/www.deliciousandsons.com\/","name":"Delicious &amp; Sons","description":"","potentialAction":[{"@type":"SearchAction","target":{"@type":"EntryPoint","urlTemplate":"https:\/\/www.deliciousandsons.com\/?s={search_term_string}"},"query-input":"required name=search_term_string"}],"inLanguage":"es"}]}},"_links":{"self":[{"href":"https:\/\/www.deliciousandsons.com\/es\/wp-json\/wp\/v2\/pages\/429"}],"collection":[{"href":"https:\/\/www.deliciousandsons.com\/es\/wp-json\/wp\/v2\/pages"}],"about":[{"href":"https:\/\/www.deliciousandsons.com\/es\/wp-json\/wp\/v2\/types\/page"}],"author":[{"embeddable":true,"href":"https:\/\/www.deliciousandsons.com\/es\/wp-json\/wp\/v2\/users\/1"}],"replies":[{"embeddable":true,"href":"https:\/\/www.deliciousandsons.com\/es\/wp-json\/wp\/v2\/comments?post=429"}],"version-history":[{"count":2,"href":"https:\/\/www.deliciousandsons.com\/es\/wp-json\/wp\/v2\/pages\/429\/revisions"}],"predecessor-version":[{"id":465,"href":"https:\/\/www.deliciousandsons.com\/es\/wp-json\/wp\/v2\/pages\/429\/revisions\/465"}],"wp:featuredmedia":[{"embeddable":true,"href":"https:\/\/www.deliciousandsons.com\/es\/wp-json\/wp\/v2\/media\/358"}],"wp:attachment":[{"href":"https:\/\/www.deliciousandsons.com\/es\/wp-json\/wp\/v2\/media?parent=429"}],"curies":[{"name":"wp","href":"https:\/\/api.w.org\/{rel}","templated":true}]}}