{"id":10210,"date":"2020-11-27T11:24:58","date_gmt":"2020-11-27T11:24:58","guid":{"rendered":"https:\/\/www.deliciousandsons.com\/organic-shop\/gift-box-italian-black-truffles-spain-only\/"},"modified":"2020-11-27T13:28:12","modified_gmt":"2020-11-27T13:28:12","slug":"pack-regalo-trufa-negra","status":"publish","type":"product","link":"https:\/\/www.deliciousandsons.com\/es\/tienda-gourmet\/pack-regalo-trufa-negra\/","title":{"rendered":"Pack Regalo Trufa Negra"},"content":{"rendered":"<p>Este pack de regalo se presenta en una caja de cart\u00f3n reciclado, preparada para regalo, con papel tipo seda en el interior y el exterior viene decorada con un lazo verde.<\/p>\n<p>Contiene:<\/p>\n<ul>\n<li>1 Salsa de Trufa Negra y Setas<\/li>\n<li>1 Aceite con Trufa Negra (Aceite de Oliva Virgen Extra)<\/li>\n<li>1 Caja de Regalo y preparaci\u00f3n<\/li>\n<\/ul>\n<p>Este regalo contiene un d\u00fao a base de Trufa Negra: la Salsa con Trufa y Setas y el Aceite de Oliva. Ambos son totalmente naturales.<\/p>\n<p>Muy vers\u00e1tiles adem\u00e1s de estar muy ricos y sabrosos.<\/p>\n<p>Acompa\u00f1an de maravilla, cualquier trozo de buen pan, el Aceite de Trufa da un toque especial a cualquier plato, verduras, patatas, arroz, huevo, pur\u00e9s y cremas.<\/p>\n<p>La Salsa de Trufa y Setas es deliciosa e irresistible con pasta, con platos de prote\u00edna vegetal o platos de carne, pescado y verduras aport\u00e1ndoles sabor y aroma inigualable.<\/p>\n<p>Certificados Sin Gluten, Sin Transg\u00e9nicos, Veganos y Vegetarianos. Sin Az\u00facares A\u00f1adidos.<\/p>\n","protected":false},"excerpt":{"rendered":"<p>Este pack de regalo se presenta en una caja de cart\u00f3n reciclado, preparada para regalo, con papel tipo seda en el interior y el exterior viene decorada con un lazo verde. Contiene: 1 Salsa de Trufa Negra y Setas 1 Aceite con Trufa Negra (Aceite&#8230;<\/p>\n","protected":false},"featured_media":10185,"template":"","meta":{"_acf_changed":false,"om_disable_all_campaigns":false,"inline_featured_image":false,"_monsterinsights_skip_tracking":false,"_monsterinsights_sitenote_active":false,"_monsterinsights_sitenote_note":"","_monsterinsights_sitenote_category":0,"_uf_show_specific_survey":0,"_uf_disable_surveys":false},"product_cat":[460,459,458,457,543,447,445,446,376,34,24],"product_tag":[],"legume_pasta":[],"dip_spreads":[],"aiolis":[],"samplers":[],"tapenades":[],"italian_truffle":[],"Sauces":[],"diets":[1113,1112,1111,1110,1109,1108,1107,1106,1105,1104,1103,1102],"stars":[],"supplier_id":null,"supplier_sku":"","barcode":null,"atum_controlled":true,"out_stock_date":null,"out_stock_threshold":null,"inheritable":false,"inbound_stock":0,"stock_on_hold":0,"sold_today":0,"sales_last_days":0,"reserved_stock":0,"customer_returns":0,"warehouse_damage":0,"lost_in_post":0,"other_logs":0,"out_stock_days":0,"lost_sales":0,"has_location":false,"update_date":"2026-04-08T10:50:54","atum_locations":[],"atum_stock_status":"outofstock","restock_status":false,"low_stock_amount":"","sales_update_date":"2026-04-08T10:50:54","calc_backorders":null,"mi_inventories":[36],"multi_inventory":"global","inventory_sorting_mode":"global","inventory_iteration":"global","expirable_inventories":"global","price_per_inventory":"global","show_write_off_inventories":"global","selectable_inventories":"global","selectable_inventories_mode":"global","acf":[],"aioseo_notices":[],"yoast_head":"<!-- This site is optimized with the Yoast SEO plugin v22.6 - https:\/\/yoast.com\/wordpress\/plugins\/seo\/ -->\n<title>Pack Regalo Trufa Negra - Delicious &amp; Sons<\/title>\n<meta name=\"description\" content=\"Este pack regalo de trufa negra contiene un d\u00fao a base de Trufa Negra: la Salsa con Trufa y Setas y el Aceite de Oliva. Muy vers\u00e1tiles adem\u00e1s de estar muy ricos y sabrosos.\" \/>\n<meta name=\"robots\" content=\"index, follow, max-snippet:-1, max-image-preview:large, max-video-preview:-1\" \/>\n<link rel=\"canonical\" href=\"https:\/\/www.deliciousandsons.com\/es\/tienda-gourmet\/pack-regalo-trufa-negra\/\" \/>\n<meta property=\"og:locale\" content=\"es_ES\" \/>\n<meta property=\"og:type\" content=\"article\" \/>\n<meta property=\"og:title\" content=\"Pack Regalo Trufa Negra - Delicious &amp; Sons\" \/>\n<meta property=\"og:description\" content=\"Este pack regalo de trufa negra contiene un d\u00fao a base de Trufa Negra: la Salsa con Trufa y Setas y el Aceite de Oliva. Muy vers\u00e1tiles adem\u00e1s de estar muy ricos y sabrosos.\" \/>\n<meta property=\"og:url\" content=\"https:\/\/www.deliciousandsons.com\/es\/tienda-gourmet\/pack-regalo-trufa-negra\/\" \/>\n<meta property=\"og:site_name\" content=\"Delicious &amp; Sons\" \/>\n<meta property=\"article:publisher\" content=\"https:\/\/www.facebook.com\/DeliciousandSons\/\" \/>\n<meta property=\"article:modified_time\" content=\"2020-11-27T13:28:12+00:00\" \/>\n<meta property=\"og:image\" content=\"https:\/\/www.deliciousandsons.com\/wp-content\/uploads\/2020\/11\/0011_gris_pack_trufa_esp.jpg\" \/>\n\t<meta property=\"og:image:width\" content=\"1200\" \/>\n\t<meta property=\"og:image:height\" content=\"750\" \/>\n\t<meta property=\"og:image:type\" content=\"image\/jpeg\" \/>\n<meta name=\"twitter:card\" content=\"summary_large_image\" \/>\n<meta name=\"twitter:site\" content=\"@Delicious_Sons\" \/>\n<meta name=\"twitter:label1\" content=\"Tiempo de lectura\" \/>\n\t<meta name=\"twitter:data1\" content=\"1 minuto\" \/>\n<script type=\"application\/ld+json\" class=\"yoast-schema-graph\">{\"@context\":\"https:\/\/schema.org\",\"@graph\":[{\"@type\":\"WebPage\",\"@id\":\"https:\/\/www.deliciousandsons.com\/es\/tienda-gourmet\/pack-regalo-trufa-negra\/\",\"url\":\"https:\/\/www.deliciousandsons.com\/es\/tienda-gourmet\/pack-regalo-trufa-negra\/\",\"name\":\"Pack Regalo Trufa Negra - Delicious &amp; Sons\",\"isPartOf\":{\"@id\":\"https:\/\/www.deliciousandsons.com\/#website\"},\"primaryImageOfPage\":{\"@id\":\"https:\/\/www.deliciousandsons.com\/es\/tienda-gourmet\/pack-regalo-trufa-negra\/#primaryimage\"},\"image\":{\"@id\":\"https:\/\/www.deliciousandsons.com\/es\/tienda-gourmet\/pack-regalo-trufa-negra\/#primaryimage\"},\"thumbnailUrl\":\"https:\/\/www.deliciousandsons.com\/wp-content\/uploads\/2020\/11\/0011_gris_pack_trufa_esp.jpg\",\"datePublished\":\"2020-11-27T11:24:58+00:00\",\"dateModified\":\"2020-11-27T13:28:12+00:00\",\"description\":\"Este pack regalo de trufa negra contiene un d\u00fao a base de Trufa Negra: la Salsa con Trufa y Setas y el Aceite de Oliva. Muy vers\u00e1tiles adem\u00e1s de estar muy ricos y sabrosos.\",\"breadcrumb\":{\"@id\":\"https:\/\/www.deliciousandsons.com\/es\/tienda-gourmet\/pack-regalo-trufa-negra\/#breadcrumb\"},\"inLanguage\":\"es\",\"potentialAction\":[{\"@type\":\"ReadAction\",\"target\":[\"https:\/\/www.deliciousandsons.com\/es\/tienda-gourmet\/pack-regalo-trufa-negra\/\"]}]},{\"@type\":\"ImageObject\",\"inLanguage\":\"es\",\"@id\":\"https:\/\/www.deliciousandsons.com\/es\/tienda-gourmet\/pack-regalo-trufa-negra\/#primaryimage\",\"url\":\"https:\/\/www.deliciousandsons.com\/wp-content\/uploads\/2020\/11\/0011_gris_pack_trufa_esp.jpg\",\"contentUrl\":\"https:\/\/www.deliciousandsons.com\/wp-content\/uploads\/2020\/11\/0011_gris_pack_trufa_esp.jpg\",\"width\":1200,\"height\":750,\"caption\":\"pack-regalo-trufa-negra\"},{\"@type\":\"BreadcrumbList\",\"@id\":\"https:\/\/www.deliciousandsons.com\/es\/tienda-gourmet\/pack-regalo-trufa-negra\/#breadcrumb\",\"itemListElement\":[{\"@type\":\"ListItem\",\"position\":1,\"name\":\"Home\",\"item\":\"https:\/\/www.deliciousandsons.com\/es\/\"},{\"@type\":\"ListItem\",\"position\":2,\"name\":\"Comprar\",\"item\":\"https:\/\/www.deliciousandsons.com\/es\/tienda\/\"},{\"@type\":\"ListItem\",\"position\":3,\"name\":\"Pack Regalo Trufa Negra\"}]},{\"@type\":\"WebSite\",\"@id\":\"https:\/\/www.deliciousandsons.com\/#website\",\"url\":\"https:\/\/www.deliciousandsons.com\/\",\"name\":\"Delicious &amp; Sons\",\"description\":\"\",\"potentialAction\":[{\"@type\":\"SearchAction\",\"target\":{\"@type\":\"EntryPoint\",\"urlTemplate\":\"https:\/\/www.deliciousandsons.com\/?s={search_term_string}\"},\"query-input\":\"required name=search_term_string\"}],\"inLanguage\":\"es\"}]}<\/script>\n<!-- \/ Yoast SEO plugin. -->","yoast_head_json":{"title":"Pack Regalo Trufa Negra - Delicious &amp; Sons","description":"Este pack regalo de trufa negra contiene un d\u00fao a base de Trufa Negra: la Salsa con Trufa y Setas y el Aceite de Oliva. Muy vers\u00e1tiles adem\u00e1s de estar muy ricos y sabrosos.","robots":{"index":"index","follow":"follow","max-snippet":"max-snippet:-1","max-image-preview":"max-image-preview:large","max-video-preview":"max-video-preview:-1"},"canonical":"https:\/\/www.deliciousandsons.com\/es\/tienda-gourmet\/pack-regalo-trufa-negra\/","og_locale":"es_ES","og_type":"article","og_title":"Pack Regalo Trufa Negra - Delicious &amp; Sons","og_description":"Este pack regalo de trufa negra contiene un d\u00fao a base de Trufa Negra: la Salsa con Trufa y Setas y el Aceite de Oliva. Muy vers\u00e1tiles adem\u00e1s de estar muy ricos y sabrosos.","og_url":"https:\/\/www.deliciousandsons.com\/es\/tienda-gourmet\/pack-regalo-trufa-negra\/","og_site_name":"Delicious &amp; Sons","article_publisher":"https:\/\/www.facebook.com\/DeliciousandSons\/","article_modified_time":"2020-11-27T13:28:12+00:00","og_image":[{"width":1200,"height":750,"url":"https:\/\/www.deliciousandsons.com\/wp-content\/uploads\/2020\/11\/0011_gris_pack_trufa_esp.jpg","type":"image\/jpeg"}],"twitter_card":"summary_large_image","twitter_site":"@Delicious_Sons","twitter_misc":{"Tiempo de lectura":"1 minuto"},"schema":{"@context":"https:\/\/schema.org","@graph":[{"@type":"WebPage","@id":"https:\/\/www.deliciousandsons.com\/es\/tienda-gourmet\/pack-regalo-trufa-negra\/","url":"https:\/\/www.deliciousandsons.com\/es\/tienda-gourmet\/pack-regalo-trufa-negra\/","name":"Pack Regalo Trufa Negra - Delicious &amp; Sons","isPartOf":{"@id":"https:\/\/www.deliciousandsons.com\/#website"},"primaryImageOfPage":{"@id":"https:\/\/www.deliciousandsons.com\/es\/tienda-gourmet\/pack-regalo-trufa-negra\/#primaryimage"},"image":{"@id":"https:\/\/www.deliciousandsons.com\/es\/tienda-gourmet\/pack-regalo-trufa-negra\/#primaryimage"},"thumbnailUrl":"https:\/\/www.deliciousandsons.com\/wp-content\/uploads\/2020\/11\/0011_gris_pack_trufa_esp.jpg","datePublished":"2020-11-27T11:24:58+00:00","dateModified":"2020-11-27T13:28:12+00:00","description":"Este pack regalo de trufa negra contiene un d\u00fao a base de Trufa Negra: la Salsa con Trufa y Setas y el Aceite de Oliva. Muy vers\u00e1tiles adem\u00e1s de estar muy ricos y sabrosos.","breadcrumb":{"@id":"https:\/\/www.deliciousandsons.com\/es\/tienda-gourmet\/pack-regalo-trufa-negra\/#breadcrumb"},"inLanguage":"es","potentialAction":[{"@type":"ReadAction","target":["https:\/\/www.deliciousandsons.com\/es\/tienda-gourmet\/pack-regalo-trufa-negra\/"]}]},{"@type":"ImageObject","inLanguage":"es","@id":"https:\/\/www.deliciousandsons.com\/es\/tienda-gourmet\/pack-regalo-trufa-negra\/#primaryimage","url":"https:\/\/www.deliciousandsons.com\/wp-content\/uploads\/2020\/11\/0011_gris_pack_trufa_esp.jpg","contentUrl":"https:\/\/www.deliciousandsons.com\/wp-content\/uploads\/2020\/11\/0011_gris_pack_trufa_esp.jpg","width":1200,"height":750,"caption":"pack-regalo-trufa-negra"},{"@type":"BreadcrumbList","@id":"https:\/\/www.deliciousandsons.com\/es\/tienda-gourmet\/pack-regalo-trufa-negra\/#breadcrumb","itemListElement":[{"@type":"ListItem","position":1,"name":"Home","item":"https:\/\/www.deliciousandsons.com\/es\/"},{"@type":"ListItem","position":2,"name":"Comprar","item":"https:\/\/www.deliciousandsons.com\/es\/tienda\/"},{"@type":"ListItem","position":3,"name":"Pack Regalo Trufa Negra"}]},{"@type":"WebSite","@id":"https:\/\/www.deliciousandsons.com\/#website","url":"https:\/\/www.deliciousandsons.com\/","name":"Delicious &amp; Sons","description":"","potentialAction":[{"@type":"SearchAction","target":{"@type":"EntryPoint","urlTemplate":"https:\/\/www.deliciousandsons.com\/?s={search_term_string}"},"query-input":"required name=search_term_string"}],"inLanguage":"es"}]}},"_links":{"self":[{"href":"https:\/\/www.deliciousandsons.com\/es\/wp-json\/wp\/v2\/product\/10210"}],"collection":[{"href":"https:\/\/www.deliciousandsons.com\/es\/wp-json\/wp\/v2\/product"}],"about":[{"href":"https:\/\/www.deliciousandsons.com\/es\/wp-json\/wp\/v2\/types\/product"}],"wp:featuredmedia":[{"embeddable":true,"href":"https:\/\/www.deliciousandsons.com\/es\/wp-json\/wp\/v2\/media\/10185"}],"wp:attachment":[{"href":"https:\/\/www.deliciousandsons.com\/es\/wp-json\/wp\/v2\/media?parent=10210"}],"wp:term":[{"taxonomy":"product_cat","embeddable":true,"href":"https:\/\/www.deliciousandsons.com\/es\/wp-json\/wp\/v2\/product_cat?post=10210"},{"taxonomy":"product_tag","embeddable":true,"href":"https:\/\/www.deliciousandsons.com\/es\/wp-json\/wp\/v2\/product_tag?post=10210"},{"taxonomy":"legume_pasta","embeddable":true,"href":"https:\/\/www.deliciousandsons.com\/es\/wp-json\/wp\/v2\/legume_pasta?post=10210"},{"taxonomy":"dip_spreads","embeddable":true,"href":"https:\/\/www.deliciousandsons.com\/es\/wp-json\/wp\/v2\/dip_spreads?post=10210"},{"taxonomy":"aiolis","embeddable":true,"href":"https:\/\/www.deliciousandsons.com\/es\/wp-json\/wp\/v2\/aiolis?post=10210"},{"taxonomy":"samplers","embeddable":true,"href":"https:\/\/www.deliciousandsons.com\/es\/wp-json\/wp\/v2\/samplers?post=10210"},{"taxonomy":"tapenades","embeddable":true,"href":"https:\/\/www.deliciousandsons.com\/es\/wp-json\/wp\/v2\/tapenades?post=10210"},{"taxonomy":"italian_truffle","embeddable":true,"href":"https:\/\/www.deliciousandsons.com\/es\/wp-json\/wp\/v2\/italian_truffle?post=10210"},{"taxonomy":"Sauces","embeddable":true,"href":"https:\/\/www.deliciousandsons.com\/es\/wp-json\/wp\/v2\/Sauces?post=10210"},{"taxonomy":"diets","embeddable":true,"href":"https:\/\/www.deliciousandsons.com\/es\/wp-json\/wp\/v2\/diets?post=10210"},{"taxonomy":"stars","embeddable":true,"href":"https:\/\/www.deliciousandsons.com\/es\/wp-json\/wp\/v2\/stars?post=10210"}],"curies":[{"name":"wp","href":"https:\/\/api.w.org\/{rel}","templated":true}]}}