{"id":1638,"date":"2016-12-20T12:50:29","date_gmt":"2016-12-27T20:33:51","guid":{"rendered":"http:\/\/www.deliciousandsons.com\/?post_type=product&#038;p=1638\/"},"modified":"2022-08-26T09:20:33","modified_gmt":"2022-08-26T09:20:33","slug":"pack-salsas-italianas","status":"publish","type":"product","link":"https:\/\/www.deliciousandsons.com\/es\/tienda-gourmet\/pack-salsas-italianas\/","title":{"rendered":"Pack Salsas Italianas para Pasta 2"},"content":{"rendered":"<p>Descubre la pasta con una nueva luz usando nuestra colecci\u00f3n de salsas para pasta totalmente naturales y ecol\u00f3gicas. Producidas con tomates rojos madurados al sol, lo que las hace unas salsas Italianas muy aut\u00e9nticas, sabrosas, de intenso aroma y color. Nuestra Salsa Pesto de Albahaca est\u00e1 producida con Parmesano Regiano y Albahaca DOP, y sigue la receta al m\u00e1s puro estilo tradicional.<\/p>\n<p>El Pesto Rosso de Tomates Secos es sabroso e intenso por lo que se pueden tomar adem\u00e1s de con pasta, con verduras, ensaladas, prote\u00ednas vegetales como tofu o seit\u00e1n, carnes y pescados.<\/p>\n<p>Este Pack contiene: 1 Salsa Puttanesca, 1 Salsa de Tomate con Setas Porcini, 1 Salsa Pesto Rosso, 1 Salsa Pesto Genovese.<\/p>\n","protected":false},"excerpt":{"rendered":"<p>Descubre la pasta con una nueva luz usando nuestra colecci\u00f3n de salsas para pasta totalmente naturales y ecol\u00f3gicas. Producidas con tomates rojos madurados al sol, lo que las hace unas salsas Italianas muy aut\u00e9nticas, sabrosas, de intenso aroma y color. Nuestra Salsa Pesto de Albahaca&#8230;<\/p>\n","protected":false},"featured_media":11916,"template":"","meta":{"_acf_changed":false,"om_disable_all_campaigns":false,"inline_featured_image":false,"_monsterinsights_skip_tracking":false,"_monsterinsights_sitenote_active":false,"_monsterinsights_sitenote_note":"","_monsterinsights_sitenote_category":0,"_uf_show_specific_survey":0,"_uf_disable_surveys":false},"product_cat":[458,457,456,543,337,447,446,378,382,383,449,31,25,30],"product_tag":[1299,1300,1302,1303,1305,1307,239,115],"legume_pasta":[],"dip_spreads":[],"aiolis":[],"samplers":[1204],"tapenades":[],"italian_truffle":[],"Sauces":[],"diets":[1113,1112,1111,1110,1109,1108,1107,1106,1105,1104,1103,1102],"stars":[],"supplier_id":null,"supplier_sku":"","barcode":null,"atum_controlled":false,"out_stock_date":null,"out_stock_threshold":null,"inheritable":false,"inbound_stock":0,"stock_on_hold":0,"sold_today":0,"sales_last_days":0,"reserved_stock":0,"customer_returns":0,"warehouse_damage":0,"lost_in_post":0,"other_logs":0,"out_stock_days":0,"lost_sales":0,"has_location":false,"update_date":"2026-05-13T11:13:24","atum_locations":[],"atum_stock_status":"instock","restock_status":false,"low_stock_amount":"","sales_update_date":"2026-05-13T11:13:24","calc_backorders":null,"mi_inventories":[19,59],"multi_inventory":"global","inventory_sorting_mode":"global","inventory_iteration":"global","expirable_inventories":"no","price_per_inventory":"no","show_write_off_inventories":"no","selectable_inventories":"no","selectable_inventories_mode":"global","acf":[],"aioseo_notices":[],"yoast_head":"<!-- This site is optimized with the Yoast SEO plugin v22.6 - https:\/\/yoast.com\/wordpress\/plugins\/seo\/ -->\n<title>Pack Salsas Italianas para Pasta 2 - Delicious &amp; Sons<\/title>\n<meta name=\"description\" content=\"Descubre la pasta des de una nueva perspectiva con este delicioso pack de salsas italianas con tomates madurados al sol hasta arom\u00e1tico pesto.\" \/>\n<meta name=\"robots\" content=\"index, follow, max-snippet:-1, max-image-preview:large, max-video-preview:-1\" \/>\n<link rel=\"canonical\" href=\"https:\/\/www.deliciousandsons.com\/es\/tienda-gourmet\/pack-salsas-italianas\/\" \/>\n<meta property=\"og:locale\" content=\"es_ES\" \/>\n<meta property=\"og:type\" content=\"article\" \/>\n<meta property=\"og:title\" content=\"Pack Salsas Italianas para Pasta 2 - Delicious &amp; Sons\" \/>\n<meta property=\"og:description\" content=\"Descubre la pasta des de una nueva perspectiva con este delicioso pack de salsas italianas con tomates madurados al sol hasta arom\u00e1tico pesto.\" \/>\n<meta property=\"og:url\" content=\"https:\/\/www.deliciousandsons.com\/es\/tienda-gourmet\/pack-salsas-italianas\/\" \/>\n<meta property=\"og:site_name\" content=\"Delicious &amp; Sons\" \/>\n<meta property=\"article:publisher\" content=\"https:\/\/www.facebook.com\/DeliciousandSons\/\" \/>\n<meta property=\"article:modified_time\" content=\"2022-08-26T09:20:33+00:00\" \/>\n<meta property=\"og:image\" content=\"https:\/\/www.deliciousandsons.com\/wp-content\/uploads\/2016\/12\/pack-salsas-italianas.png\" \/>\n\t<meta property=\"og:image:width\" content=\"1200\" \/>\n\t<meta property=\"og:image:height\" content=\"750\" \/>\n\t<meta property=\"og:image:type\" content=\"image\/png\" \/>\n<meta name=\"twitter:card\" content=\"summary_large_image\" \/>\n<meta name=\"twitter:site\" content=\"@Delicious_Sons\" \/>\n<meta name=\"twitter:label1\" content=\"Tiempo de lectura\" \/>\n\t<meta name=\"twitter:data1\" content=\"1 minuto\" \/>\n<script type=\"application\/ld+json\" class=\"yoast-schema-graph\">{\"@context\":\"https:\/\/schema.org\",\"@graph\":[{\"@type\":\"WebPage\",\"@id\":\"https:\/\/www.deliciousandsons.com\/es\/tienda-gourmet\/pack-salsas-italianas\/\",\"url\":\"https:\/\/www.deliciousandsons.com\/es\/tienda-gourmet\/pack-salsas-italianas\/\",\"name\":\"Pack Salsas Italianas para Pasta 2 - Delicious &amp; Sons\",\"isPartOf\":{\"@id\":\"https:\/\/www.deliciousandsons.com\/#website\"},\"primaryImageOfPage\":{\"@id\":\"https:\/\/www.deliciousandsons.com\/es\/tienda-gourmet\/pack-salsas-italianas\/#primaryimage\"},\"image\":{\"@id\":\"https:\/\/www.deliciousandsons.com\/es\/tienda-gourmet\/pack-salsas-italianas\/#primaryimage\"},\"thumbnailUrl\":\"https:\/\/www.deliciousandsons.com\/wp-content\/uploads\/2016\/12\/pack-salsas-italianas.png\",\"datePublished\":\"2016-12-27T20:33:51+00:00\",\"dateModified\":\"2022-08-26T09:20:33+00:00\",\"description\":\"Descubre la pasta des de una nueva perspectiva con este delicioso pack de salsas italianas con tomates madurados al sol hasta arom\u00e1tico pesto.\",\"breadcrumb\":{\"@id\":\"https:\/\/www.deliciousandsons.com\/es\/tienda-gourmet\/pack-salsas-italianas\/#breadcrumb\"},\"inLanguage\":\"es\",\"potentialAction\":[{\"@type\":\"ReadAction\",\"target\":[\"https:\/\/www.deliciousandsons.com\/es\/tienda-gourmet\/pack-salsas-italianas\/\"]}]},{\"@type\":\"ImageObject\",\"inLanguage\":\"es\",\"@id\":\"https:\/\/www.deliciousandsons.com\/es\/tienda-gourmet\/pack-salsas-italianas\/#primaryimage\",\"url\":\"https:\/\/www.deliciousandsons.com\/wp-content\/uploads\/2016\/12\/pack-salsas-italianas.png\",\"contentUrl\":\"https:\/\/www.deliciousandsons.com\/wp-content\/uploads\/2016\/12\/pack-salsas-italianas.png\",\"width\":1200,\"height\":750},{\"@type\":\"BreadcrumbList\",\"@id\":\"https:\/\/www.deliciousandsons.com\/es\/tienda-gourmet\/pack-salsas-italianas\/#breadcrumb\",\"itemListElement\":[{\"@type\":\"ListItem\",\"position\":1,\"name\":\"Home\",\"item\":\"https:\/\/www.deliciousandsons.com\/es\/\"},{\"@type\":\"ListItem\",\"position\":2,\"name\":\"Comprar\",\"item\":\"https:\/\/www.deliciousandsons.com\/es\/tienda\/\"},{\"@type\":\"ListItem\",\"position\":3,\"name\":\"Pack Salsas Italianas para Pasta 2\"}]},{\"@type\":\"WebSite\",\"@id\":\"https:\/\/www.deliciousandsons.com\/#website\",\"url\":\"https:\/\/www.deliciousandsons.com\/\",\"name\":\"Delicious &amp; Sons\",\"description\":\"\",\"potentialAction\":[{\"@type\":\"SearchAction\",\"target\":{\"@type\":\"EntryPoint\",\"urlTemplate\":\"https:\/\/www.deliciousandsons.com\/?s={search_term_string}\"},\"query-input\":\"required name=search_term_string\"}],\"inLanguage\":\"es\"}]}<\/script>\n<!-- \/ Yoast SEO plugin. -->","yoast_head_json":{"title":"Pack Salsas Italianas para Pasta 2 - Delicious &amp; Sons","description":"Descubre la pasta des de una nueva perspectiva con este delicioso pack de salsas italianas con tomates madurados al sol hasta arom\u00e1tico pesto.","robots":{"index":"index","follow":"follow","max-snippet":"max-snippet:-1","max-image-preview":"max-image-preview:large","max-video-preview":"max-video-preview:-1"},"canonical":"https:\/\/www.deliciousandsons.com\/es\/tienda-gourmet\/pack-salsas-italianas\/","og_locale":"es_ES","og_type":"article","og_title":"Pack Salsas Italianas para Pasta 2 - Delicious &amp; Sons","og_description":"Descubre la pasta des de una nueva perspectiva con este delicioso pack de salsas italianas con tomates madurados al sol hasta arom\u00e1tico pesto.","og_url":"https:\/\/www.deliciousandsons.com\/es\/tienda-gourmet\/pack-salsas-italianas\/","og_site_name":"Delicious &amp; Sons","article_publisher":"https:\/\/www.facebook.com\/DeliciousandSons\/","article_modified_time":"2022-08-26T09:20:33+00:00","og_image":[{"width":1200,"height":750,"url":"https:\/\/www.deliciousandsons.com\/wp-content\/uploads\/2016\/12\/pack-salsas-italianas.png","type":"image\/png"}],"twitter_card":"summary_large_image","twitter_site":"@Delicious_Sons","twitter_misc":{"Tiempo de lectura":"1 minuto"},"schema":{"@context":"https:\/\/schema.org","@graph":[{"@type":"WebPage","@id":"https:\/\/www.deliciousandsons.com\/es\/tienda-gourmet\/pack-salsas-italianas\/","url":"https:\/\/www.deliciousandsons.com\/es\/tienda-gourmet\/pack-salsas-italianas\/","name":"Pack Salsas Italianas para Pasta 2 - Delicious &amp; Sons","isPartOf":{"@id":"https:\/\/www.deliciousandsons.com\/#website"},"primaryImageOfPage":{"@id":"https:\/\/www.deliciousandsons.com\/es\/tienda-gourmet\/pack-salsas-italianas\/#primaryimage"},"image":{"@id":"https:\/\/www.deliciousandsons.com\/es\/tienda-gourmet\/pack-salsas-italianas\/#primaryimage"},"thumbnailUrl":"https:\/\/www.deliciousandsons.com\/wp-content\/uploads\/2016\/12\/pack-salsas-italianas.png","datePublished":"2016-12-27T20:33:51+00:00","dateModified":"2022-08-26T09:20:33+00:00","description":"Descubre la pasta des de una nueva perspectiva con este delicioso pack de salsas italianas con tomates madurados al sol hasta arom\u00e1tico pesto.","breadcrumb":{"@id":"https:\/\/www.deliciousandsons.com\/es\/tienda-gourmet\/pack-salsas-italianas\/#breadcrumb"},"inLanguage":"es","potentialAction":[{"@type":"ReadAction","target":["https:\/\/www.deliciousandsons.com\/es\/tienda-gourmet\/pack-salsas-italianas\/"]}]},{"@type":"ImageObject","inLanguage":"es","@id":"https:\/\/www.deliciousandsons.com\/es\/tienda-gourmet\/pack-salsas-italianas\/#primaryimage","url":"https:\/\/www.deliciousandsons.com\/wp-content\/uploads\/2016\/12\/pack-salsas-italianas.png","contentUrl":"https:\/\/www.deliciousandsons.com\/wp-content\/uploads\/2016\/12\/pack-salsas-italianas.png","width":1200,"height":750},{"@type":"BreadcrumbList","@id":"https:\/\/www.deliciousandsons.com\/es\/tienda-gourmet\/pack-salsas-italianas\/#breadcrumb","itemListElement":[{"@type":"ListItem","position":1,"name":"Home","item":"https:\/\/www.deliciousandsons.com\/es\/"},{"@type":"ListItem","position":2,"name":"Comprar","item":"https:\/\/www.deliciousandsons.com\/es\/tienda\/"},{"@type":"ListItem","position":3,"name":"Pack Salsas Italianas para Pasta 2"}]},{"@type":"WebSite","@id":"https:\/\/www.deliciousandsons.com\/#website","url":"https:\/\/www.deliciousandsons.com\/","name":"Delicious &amp; Sons","description":"","potentialAction":[{"@type":"SearchAction","target":{"@type":"EntryPoint","urlTemplate":"https:\/\/www.deliciousandsons.com\/?s={search_term_string}"},"query-input":"required name=search_term_string"}],"inLanguage":"es"}]}},"_links":{"self":[{"href":"https:\/\/www.deliciousandsons.com\/es\/wp-json\/wp\/v2\/product\/1638"}],"collection":[{"href":"https:\/\/www.deliciousandsons.com\/es\/wp-json\/wp\/v2\/product"}],"about":[{"href":"https:\/\/www.deliciousandsons.com\/es\/wp-json\/wp\/v2\/types\/product"}],"wp:featuredmedia":[{"embeddable":true,"href":"https:\/\/www.deliciousandsons.com\/es\/wp-json\/wp\/v2\/media\/11916"}],"wp:attachment":[{"href":"https:\/\/www.deliciousandsons.com\/es\/wp-json\/wp\/v2\/media?parent=1638"}],"wp:term":[{"taxonomy":"product_cat","embeddable":true,"href":"https:\/\/www.deliciousandsons.com\/es\/wp-json\/wp\/v2\/product_cat?post=1638"},{"taxonomy":"product_tag","embeddable":true,"href":"https:\/\/www.deliciousandsons.com\/es\/wp-json\/wp\/v2\/product_tag?post=1638"},{"taxonomy":"legume_pasta","embeddable":true,"href":"https:\/\/www.deliciousandsons.com\/es\/wp-json\/wp\/v2\/legume_pasta?post=1638"},{"taxonomy":"dip_spreads","embeddable":true,"href":"https:\/\/www.deliciousandsons.com\/es\/wp-json\/wp\/v2\/dip_spreads?post=1638"},{"taxonomy":"aiolis","embeddable":true,"href":"https:\/\/www.deliciousandsons.com\/es\/wp-json\/wp\/v2\/aiolis?post=1638"},{"taxonomy":"samplers","embeddable":true,"href":"https:\/\/www.deliciousandsons.com\/es\/wp-json\/wp\/v2\/samplers?post=1638"},{"taxonomy":"tapenades","embeddable":true,"href":"https:\/\/www.deliciousandsons.com\/es\/wp-json\/wp\/v2\/tapenades?post=1638"},{"taxonomy":"italian_truffle","embeddable":true,"href":"https:\/\/www.deliciousandsons.com\/es\/wp-json\/wp\/v2\/italian_truffle?post=1638"},{"taxonomy":"Sauces","embeddable":true,"href":"https:\/\/www.deliciousandsons.com\/es\/wp-json\/wp\/v2\/Sauces?post=1638"},{"taxonomy":"diets","embeddable":true,"href":"https:\/\/www.deliciousandsons.com\/es\/wp-json\/wp\/v2\/diets?post=1638"},{"taxonomy":"stars","embeddable":true,"href":"https:\/\/www.deliciousandsons.com\/es\/wp-json\/wp\/v2\/stars?post=1638"}],"curies":[{"name":"wp","href":"https:\/\/api.w.org\/{rel}","templated":true}]}}