{"id":472,"date":"2016-06-20T15:26:12","date_gmt":"2016-06-20T15:26:12","guid":{"rendered":"http:\/\/www.deliciousandsons.com\/es\/product\/basil-pesto\/"},"modified":"2025-04-21T05:11:03","modified_gmt":"2025-04-21T05:11:03","slug":"pesto-con-albahaca-ecologico","status":"publish","type":"product","link":"https:\/\/www.deliciousandsons.com\/es\/tienda-gourmet\/pesto-con-albahaca-ecologico\/","title":{"rendered":"Salsa Pesto Genovese Ecol\u00f3gica"},"content":{"rendered":"<p>Aut\u00e9ntica salsa Pesto Genovese de sabrosa albahaca italiana, pi\u00f1ones italianos, y queso Parmigiano Reggiano DOP. <\/p>\n<p>El Pesto cl\u00e1sico m\u00e1s aut\u00e9ntico que encaja con cualquier tipo de plato. Es la salsa pesto por excelencia que te llevamos desde Italia hasta casa. Ideal con todo tipo de pasta, verduras, para dipear, en ensaladas, bocadillos, pizzas y arroces o con patatas al horno\u2026 es acierto seguro.<\/p>\n<p>Certificaciones: Ecol\u00f3gico, Sin Transg\u00e9nicos, Sin Gluten y Sin Huevo, Sin Az\u00facares A\u00f1adidos y Keto Friendly.<\/p>\n","protected":false},"excerpt":{"rendered":"<p>Aut\u00e9ntica salsa Pesto Genovese de sabrosa albahaca italiana, pi\u00f1ones italianos, y queso Parmigiano Reggiano DOP. El Pesto cl\u00e1sico m\u00e1s aut\u00e9ntico que encaja con cualquier tipo de plato. Es la salsa pesto por excelencia que te llevamos desde Italia hasta casa. Ideal con todo tipo de&#8230;<\/p>\n","protected":false},"featured_media":5167,"template":"","meta":{"_acf_changed":false,"om_disable_all_campaigns":false,"inline_featured_image":false,"_monsterinsights_skip_tracking":false,"_monsterinsights_sitenote_active":false,"_monsterinsights_sitenote_note":"","_monsterinsights_sitenote_category":0,"_uf_show_specific_survey":0,"_uf_disable_surveys":false},"product_cat":[459,458,457,456,543,337,382,383,449,25,30],"product_tag":[1298,1299,1300,1302,1303,1304,1305,1306,1307,1308,1309,1311],"legume_pasta":[],"dip_spreads":[],"aiolis":[],"samplers":[],"tapenades":[],"italian_truffle":[],"Sauces":[1129],"diets":[1113,1112,1111,1110,1109,1108,1105,1104,1102],"stars":[],"supplier_id":null,"supplier_sku":"","barcode":null,"atum_controlled":false,"out_stock_date":null,"out_stock_threshold":null,"inheritable":false,"inbound_stock":null,"stock_on_hold":2,"sold_today":0,"sales_last_days":0,"reserved_stock":null,"customer_returns":null,"warehouse_damage":null,"lost_in_post":null,"other_logs":null,"out_stock_days":0,"lost_sales":0,"has_location":false,"update_date":"2026-04-08T10:50:54","atum_locations":[],"atum_stock_status":"outofstock","restock_status":false,"low_stock_amount":"","sales_update_date":"2026-04-08T10:50:54","calc_backorders":null,"mi_inventories":[43,1,80],"multi_inventory":"global","inventory_sorting_mode":"global","inventory_iteration":"global","expirable_inventories":"no","price_per_inventory":"no","show_write_off_inventories":"no","selectable_inventories":"no","selectable_inventories_mode":"global","acf":[],"aioseo_notices":[],"yoast_head":"<!-- This site is optimized with the Yoast SEO plugin v22.6 - https:\/\/yoast.com\/wordpress\/plugins\/seo\/ -->\n<title>Pesto Genovese Ecol\u00f3gico- Delicious &amp; Sons<\/title>\n<meta name=\"description\" content=\"Este Pesto verde es una delicia. La hacemos de la forma m\u00e1s aut\u00e9ntica, con albahaca italiana, queso Parmesano y pi\u00f1ones Italianos.\" \/>\n<meta name=\"robots\" content=\"index, follow, max-snippet:-1, max-image-preview:large, max-video-preview:-1\" \/>\n<link rel=\"canonical\" href=\"https:\/\/www.deliciousandsons.com\/es\/tienda-gourmet\/pesto-con-albahaca-ecologico\/\" \/>\n<meta property=\"og:locale\" content=\"es_ES\" \/>\n<meta property=\"og:type\" content=\"article\" \/>\n<meta property=\"og:title\" content=\"Pesto Genovese Ecol\u00f3gico- Delicious &amp; Sons\" \/>\n<meta property=\"og:description\" content=\"Este Pesto verde es una delicia. La hacemos de la forma m\u00e1s aut\u00e9ntica, con albahaca italiana, queso Parmesano y pi\u00f1ones Italianos.\" \/>\n<meta property=\"og:url\" content=\"https:\/\/www.deliciousandsons.com\/es\/tienda-gourmet\/pesto-con-albahaca-ecologico\/\" \/>\n<meta property=\"og:site_name\" content=\"Delicious &amp; Sons\" \/>\n<meta property=\"article:publisher\" content=\"https:\/\/www.facebook.com\/DeliciousandSons\/\" \/>\n<meta property=\"article:modified_time\" content=\"2025-04-21T05:11:03+00:00\" \/>\n<meta property=\"og:image\" content=\"https:\/\/www.deliciousandsons.com\/wp-content\/uploads\/2016\/06\/Salsa_pesto_genovese_esp_fondo_gris.jpg\" \/>\n\t<meta property=\"og:image:width\" content=\"1200\" \/>\n\t<meta property=\"og:image:height\" content=\"750\" \/>\n\t<meta property=\"og:image:type\" content=\"image\/jpeg\" \/>\n<meta name=\"twitter:card\" content=\"summary_large_image\" \/>\n<meta name=\"twitter:site\" content=\"@Delicious_Sons\" \/>\n<meta name=\"twitter:label1\" content=\"Tiempo de lectura\" \/>\n\t<meta name=\"twitter:data1\" content=\"1 minuto\" \/>\n<script type=\"application\/ld+json\" class=\"yoast-schema-graph\">{\"@context\":\"https:\/\/schema.org\",\"@graph\":[{\"@type\":\"WebPage\",\"@id\":\"https:\/\/www.deliciousandsons.com\/es\/tienda-gourmet\/pesto-con-albahaca-ecologico\/\",\"url\":\"https:\/\/www.deliciousandsons.com\/es\/tienda-gourmet\/pesto-con-albahaca-ecologico\/\",\"name\":\"Pesto Genovese Ecol\u00f3gico- Delicious &amp; Sons\",\"isPartOf\":{\"@id\":\"https:\/\/www.deliciousandsons.com\/#website\"},\"primaryImageOfPage\":{\"@id\":\"https:\/\/www.deliciousandsons.com\/es\/tienda-gourmet\/pesto-con-albahaca-ecologico\/#primaryimage\"},\"image\":{\"@id\":\"https:\/\/www.deliciousandsons.com\/es\/tienda-gourmet\/pesto-con-albahaca-ecologico\/#primaryimage\"},\"thumbnailUrl\":\"https:\/\/www.deliciousandsons.com\/wp-content\/uploads\/2016\/06\/Salsa_pesto_genovese_esp_fondo_gris.jpg\",\"datePublished\":\"2016-06-20T15:26:12+00:00\",\"dateModified\":\"2025-04-21T05:11:03+00:00\",\"description\":\"Este Pesto verde es una delicia. La hacemos de la forma m\u00e1s aut\u00e9ntica, con albahaca italiana, queso Parmesano y pi\u00f1ones Italianos.\",\"breadcrumb\":{\"@id\":\"https:\/\/www.deliciousandsons.com\/es\/tienda-gourmet\/pesto-con-albahaca-ecologico\/#breadcrumb\"},\"inLanguage\":\"es\",\"potentialAction\":[{\"@type\":\"ReadAction\",\"target\":[\"https:\/\/www.deliciousandsons.com\/es\/tienda-gourmet\/pesto-con-albahaca-ecologico\/\"]}]},{\"@type\":\"ImageObject\",\"inLanguage\":\"es\",\"@id\":\"https:\/\/www.deliciousandsons.com\/es\/tienda-gourmet\/pesto-con-albahaca-ecologico\/#primaryimage\",\"url\":\"https:\/\/www.deliciousandsons.com\/wp-content\/uploads\/2016\/06\/Salsa_pesto_genovese_esp_fondo_gris.jpg\",\"contentUrl\":\"https:\/\/www.deliciousandsons.com\/wp-content\/uploads\/2016\/06\/Salsa_pesto_genovese_esp_fondo_gris.jpg\",\"width\":1200,\"height\":750},{\"@type\":\"BreadcrumbList\",\"@id\":\"https:\/\/www.deliciousandsons.com\/es\/tienda-gourmet\/pesto-con-albahaca-ecologico\/#breadcrumb\",\"itemListElement\":[{\"@type\":\"ListItem\",\"position\":1,\"name\":\"Home\",\"item\":\"https:\/\/www.deliciousandsons.com\/es\/\"},{\"@type\":\"ListItem\",\"position\":2,\"name\":\"Comprar\",\"item\":\"https:\/\/www.deliciousandsons.com\/es\/tienda\/\"},{\"@type\":\"ListItem\",\"position\":3,\"name\":\"Salsa Pesto Genovese Ecol\u00f3gica\"}]},{\"@type\":\"WebSite\",\"@id\":\"https:\/\/www.deliciousandsons.com\/#website\",\"url\":\"https:\/\/www.deliciousandsons.com\/\",\"name\":\"Delicious &amp; Sons\",\"description\":\"\",\"potentialAction\":[{\"@type\":\"SearchAction\",\"target\":{\"@type\":\"EntryPoint\",\"urlTemplate\":\"https:\/\/www.deliciousandsons.com\/?s={search_term_string}\"},\"query-input\":\"required name=search_term_string\"}],\"inLanguage\":\"es\"}]}<\/script>\n<!-- \/ Yoast SEO plugin. -->","yoast_head_json":{"title":"Pesto Genovese Ecol\u00f3gico- Delicious &amp; Sons","description":"Este Pesto verde es una delicia. La hacemos de la forma m\u00e1s aut\u00e9ntica, con albahaca italiana, queso Parmesano y pi\u00f1ones Italianos.","robots":{"index":"index","follow":"follow","max-snippet":"max-snippet:-1","max-image-preview":"max-image-preview:large","max-video-preview":"max-video-preview:-1"},"canonical":"https:\/\/www.deliciousandsons.com\/es\/tienda-gourmet\/pesto-con-albahaca-ecologico\/","og_locale":"es_ES","og_type":"article","og_title":"Pesto Genovese Ecol\u00f3gico- Delicious &amp; Sons","og_description":"Este Pesto verde es una delicia. La hacemos de la forma m\u00e1s aut\u00e9ntica, con albahaca italiana, queso Parmesano y pi\u00f1ones Italianos.","og_url":"https:\/\/www.deliciousandsons.com\/es\/tienda-gourmet\/pesto-con-albahaca-ecologico\/","og_site_name":"Delicious &amp; Sons","article_publisher":"https:\/\/www.facebook.com\/DeliciousandSons\/","article_modified_time":"2025-04-21T05:11:03+00:00","og_image":[{"width":1200,"height":750,"url":"https:\/\/www.deliciousandsons.com\/wp-content\/uploads\/2016\/06\/Salsa_pesto_genovese_esp_fondo_gris.jpg","type":"image\/jpeg"}],"twitter_card":"summary_large_image","twitter_site":"@Delicious_Sons","twitter_misc":{"Tiempo de lectura":"1 minuto"},"schema":{"@context":"https:\/\/schema.org","@graph":[{"@type":"WebPage","@id":"https:\/\/www.deliciousandsons.com\/es\/tienda-gourmet\/pesto-con-albahaca-ecologico\/","url":"https:\/\/www.deliciousandsons.com\/es\/tienda-gourmet\/pesto-con-albahaca-ecologico\/","name":"Pesto Genovese Ecol\u00f3gico- Delicious &amp; Sons","isPartOf":{"@id":"https:\/\/www.deliciousandsons.com\/#website"},"primaryImageOfPage":{"@id":"https:\/\/www.deliciousandsons.com\/es\/tienda-gourmet\/pesto-con-albahaca-ecologico\/#primaryimage"},"image":{"@id":"https:\/\/www.deliciousandsons.com\/es\/tienda-gourmet\/pesto-con-albahaca-ecologico\/#primaryimage"},"thumbnailUrl":"https:\/\/www.deliciousandsons.com\/wp-content\/uploads\/2016\/06\/Salsa_pesto_genovese_esp_fondo_gris.jpg","datePublished":"2016-06-20T15:26:12+00:00","dateModified":"2025-04-21T05:11:03+00:00","description":"Este Pesto verde es una delicia. La hacemos de la forma m\u00e1s aut\u00e9ntica, con albahaca italiana, queso Parmesano y pi\u00f1ones Italianos.","breadcrumb":{"@id":"https:\/\/www.deliciousandsons.com\/es\/tienda-gourmet\/pesto-con-albahaca-ecologico\/#breadcrumb"},"inLanguage":"es","potentialAction":[{"@type":"ReadAction","target":["https:\/\/www.deliciousandsons.com\/es\/tienda-gourmet\/pesto-con-albahaca-ecologico\/"]}]},{"@type":"ImageObject","inLanguage":"es","@id":"https:\/\/www.deliciousandsons.com\/es\/tienda-gourmet\/pesto-con-albahaca-ecologico\/#primaryimage","url":"https:\/\/www.deliciousandsons.com\/wp-content\/uploads\/2016\/06\/Salsa_pesto_genovese_esp_fondo_gris.jpg","contentUrl":"https:\/\/www.deliciousandsons.com\/wp-content\/uploads\/2016\/06\/Salsa_pesto_genovese_esp_fondo_gris.jpg","width":1200,"height":750},{"@type":"BreadcrumbList","@id":"https:\/\/www.deliciousandsons.com\/es\/tienda-gourmet\/pesto-con-albahaca-ecologico\/#breadcrumb","itemListElement":[{"@type":"ListItem","position":1,"name":"Home","item":"https:\/\/www.deliciousandsons.com\/es\/"},{"@type":"ListItem","position":2,"name":"Comprar","item":"https:\/\/www.deliciousandsons.com\/es\/tienda\/"},{"@type":"ListItem","position":3,"name":"Salsa Pesto Genovese Ecol\u00f3gica"}]},{"@type":"WebSite","@id":"https:\/\/www.deliciousandsons.com\/#website","url":"https:\/\/www.deliciousandsons.com\/","name":"Delicious &amp; Sons","description":"","potentialAction":[{"@type":"SearchAction","target":{"@type":"EntryPoint","urlTemplate":"https:\/\/www.deliciousandsons.com\/?s={search_term_string}"},"query-input":"required name=search_term_string"}],"inLanguage":"es"}]}},"_links":{"self":[{"href":"https:\/\/www.deliciousandsons.com\/es\/wp-json\/wp\/v2\/product\/472"}],"collection":[{"href":"https:\/\/www.deliciousandsons.com\/es\/wp-json\/wp\/v2\/product"}],"about":[{"href":"https:\/\/www.deliciousandsons.com\/es\/wp-json\/wp\/v2\/types\/product"}],"wp:featuredmedia":[{"embeddable":true,"href":"https:\/\/www.deliciousandsons.com\/es\/wp-json\/wp\/v2\/media\/5167"}],"wp:attachment":[{"href":"https:\/\/www.deliciousandsons.com\/es\/wp-json\/wp\/v2\/media?parent=472"}],"wp:term":[{"taxonomy":"product_cat","embeddable":true,"href":"https:\/\/www.deliciousandsons.com\/es\/wp-json\/wp\/v2\/product_cat?post=472"},{"taxonomy":"product_tag","embeddable":true,"href":"https:\/\/www.deliciousandsons.com\/es\/wp-json\/wp\/v2\/product_tag?post=472"},{"taxonomy":"legume_pasta","embeddable":true,"href":"https:\/\/www.deliciousandsons.com\/es\/wp-json\/wp\/v2\/legume_pasta?post=472"},{"taxonomy":"dip_spreads","embeddable":true,"href":"https:\/\/www.deliciousandsons.com\/es\/wp-json\/wp\/v2\/dip_spreads?post=472"},{"taxonomy":"aiolis","embeddable":true,"href":"https:\/\/www.deliciousandsons.com\/es\/wp-json\/wp\/v2\/aiolis?post=472"},{"taxonomy":"samplers","embeddable":true,"href":"https:\/\/www.deliciousandsons.com\/es\/wp-json\/wp\/v2\/samplers?post=472"},{"taxonomy":"tapenades","embeddable":true,"href":"https:\/\/www.deliciousandsons.com\/es\/wp-json\/wp\/v2\/tapenades?post=472"},{"taxonomy":"italian_truffle","embeddable":true,"href":"https:\/\/www.deliciousandsons.com\/es\/wp-json\/wp\/v2\/italian_truffle?post=472"},{"taxonomy":"Sauces","embeddable":true,"href":"https:\/\/www.deliciousandsons.com\/es\/wp-json\/wp\/v2\/Sauces?post=472"},{"taxonomy":"diets","embeddable":true,"href":"https:\/\/www.deliciousandsons.com\/es\/wp-json\/wp\/v2\/diets?post=472"},{"taxonomy":"stars","embeddable":true,"href":"https:\/\/www.deliciousandsons.com\/es\/wp-json\/wp\/v2\/stars?post=472"}],"curies":[{"name":"wp","href":"https:\/\/api.w.org\/{rel}","templated":true}]}}