{"id":474,"date":"2016-06-20T13:49:17","date_gmt":"2016-06-20T13:49:17","guid":{"rendered":"http:\/\/www.deliciousandsons.com\/es\/shop\/uncategorized\/mushroom-tomato-sauce\/"},"modified":"2022-06-17T12:28:35","modified_gmt":"2022-06-17T12:28:35","slug":"salsa-de-tomate-y-setas-ecologica","status":"publish","type":"product","link":"https:\/\/www.deliciousandsons.com\/es\/tienda-gourmet\/salsa-de-tomate-y-setas-ecologica\/","title":{"rendered":"Salsa de Tomate con Setas Porcini Ecol\u00f3gica"},"content":{"rendered":"<p>Salsa de intenso color y sabor de tomate con setas porcini. Elaborada con AOVE.<\/p>\n<p>Pura explosi\u00f3n de aroma y sabor mediterr\u00e1neo lista para tomar. Perfecta para acompa\u00f1ar pasta tanto larga como corta: espagueti, tagliatelle, farfalle, penne o fusilli. <\/p>\n<p>Pero no descartes ninguna opci\u00f3n: puede sorprenderte con verduras, lasa\u00f1a o como base para pizza, ideal para cocinar una parmesana de berenjenas o alb\u00f3ndigas de prote\u00edna vegetal. <\/p>\n<p>Certificaciones: Ecol\u00f3gico, Vegano, Vegetariano, Sin Transg\u00e9nicos, Sin Gluten y Sin Huevo, Sin Az\u00facares A\u00f1adidos, Paleo Friendly y Keto Friendly.<\/p>\n","protected":false},"excerpt":{"rendered":"<p>Salsa de intenso color y sabor de tomate con setas porcini. Elaborada con AOVE. Pura explosi\u00f3n de aroma y sabor mediterr\u00e1neo lista para tomar. Perfecta para acompa\u00f1ar pasta tanto larga como corta: espagueti, tagliatelle, farfalle, penne o fusilli. Pero no descartes ninguna opci\u00f3n: puede sorprenderte&#8230;<\/p>\n","protected":false},"featured_media":5740,"template":"","meta":{"_acf_changed":false,"om_disable_all_campaigns":false,"inline_featured_image":false,"_monsterinsights_skip_tracking":false,"_monsterinsights_sitenote_active":false,"_monsterinsights_sitenote_note":"","_monsterinsights_sitenote_category":0,"_uf_show_specific_survey":0,"_uf_disable_surveys":false},"product_cat":[460,459,458,457,456,543,337,447,378,382,449,31,25],"product_tag":[1298,1299,1300,1301,1302,1303,240,238,237,236,233,149,141,115],"legume_pasta":[],"dip_spreads":[],"aiolis":[],"samplers":[],"tapenades":[],"italian_truffle":[],"Sauces":[1133],"diets":[1113,1112,1111,1110,1109,1108,1107,1106,1105,1104,1103,1102],"stars":[],"supplier_id":null,"supplier_sku":"","barcode":null,"atum_controlled":false,"out_stock_date":null,"out_stock_threshold":null,"inheritable":false,"inbound_stock":0,"stock_on_hold":12,"sold_today":0,"sales_last_days":0,"reserved_stock":0,"customer_returns":0,"warehouse_damage":0,"lost_in_post":0,"other_logs":0,"out_stock_days":0,"lost_sales":0,"has_location":false,"update_date":"2026-05-13T11:13:24","atum_locations":[],"atum_stock_status":"instock","restock_status":false,"low_stock_amount":"","sales_update_date":"2026-05-13T11:13:24","calc_backorders":null,"mi_inventories":[4,46],"multi_inventory":"global","inventory_sorting_mode":"global","inventory_iteration":"global","expirable_inventories":"no","price_per_inventory":"no","show_write_off_inventories":"no","selectable_inventories":"no","selectable_inventories_mode":"global","acf":[],"aioseo_notices":[],"yoast_head":"<!-- This site is optimized with the Yoast SEO plugin v22.6 - https:\/\/yoast.com\/wordpress\/plugins\/seo\/ -->\n<title>Salsa de tomate y setas porcini ecol\u00f3gica - Delicious &amp; Sons<\/title>\n<meta name=\"description\" content=\"Tomates rojos recolectados en su justa maduraci\u00f3n y aut\u00e9nticas setas porcini, para esta salsa de tomate y setas llena de aroma y sabor.\" \/>\n<meta name=\"robots\" content=\"index, follow, max-snippet:-1, max-image-preview:large, max-video-preview:-1\" \/>\n<link rel=\"canonical\" href=\"https:\/\/www.deliciousandsons.com\/es\/tienda-gourmet\/salsa-de-tomate-y-setas-ecologica\/\" \/>\n<meta property=\"og:locale\" content=\"es_ES\" \/>\n<meta property=\"og:type\" content=\"article\" \/>\n<meta property=\"og:title\" content=\"Salsa de tomate y setas porcini ecol\u00f3gica - Delicious &amp; Sons\" \/>\n<meta property=\"og:description\" content=\"Tomates rojos recolectados en su justa maduraci\u00f3n y aut\u00e9nticas setas porcini, para esta salsa de tomate y setas llena de aroma y sabor.\" \/>\n<meta property=\"og:url\" content=\"https:\/\/www.deliciousandsons.com\/es\/tienda-gourmet\/salsa-de-tomate-y-setas-ecologica\/\" \/>\n<meta property=\"og:site_name\" content=\"Delicious &amp; Sons\" \/>\n<meta property=\"article:publisher\" content=\"https:\/\/www.facebook.com\/DeliciousandSons\/\" \/>\n<meta property=\"article:modified_time\" content=\"2022-06-17T12:28:35+00:00\" \/>\n<meta property=\"og:image\" content=\"https:\/\/www.deliciousandsons.com\/wp-content\/uploads\/2016\/06\/0_0012_salsa_tomate_setas_porcini.jpg\" \/>\n\t<meta property=\"og:image:width\" content=\"1200\" \/>\n\t<meta property=\"og:image:height\" content=\"750\" \/>\n\t<meta property=\"og:image:type\" content=\"image\/jpeg\" \/>\n<meta name=\"twitter:card\" content=\"summary_large_image\" \/>\n<meta name=\"twitter:site\" content=\"@Delicious_Sons\" \/>\n<meta name=\"twitter:label1\" content=\"Tiempo de lectura\" \/>\n\t<meta name=\"twitter:data1\" content=\"1 minuto\" \/>\n<script type=\"application\/ld+json\" class=\"yoast-schema-graph\">{\"@context\":\"https:\/\/schema.org\",\"@graph\":[{\"@type\":\"WebPage\",\"@id\":\"https:\/\/www.deliciousandsons.com\/es\/tienda-gourmet\/salsa-de-tomate-y-setas-ecologica\/\",\"url\":\"https:\/\/www.deliciousandsons.com\/es\/tienda-gourmet\/salsa-de-tomate-y-setas-ecologica\/\",\"name\":\"Salsa de tomate y setas porcini ecol\u00f3gica - Delicious &amp; Sons\",\"isPartOf\":{\"@id\":\"https:\/\/www.deliciousandsons.com\/#website\"},\"primaryImageOfPage\":{\"@id\":\"https:\/\/www.deliciousandsons.com\/es\/tienda-gourmet\/salsa-de-tomate-y-setas-ecologica\/#primaryimage\"},\"image\":{\"@id\":\"https:\/\/www.deliciousandsons.com\/es\/tienda-gourmet\/salsa-de-tomate-y-setas-ecologica\/#primaryimage\"},\"thumbnailUrl\":\"https:\/\/www.deliciousandsons.com\/wp-content\/uploads\/2016\/06\/0_0012_salsa_tomate_setas_porcini.jpg\",\"datePublished\":\"2016-06-20T13:49:17+00:00\",\"dateModified\":\"2022-06-17T12:28:35+00:00\",\"description\":\"Tomates rojos recolectados en su justa maduraci\u00f3n y aut\u00e9nticas setas porcini, para esta salsa de tomate y setas llena de aroma y sabor.\",\"breadcrumb\":{\"@id\":\"https:\/\/www.deliciousandsons.com\/es\/tienda-gourmet\/salsa-de-tomate-y-setas-ecologica\/#breadcrumb\"},\"inLanguage\":\"es\",\"potentialAction\":[{\"@type\":\"ReadAction\",\"target\":[\"https:\/\/www.deliciousandsons.com\/es\/tienda-gourmet\/salsa-de-tomate-y-setas-ecologica\/\"]}]},{\"@type\":\"ImageObject\",\"inLanguage\":\"es\",\"@id\":\"https:\/\/www.deliciousandsons.com\/es\/tienda-gourmet\/salsa-de-tomate-y-setas-ecologica\/#primaryimage\",\"url\":\"https:\/\/www.deliciousandsons.com\/wp-content\/uploads\/2016\/06\/0_0012_salsa_tomate_setas_porcini.jpg\",\"contentUrl\":\"https:\/\/www.deliciousandsons.com\/wp-content\/uploads\/2016\/06\/0_0012_salsa_tomate_setas_porcini.jpg\",\"width\":1200,\"height\":750,\"caption\":\"salsa-tomate-con-setas-porcini\"},{\"@type\":\"BreadcrumbList\",\"@id\":\"https:\/\/www.deliciousandsons.com\/es\/tienda-gourmet\/salsa-de-tomate-y-setas-ecologica\/#breadcrumb\",\"itemListElement\":[{\"@type\":\"ListItem\",\"position\":1,\"name\":\"Home\",\"item\":\"https:\/\/www.deliciousandsons.com\/es\/\"},{\"@type\":\"ListItem\",\"position\":2,\"name\":\"Comprar\",\"item\":\"https:\/\/www.deliciousandsons.com\/es\/tienda\/\"},{\"@type\":\"ListItem\",\"position\":3,\"name\":\"Salsa de Tomate con Setas Porcini Ecol\u00f3gica\"}]},{\"@type\":\"WebSite\",\"@id\":\"https:\/\/www.deliciousandsons.com\/#website\",\"url\":\"https:\/\/www.deliciousandsons.com\/\",\"name\":\"Delicious &amp; Sons\",\"description\":\"\",\"potentialAction\":[{\"@type\":\"SearchAction\",\"target\":{\"@type\":\"EntryPoint\",\"urlTemplate\":\"https:\/\/www.deliciousandsons.com\/?s={search_term_string}\"},\"query-input\":\"required name=search_term_string\"}],\"inLanguage\":\"es\"}]}<\/script>\n<!-- \/ Yoast SEO plugin. -->","yoast_head_json":{"title":"Salsa de tomate y setas porcini ecol\u00f3gica - Delicious &amp; Sons","description":"Tomates rojos recolectados en su justa maduraci\u00f3n y aut\u00e9nticas setas porcini, para esta salsa de tomate y setas llena de aroma y sabor.","robots":{"index":"index","follow":"follow","max-snippet":"max-snippet:-1","max-image-preview":"max-image-preview:large","max-video-preview":"max-video-preview:-1"},"canonical":"https:\/\/www.deliciousandsons.com\/es\/tienda-gourmet\/salsa-de-tomate-y-setas-ecologica\/","og_locale":"es_ES","og_type":"article","og_title":"Salsa de tomate y setas porcini ecol\u00f3gica - Delicious &amp; Sons","og_description":"Tomates rojos recolectados en su justa maduraci\u00f3n y aut\u00e9nticas setas porcini, para esta salsa de tomate y setas llena de aroma y sabor.","og_url":"https:\/\/www.deliciousandsons.com\/es\/tienda-gourmet\/salsa-de-tomate-y-setas-ecologica\/","og_site_name":"Delicious &amp; Sons","article_publisher":"https:\/\/www.facebook.com\/DeliciousandSons\/","article_modified_time":"2022-06-17T12:28:35+00:00","og_image":[{"width":1200,"height":750,"url":"https:\/\/www.deliciousandsons.com\/wp-content\/uploads\/2016\/06\/0_0012_salsa_tomate_setas_porcini.jpg","type":"image\/jpeg"}],"twitter_card":"summary_large_image","twitter_site":"@Delicious_Sons","twitter_misc":{"Tiempo de lectura":"1 minuto"},"schema":{"@context":"https:\/\/schema.org","@graph":[{"@type":"WebPage","@id":"https:\/\/www.deliciousandsons.com\/es\/tienda-gourmet\/salsa-de-tomate-y-setas-ecologica\/","url":"https:\/\/www.deliciousandsons.com\/es\/tienda-gourmet\/salsa-de-tomate-y-setas-ecologica\/","name":"Salsa de tomate y setas porcini ecol\u00f3gica - Delicious &amp; Sons","isPartOf":{"@id":"https:\/\/www.deliciousandsons.com\/#website"},"primaryImageOfPage":{"@id":"https:\/\/www.deliciousandsons.com\/es\/tienda-gourmet\/salsa-de-tomate-y-setas-ecologica\/#primaryimage"},"image":{"@id":"https:\/\/www.deliciousandsons.com\/es\/tienda-gourmet\/salsa-de-tomate-y-setas-ecologica\/#primaryimage"},"thumbnailUrl":"https:\/\/www.deliciousandsons.com\/wp-content\/uploads\/2016\/06\/0_0012_salsa_tomate_setas_porcini.jpg","datePublished":"2016-06-20T13:49:17+00:00","dateModified":"2022-06-17T12:28:35+00:00","description":"Tomates rojos recolectados en su justa maduraci\u00f3n y aut\u00e9nticas setas porcini, para esta salsa de tomate y setas llena de aroma y sabor.","breadcrumb":{"@id":"https:\/\/www.deliciousandsons.com\/es\/tienda-gourmet\/salsa-de-tomate-y-setas-ecologica\/#breadcrumb"},"inLanguage":"es","potentialAction":[{"@type":"ReadAction","target":["https:\/\/www.deliciousandsons.com\/es\/tienda-gourmet\/salsa-de-tomate-y-setas-ecologica\/"]}]},{"@type":"ImageObject","inLanguage":"es","@id":"https:\/\/www.deliciousandsons.com\/es\/tienda-gourmet\/salsa-de-tomate-y-setas-ecologica\/#primaryimage","url":"https:\/\/www.deliciousandsons.com\/wp-content\/uploads\/2016\/06\/0_0012_salsa_tomate_setas_porcini.jpg","contentUrl":"https:\/\/www.deliciousandsons.com\/wp-content\/uploads\/2016\/06\/0_0012_salsa_tomate_setas_porcini.jpg","width":1200,"height":750,"caption":"salsa-tomate-con-setas-porcini"},{"@type":"BreadcrumbList","@id":"https:\/\/www.deliciousandsons.com\/es\/tienda-gourmet\/salsa-de-tomate-y-setas-ecologica\/#breadcrumb","itemListElement":[{"@type":"ListItem","position":1,"name":"Home","item":"https:\/\/www.deliciousandsons.com\/es\/"},{"@type":"ListItem","position":2,"name":"Comprar","item":"https:\/\/www.deliciousandsons.com\/es\/tienda\/"},{"@type":"ListItem","position":3,"name":"Salsa de Tomate con Setas Porcini Ecol\u00f3gica"}]},{"@type":"WebSite","@id":"https:\/\/www.deliciousandsons.com\/#website","url":"https:\/\/www.deliciousandsons.com\/","name":"Delicious &amp; Sons","description":"","potentialAction":[{"@type":"SearchAction","target":{"@type":"EntryPoint","urlTemplate":"https:\/\/www.deliciousandsons.com\/?s={search_term_string}"},"query-input":"required name=search_term_string"}],"inLanguage":"es"}]}},"_links":{"self":[{"href":"https:\/\/www.deliciousandsons.com\/es\/wp-json\/wp\/v2\/product\/474"}],"collection":[{"href":"https:\/\/www.deliciousandsons.com\/es\/wp-json\/wp\/v2\/product"}],"about":[{"href":"https:\/\/www.deliciousandsons.com\/es\/wp-json\/wp\/v2\/types\/product"}],"wp:featuredmedia":[{"embeddable":true,"href":"https:\/\/www.deliciousandsons.com\/es\/wp-json\/wp\/v2\/media\/5740"}],"wp:attachment":[{"href":"https:\/\/www.deliciousandsons.com\/es\/wp-json\/wp\/v2\/media?parent=474"}],"wp:term":[{"taxonomy":"product_cat","embeddable":true,"href":"https:\/\/www.deliciousandsons.com\/es\/wp-json\/wp\/v2\/product_cat?post=474"},{"taxonomy":"product_tag","embeddable":true,"href":"https:\/\/www.deliciousandsons.com\/es\/wp-json\/wp\/v2\/product_tag?post=474"},{"taxonomy":"legume_pasta","embeddable":true,"href":"https:\/\/www.deliciousandsons.com\/es\/wp-json\/wp\/v2\/legume_pasta?post=474"},{"taxonomy":"dip_spreads","embeddable":true,"href":"https:\/\/www.deliciousandsons.com\/es\/wp-json\/wp\/v2\/dip_spreads?post=474"},{"taxonomy":"aiolis","embeddable":true,"href":"https:\/\/www.deliciousandsons.com\/es\/wp-json\/wp\/v2\/aiolis?post=474"},{"taxonomy":"samplers","embeddable":true,"href":"https:\/\/www.deliciousandsons.com\/es\/wp-json\/wp\/v2\/samplers?post=474"},{"taxonomy":"tapenades","embeddable":true,"href":"https:\/\/www.deliciousandsons.com\/es\/wp-json\/wp\/v2\/tapenades?post=474"},{"taxonomy":"italian_truffle","embeddable":true,"href":"https:\/\/www.deliciousandsons.com\/es\/wp-json\/wp\/v2\/italian_truffle?post=474"},{"taxonomy":"Sauces","embeddable":true,"href":"https:\/\/www.deliciousandsons.com\/es\/wp-json\/wp\/v2\/Sauces?post=474"},{"taxonomy":"diets","embeddable":true,"href":"https:\/\/www.deliciousandsons.com\/es\/wp-json\/wp\/v2\/diets?post=474"},{"taxonomy":"stars","embeddable":true,"href":"https:\/\/www.deliciousandsons.com\/es\/wp-json\/wp\/v2\/stars?post=474"}],"curies":[{"name":"wp","href":"https:\/\/api.w.org\/{rel}","templated":true}]}}