{"id":476,"date":"2016-06-20T13:35:33","date_gmt":"2016-06-20T13:35:33","guid":{"rendered":"http:\/\/www.deliciousandsons.com\/es\/shop\/uncategorized\/basil-aioli\/"},"modified":"2022-08-26T08:40:07","modified_gmt":"2022-08-26T08:40:07","slug":"alioli-con-albahaca","status":"publish","type":"product","link":"https:\/\/www.deliciousandsons.com\/es\/tienda-gourmet\/alioli-con-albahaca\/","title":{"rendered":"Alioli con Albahaca &#038; Lim\u00f3n Ecol\u00f3gico"},"content":{"rendered":"<p>Alioli desde el Mediterr\u00e1neo, salsa a base de ajo, con albahaca y limones arom\u00e1ticos.<\/p>\n<p>Utilizando la tradicional salsa alioli espa\u00f1ola, innovamos con nuestra receta para que s\u00f3lo tengas que abrir el tarro y disfrutar.<br \/>\nIdeal para acompa\u00f1ar bocadillos, verduras, como dip o para preparar sabrosos platos de arroz, fideu\u00e1 o risotto. <\/p>\n<p>En realidad, lo pongas donde lo pongas queda bien.<\/p>\n<p>Certificaciones: Ecol\u00f3gico, Vegano, Vegetariano, Sin Transg\u00e9nicos, Sin Gluten y Sin Huevo, Sin Az\u00facares A\u00f1adidos, Paleo Friendly y Keto Friendly.<\/p>\n","protected":false},"excerpt":{"rendered":"<p>Alioli desde el Mediterr\u00e1neo, salsa a base de ajo, con albahaca y limones arom\u00e1ticos. Utilizando la tradicional salsa alioli espa\u00f1ola, innovamos con nuestra receta para que s\u00f3lo tengas que abrir el tarro y disfrutar. Ideal para acompa\u00f1ar bocadillos, verduras, como dip o para preparar sabrosos&#8230;<\/p>\n","protected":false},"featured_media":12145,"template":"","meta":{"_acf_changed":false,"om_disable_all_campaigns":false,"inline_featured_image":false,"_monsterinsights_skip_tracking":false,"_monsterinsights_sitenote_active":false,"_monsterinsights_sitenote_note":"","_monsterinsights_sitenote_category":0,"_uf_show_specific_survey":0,"_uf_disable_surveys":false},"product_cat":[460,459,458,457,456,543,337,380,449,32],"product_tag":[242,232,157,132,128,123,112,108,103],"legume_pasta":[],"dip_spreads":[],"aiolis":[1148],"samplers":[],"tapenades":[],"italian_truffle":[],"Sauces":[],"diets":[1113,1112,1111,1110,1109,1108,1107,1106,1105,1104,1103,1102],"stars":[],"supplier_id":null,"supplier_sku":"","barcode":null,"atum_controlled":false,"out_stock_date":null,"out_stock_threshold":null,"inheritable":false,"inbound_stock":0,"stock_on_hold":0,"sold_today":0,"sales_last_days":0,"reserved_stock":0,"customer_returns":0,"warehouse_damage":0,"lost_in_post":0,"other_logs":0,"out_stock_days":0,"lost_sales":0,"has_location":false,"update_date":"2026-05-12T11:12:29","atum_locations":[],"atum_stock_status":"outofstock","restock_status":false,"low_stock_amount":"","sales_update_date":"2026-05-12T11:12:29","calc_backorders":null,"mi_inventories":[7,49],"multi_inventory":"global","inventory_sorting_mode":"global","inventory_iteration":"out_of_stock","expirable_inventories":"no","price_per_inventory":"no","show_write_off_inventories":"no","selectable_inventories":"no","selectable_inventories_mode":"global","acf":[],"aioseo_notices":[],"yoast_head":"<!-- This site is optimized with the Yoast SEO plugin v22.6 - https:\/\/yoast.com\/wordpress\/plugins\/seo\/ -->\n<title>Alioli con albahaca y lim\u00f3n - Delicious &amp; Sons<\/title>\n<meta name=\"description\" content=\"Salsa Alioli con albahaca lista para tomar y usar que te transporta al Mediterr\u00e1neo. Salsa tradicional con arom\u00e1tica albahaca y lim\u00f3n.\" \/>\n<meta name=\"robots\" content=\"index, follow, max-snippet:-1, max-image-preview:large, max-video-preview:-1\" \/>\n<link rel=\"canonical\" href=\"https:\/\/www.deliciousandsons.com\/es\/tienda-gourmet\/alioli-con-albahaca\/\" \/>\n<meta property=\"og:locale\" content=\"es_ES\" \/>\n<meta property=\"og:type\" content=\"article\" \/>\n<meta property=\"og:title\" content=\"Alioli con albahaca y lim\u00f3n - Delicious &amp; Sons\" \/>\n<meta property=\"og:description\" content=\"Salsa Alioli con albahaca lista para tomar y usar que te transporta al Mediterr\u00e1neo. Salsa tradicional con arom\u00e1tica albahaca y lim\u00f3n.\" \/>\n<meta property=\"og:url\" content=\"https:\/\/www.deliciousandsons.com\/es\/tienda-gourmet\/alioli-con-albahaca\/\" \/>\n<meta property=\"og:site_name\" content=\"Delicious &amp; Sons\" \/>\n<meta property=\"article:publisher\" content=\"https:\/\/www.facebook.com\/DeliciousandSons\/\" \/>\n<meta property=\"article:modified_time\" content=\"2022-08-26T08:40:07+00:00\" \/>\n<meta property=\"og:image\" content=\"https:\/\/www.deliciousandsons.com\/wp-content\/uploads\/2016\/06\/0_0024_aioli_albahaca_limon-3.jpg\" \/>\n\t<meta property=\"og:image:width\" content=\"1200\" \/>\n\t<meta property=\"og:image:height\" content=\"750\" \/>\n\t<meta property=\"og:image:type\" content=\"image\/jpeg\" \/>\n<meta name=\"twitter:card\" content=\"summary_large_image\" \/>\n<meta name=\"twitter:site\" content=\"@Delicious_Sons\" \/>\n<meta name=\"twitter:label1\" content=\"Tiempo de lectura\" \/>\n\t<meta name=\"twitter:data1\" content=\"1 minuto\" \/>\n<script type=\"application\/ld+json\" class=\"yoast-schema-graph\">{\"@context\":\"https:\/\/schema.org\",\"@graph\":[{\"@type\":\"WebPage\",\"@id\":\"https:\/\/www.deliciousandsons.com\/es\/tienda-gourmet\/alioli-con-albahaca\/\",\"url\":\"https:\/\/www.deliciousandsons.com\/es\/tienda-gourmet\/alioli-con-albahaca\/\",\"name\":\"Alioli con albahaca y lim\u00f3n - Delicious &amp; Sons\",\"isPartOf\":{\"@id\":\"https:\/\/www.deliciousandsons.com\/#website\"},\"primaryImageOfPage\":{\"@id\":\"https:\/\/www.deliciousandsons.com\/es\/tienda-gourmet\/alioli-con-albahaca\/#primaryimage\"},\"image\":{\"@id\":\"https:\/\/www.deliciousandsons.com\/es\/tienda-gourmet\/alioli-con-albahaca\/#primaryimage\"},\"thumbnailUrl\":\"https:\/\/www.deliciousandsons.com\/wp-content\/uploads\/2016\/06\/0_0024_aioli_albahaca_limon-3.jpg\",\"datePublished\":\"2016-06-20T13:35:33+00:00\",\"dateModified\":\"2022-08-26T08:40:07+00:00\",\"description\":\"Salsa Alioli con albahaca lista para tomar y usar que te transporta al Mediterr\u00e1neo. Salsa tradicional con arom\u00e1tica albahaca y lim\u00f3n.\",\"breadcrumb\":{\"@id\":\"https:\/\/www.deliciousandsons.com\/es\/tienda-gourmet\/alioli-con-albahaca\/#breadcrumb\"},\"inLanguage\":\"es\",\"potentialAction\":[{\"@type\":\"ReadAction\",\"target\":[\"https:\/\/www.deliciousandsons.com\/es\/tienda-gourmet\/alioli-con-albahaca\/\"]}]},{\"@type\":\"ImageObject\",\"inLanguage\":\"es\",\"@id\":\"https:\/\/www.deliciousandsons.com\/es\/tienda-gourmet\/alioli-con-albahaca\/#primaryimage\",\"url\":\"https:\/\/www.deliciousandsons.com\/wp-content\/uploads\/2016\/06\/0_0024_aioli_albahaca_limon-3.jpg\",\"contentUrl\":\"https:\/\/www.deliciousandsons.com\/wp-content\/uploads\/2016\/06\/0_0024_aioli_albahaca_limon-3.jpg\",\"width\":1200,\"height\":750},{\"@type\":\"BreadcrumbList\",\"@id\":\"https:\/\/www.deliciousandsons.com\/es\/tienda-gourmet\/alioli-con-albahaca\/#breadcrumb\",\"itemListElement\":[{\"@type\":\"ListItem\",\"position\":1,\"name\":\"Home\",\"item\":\"https:\/\/www.deliciousandsons.com\/es\/\"},{\"@type\":\"ListItem\",\"position\":2,\"name\":\"Comprar\",\"item\":\"https:\/\/www.deliciousandsons.com\/es\/tienda\/\"},{\"@type\":\"ListItem\",\"position\":3,\"name\":\"Alioli con Albahaca &#038; Lim\u00f3n Ecol\u00f3gico\"}]},{\"@type\":\"WebSite\",\"@id\":\"https:\/\/www.deliciousandsons.com\/#website\",\"url\":\"https:\/\/www.deliciousandsons.com\/\",\"name\":\"Delicious &amp; Sons\",\"description\":\"\",\"potentialAction\":[{\"@type\":\"SearchAction\",\"target\":{\"@type\":\"EntryPoint\",\"urlTemplate\":\"https:\/\/www.deliciousandsons.com\/?s={search_term_string}\"},\"query-input\":\"required name=search_term_string\"}],\"inLanguage\":\"es\"}]}<\/script>\n<!-- \/ Yoast SEO plugin. -->","yoast_head_json":{"title":"Alioli con albahaca y lim\u00f3n - Delicious &amp; Sons","description":"Salsa Alioli con albahaca lista para tomar y usar que te transporta al Mediterr\u00e1neo. Salsa tradicional con arom\u00e1tica albahaca y lim\u00f3n.","robots":{"index":"index","follow":"follow","max-snippet":"max-snippet:-1","max-image-preview":"max-image-preview:large","max-video-preview":"max-video-preview:-1"},"canonical":"https:\/\/www.deliciousandsons.com\/es\/tienda-gourmet\/alioli-con-albahaca\/","og_locale":"es_ES","og_type":"article","og_title":"Alioli con albahaca y lim\u00f3n - Delicious &amp; Sons","og_description":"Salsa Alioli con albahaca lista para tomar y usar que te transporta al Mediterr\u00e1neo. Salsa tradicional con arom\u00e1tica albahaca y lim\u00f3n.","og_url":"https:\/\/www.deliciousandsons.com\/es\/tienda-gourmet\/alioli-con-albahaca\/","og_site_name":"Delicious &amp; Sons","article_publisher":"https:\/\/www.facebook.com\/DeliciousandSons\/","article_modified_time":"2022-08-26T08:40:07+00:00","og_image":[{"width":1200,"height":750,"url":"https:\/\/www.deliciousandsons.com\/wp-content\/uploads\/2016\/06\/0_0024_aioli_albahaca_limon-3.jpg","type":"image\/jpeg"}],"twitter_card":"summary_large_image","twitter_site":"@Delicious_Sons","twitter_misc":{"Tiempo de lectura":"1 minuto"},"schema":{"@context":"https:\/\/schema.org","@graph":[{"@type":"WebPage","@id":"https:\/\/www.deliciousandsons.com\/es\/tienda-gourmet\/alioli-con-albahaca\/","url":"https:\/\/www.deliciousandsons.com\/es\/tienda-gourmet\/alioli-con-albahaca\/","name":"Alioli con albahaca y lim\u00f3n - Delicious &amp; Sons","isPartOf":{"@id":"https:\/\/www.deliciousandsons.com\/#website"},"primaryImageOfPage":{"@id":"https:\/\/www.deliciousandsons.com\/es\/tienda-gourmet\/alioli-con-albahaca\/#primaryimage"},"image":{"@id":"https:\/\/www.deliciousandsons.com\/es\/tienda-gourmet\/alioli-con-albahaca\/#primaryimage"},"thumbnailUrl":"https:\/\/www.deliciousandsons.com\/wp-content\/uploads\/2016\/06\/0_0024_aioli_albahaca_limon-3.jpg","datePublished":"2016-06-20T13:35:33+00:00","dateModified":"2022-08-26T08:40:07+00:00","description":"Salsa Alioli con albahaca lista para tomar y usar que te transporta al Mediterr\u00e1neo. Salsa tradicional con arom\u00e1tica albahaca y lim\u00f3n.","breadcrumb":{"@id":"https:\/\/www.deliciousandsons.com\/es\/tienda-gourmet\/alioli-con-albahaca\/#breadcrumb"},"inLanguage":"es","potentialAction":[{"@type":"ReadAction","target":["https:\/\/www.deliciousandsons.com\/es\/tienda-gourmet\/alioli-con-albahaca\/"]}]},{"@type":"ImageObject","inLanguage":"es","@id":"https:\/\/www.deliciousandsons.com\/es\/tienda-gourmet\/alioli-con-albahaca\/#primaryimage","url":"https:\/\/www.deliciousandsons.com\/wp-content\/uploads\/2016\/06\/0_0024_aioli_albahaca_limon-3.jpg","contentUrl":"https:\/\/www.deliciousandsons.com\/wp-content\/uploads\/2016\/06\/0_0024_aioli_albahaca_limon-3.jpg","width":1200,"height":750},{"@type":"BreadcrumbList","@id":"https:\/\/www.deliciousandsons.com\/es\/tienda-gourmet\/alioli-con-albahaca\/#breadcrumb","itemListElement":[{"@type":"ListItem","position":1,"name":"Home","item":"https:\/\/www.deliciousandsons.com\/es\/"},{"@type":"ListItem","position":2,"name":"Comprar","item":"https:\/\/www.deliciousandsons.com\/es\/tienda\/"},{"@type":"ListItem","position":3,"name":"Alioli con Albahaca &#038; Lim\u00f3n Ecol\u00f3gico"}]},{"@type":"WebSite","@id":"https:\/\/www.deliciousandsons.com\/#website","url":"https:\/\/www.deliciousandsons.com\/","name":"Delicious &amp; Sons","description":"","potentialAction":[{"@type":"SearchAction","target":{"@type":"EntryPoint","urlTemplate":"https:\/\/www.deliciousandsons.com\/?s={search_term_string}"},"query-input":"required name=search_term_string"}],"inLanguage":"es"}]}},"_links":{"self":[{"href":"https:\/\/www.deliciousandsons.com\/es\/wp-json\/wp\/v2\/product\/476"}],"collection":[{"href":"https:\/\/www.deliciousandsons.com\/es\/wp-json\/wp\/v2\/product"}],"about":[{"href":"https:\/\/www.deliciousandsons.com\/es\/wp-json\/wp\/v2\/types\/product"}],"wp:featuredmedia":[{"embeddable":true,"href":"https:\/\/www.deliciousandsons.com\/es\/wp-json\/wp\/v2\/media\/12145"}],"wp:attachment":[{"href":"https:\/\/www.deliciousandsons.com\/es\/wp-json\/wp\/v2\/media?parent=476"}],"wp:term":[{"taxonomy":"product_cat","embeddable":true,"href":"https:\/\/www.deliciousandsons.com\/es\/wp-json\/wp\/v2\/product_cat?post=476"},{"taxonomy":"product_tag","embeddable":true,"href":"https:\/\/www.deliciousandsons.com\/es\/wp-json\/wp\/v2\/product_tag?post=476"},{"taxonomy":"legume_pasta","embeddable":true,"href":"https:\/\/www.deliciousandsons.com\/es\/wp-json\/wp\/v2\/legume_pasta?post=476"},{"taxonomy":"dip_spreads","embeddable":true,"href":"https:\/\/www.deliciousandsons.com\/es\/wp-json\/wp\/v2\/dip_spreads?post=476"},{"taxonomy":"aiolis","embeddable":true,"href":"https:\/\/www.deliciousandsons.com\/es\/wp-json\/wp\/v2\/aiolis?post=476"},{"taxonomy":"samplers","embeddable":true,"href":"https:\/\/www.deliciousandsons.com\/es\/wp-json\/wp\/v2\/samplers?post=476"},{"taxonomy":"tapenades","embeddable":true,"href":"https:\/\/www.deliciousandsons.com\/es\/wp-json\/wp\/v2\/tapenades?post=476"},{"taxonomy":"italian_truffle","embeddable":true,"href":"https:\/\/www.deliciousandsons.com\/es\/wp-json\/wp\/v2\/italian_truffle?post=476"},{"taxonomy":"Sauces","embeddable":true,"href":"https:\/\/www.deliciousandsons.com\/es\/wp-json\/wp\/v2\/Sauces?post=476"},{"taxonomy":"diets","embeddable":true,"href":"https:\/\/www.deliciousandsons.com\/es\/wp-json\/wp\/v2\/diets?post=476"},{"taxonomy":"stars","embeddable":true,"href":"https:\/\/www.deliciousandsons.com\/es\/wp-json\/wp\/v2\/stars?post=476"}],"curies":[{"name":"wp","href":"https:\/\/api.w.org\/{rel}","templated":true}]}}