{"id":478,"date":"2016-06-20T13:33:20","date_gmt":"2016-06-20T13:33:20","guid":{"rendered":"http:\/\/www.deliciousandsons.com\/es\/shop\/uncategorized\/saffron-aioli\/"},"modified":"2022-08-26T08:37:49","modified_gmt":"2022-08-26T08:37:49","slug":"alioli-con-azafran","status":"publish","type":"product","link":"https:\/\/www.deliciousandsons.com\/es\/tienda-gourmet\/alioli-con-azafran\/","title":{"rendered":"Alioli con Azafr\u00e1n &#038; Naranja Ecol\u00f3gico"},"content":{"rendered":"<p>Alioli desde el Mediterr\u00e1neo, salsa a base de ajo, con un toque sutil de azafr\u00e1n, c\u00farcuma, y naranjas arom\u00e1ticas.<\/p>\n<p>Utilizando la tradicional salsa alioli espa\u00f1ola, innovamos con nuestra receta para que s\u00f3lo tengas que abrir el tarro y disfrutar.<br \/>\nIdeal para acompa\u00f1ar bocadillos, verduras, como un dip o sabrosos platos de arroz. En realidad, lo pongas donde lo pongas queda bien.<\/p>\n<p>Certificaciones: Ecol\u00f3gico, Vegano, Vegetariano, Sin Transg\u00e9nicos, Sin Gluten y Sin Huevo, Sin Az\u00facares A\u00f1adidos, Paleo Friendly y Keto Friendly.<\/p>\n","protected":false},"excerpt":{"rendered":"<p>Alioli desde el Mediterr\u00e1neo, salsa a base de ajo, con un toque sutil de azafr\u00e1n, c\u00farcuma, y naranjas arom\u00e1ticas. Utilizando la tradicional salsa alioli espa\u00f1ola, innovamos con nuestra receta para que s\u00f3lo tengas que abrir el tarro y disfrutar. Ideal para acompa\u00f1ar bocadillos, verduras, como&#8230;<\/p>\n","protected":false},"featured_media":12143,"template":"","meta":{"_acf_changed":false,"om_disable_all_campaigns":false,"inline_featured_image":false,"_monsterinsights_skip_tracking":false,"_monsterinsights_sitenote_active":false,"_monsterinsights_sitenote_note":"","_monsterinsights_sitenote_category":0,"_uf_show_specific_survey":0,"_uf_disable_surveys":false},"product_cat":[460,459,458,457,456,543,337,443,380,449,32],"product_tag":[241,235,157,132,128,123,112,108,103],"legume_pasta":[],"dip_spreads":[],"aiolis":[1147],"samplers":[],"tapenades":[],"italian_truffle":[],"Sauces":[],"diets":[1113,1112,1111,1110,1109,1108,1107,1106,1105,1104,1103,1102],"stars":[],"supplier_id":null,"supplier_sku":"","barcode":null,"atum_controlled":false,"out_stock_date":null,"out_stock_threshold":null,"inheritable":false,"inbound_stock":0,"stock_on_hold":0,"sold_today":0,"sales_last_days":0,"reserved_stock":0,"customer_returns":0,"warehouse_damage":0,"lost_in_post":0,"other_logs":0,"out_stock_days":0,"lost_sales":0,"has_location":false,"update_date":"2026-05-14T11:13:55","atum_locations":[],"atum_stock_status":"outofstock","restock_status":false,"low_stock_amount":"","sales_update_date":"2026-05-14T11:13:55","calc_backorders":null,"mi_inventories":[6,48],"multi_inventory":"global","inventory_sorting_mode":"global","inventory_iteration":"out_of_stock","expirable_inventories":"no","price_per_inventory":"no","show_write_off_inventories":"no","selectable_inventories":"no","selectable_inventories_mode":"global","acf":[],"aioseo_notices":[],"yoast_head":"<!-- This site is optimized with the Yoast SEO plugin v22.6 - https:\/\/yoast.com\/wordpress\/plugins\/seo\/ -->\n<title>Alioli con azafr\u00e1n y naranja ecol\u00f3gico- Delicious &amp; Sons<\/title>\n<meta name=\"description\" content=\"Del Mediterr\u00e1neo nos llega esta salsa alioli con azafr\u00e1n a base de ajo y arom\u00e1ticas naranjas, una salsa t\u00edpica pero actualizada\" \/>\n<meta name=\"robots\" content=\"index, follow, max-snippet:-1, max-image-preview:large, max-video-preview:-1\" \/>\n<link rel=\"canonical\" href=\"https:\/\/www.deliciousandsons.com\/es\/tienda-gourmet\/alioli-con-azafran\/\" \/>\n<meta property=\"og:locale\" content=\"es_ES\" \/>\n<meta property=\"og:type\" content=\"article\" \/>\n<meta property=\"og:title\" content=\"Alioli con azafr\u00e1n y naranja ecol\u00f3gico- Delicious &amp; Sons\" \/>\n<meta property=\"og:description\" content=\"Del Mediterr\u00e1neo nos llega esta salsa alioli con azafr\u00e1n a base de ajo y arom\u00e1ticas naranjas, una salsa t\u00edpica pero actualizada\" \/>\n<meta property=\"og:url\" content=\"https:\/\/www.deliciousandsons.com\/es\/tienda-gourmet\/alioli-con-azafran\/\" \/>\n<meta property=\"og:site_name\" content=\"Delicious &amp; Sons\" \/>\n<meta property=\"article:publisher\" content=\"https:\/\/www.facebook.com\/DeliciousandSons\/\" \/>\n<meta property=\"article:modified_time\" content=\"2022-08-26T08:37:49+00:00\" \/>\n<meta property=\"og:image\" content=\"https:\/\/www.deliciousandsons.com\/wp-content\/uploads\/2016\/06\/0_0023_aioli_azafran_narnaja.jpg\" \/>\n\t<meta property=\"og:image:width\" content=\"1200\" \/>\n\t<meta property=\"og:image:height\" content=\"750\" \/>\n\t<meta property=\"og:image:type\" content=\"image\/jpeg\" \/>\n<meta name=\"twitter:card\" content=\"summary_large_image\" \/>\n<meta name=\"twitter:site\" content=\"@Delicious_Sons\" \/>\n<meta name=\"twitter:label1\" content=\"Tiempo de lectura\" \/>\n\t<meta name=\"twitter:data1\" content=\"1 minuto\" \/>\n<script type=\"application\/ld+json\" class=\"yoast-schema-graph\">{\"@context\":\"https:\/\/schema.org\",\"@graph\":[{\"@type\":\"WebPage\",\"@id\":\"https:\/\/www.deliciousandsons.com\/es\/tienda-gourmet\/alioli-con-azafran\/\",\"url\":\"https:\/\/www.deliciousandsons.com\/es\/tienda-gourmet\/alioli-con-azafran\/\",\"name\":\"Alioli con azafr\u00e1n y naranja ecol\u00f3gico- Delicious &amp; Sons\",\"isPartOf\":{\"@id\":\"https:\/\/www.deliciousandsons.com\/#website\"},\"primaryImageOfPage\":{\"@id\":\"https:\/\/www.deliciousandsons.com\/es\/tienda-gourmet\/alioli-con-azafran\/#primaryimage\"},\"image\":{\"@id\":\"https:\/\/www.deliciousandsons.com\/es\/tienda-gourmet\/alioli-con-azafran\/#primaryimage\"},\"thumbnailUrl\":\"https:\/\/www.deliciousandsons.com\/wp-content\/uploads\/2016\/06\/0_0023_aioli_azafran_narnaja.jpg\",\"datePublished\":\"2016-06-20T13:33:20+00:00\",\"dateModified\":\"2022-08-26T08:37:49+00:00\",\"description\":\"Del Mediterr\u00e1neo nos llega esta salsa alioli con azafr\u00e1n a base de ajo y arom\u00e1ticas naranjas, una salsa t\u00edpica pero actualizada\",\"breadcrumb\":{\"@id\":\"https:\/\/www.deliciousandsons.com\/es\/tienda-gourmet\/alioli-con-azafran\/#breadcrumb\"},\"inLanguage\":\"es\",\"potentialAction\":[{\"@type\":\"ReadAction\",\"target\":[\"https:\/\/www.deliciousandsons.com\/es\/tienda-gourmet\/alioli-con-azafran\/\"]}]},{\"@type\":\"ImageObject\",\"inLanguage\":\"es\",\"@id\":\"https:\/\/www.deliciousandsons.com\/es\/tienda-gourmet\/alioli-con-azafran\/#primaryimage\",\"url\":\"https:\/\/www.deliciousandsons.com\/wp-content\/uploads\/2016\/06\/0_0023_aioli_azafran_narnaja.jpg\",\"contentUrl\":\"https:\/\/www.deliciousandsons.com\/wp-content\/uploads\/2016\/06\/0_0023_aioli_azafran_narnaja.jpg\",\"width\":1200,\"height\":750},{\"@type\":\"BreadcrumbList\",\"@id\":\"https:\/\/www.deliciousandsons.com\/es\/tienda-gourmet\/alioli-con-azafran\/#breadcrumb\",\"itemListElement\":[{\"@type\":\"ListItem\",\"position\":1,\"name\":\"Home\",\"item\":\"https:\/\/www.deliciousandsons.com\/es\/\"},{\"@type\":\"ListItem\",\"position\":2,\"name\":\"Comprar\",\"item\":\"https:\/\/www.deliciousandsons.com\/es\/tienda\/\"},{\"@type\":\"ListItem\",\"position\":3,\"name\":\"Alioli con Azafr\u00e1n &#038; Naranja Ecol\u00f3gico\"}]},{\"@type\":\"WebSite\",\"@id\":\"https:\/\/www.deliciousandsons.com\/#website\",\"url\":\"https:\/\/www.deliciousandsons.com\/\",\"name\":\"Delicious &amp; Sons\",\"description\":\"\",\"potentialAction\":[{\"@type\":\"SearchAction\",\"target\":{\"@type\":\"EntryPoint\",\"urlTemplate\":\"https:\/\/www.deliciousandsons.com\/?s={search_term_string}\"},\"query-input\":\"required name=search_term_string\"}],\"inLanguage\":\"es\"}]}<\/script>\n<!-- \/ Yoast SEO plugin. -->","yoast_head_json":{"title":"Alioli con azafr\u00e1n y naranja ecol\u00f3gico- Delicious &amp; Sons","description":"Del Mediterr\u00e1neo nos llega esta salsa alioli con azafr\u00e1n a base de ajo y arom\u00e1ticas naranjas, una salsa t\u00edpica pero actualizada","robots":{"index":"index","follow":"follow","max-snippet":"max-snippet:-1","max-image-preview":"max-image-preview:large","max-video-preview":"max-video-preview:-1"},"canonical":"https:\/\/www.deliciousandsons.com\/es\/tienda-gourmet\/alioli-con-azafran\/","og_locale":"es_ES","og_type":"article","og_title":"Alioli con azafr\u00e1n y naranja ecol\u00f3gico- Delicious &amp; Sons","og_description":"Del Mediterr\u00e1neo nos llega esta salsa alioli con azafr\u00e1n a base de ajo y arom\u00e1ticas naranjas, una salsa t\u00edpica pero actualizada","og_url":"https:\/\/www.deliciousandsons.com\/es\/tienda-gourmet\/alioli-con-azafran\/","og_site_name":"Delicious &amp; Sons","article_publisher":"https:\/\/www.facebook.com\/DeliciousandSons\/","article_modified_time":"2022-08-26T08:37:49+00:00","og_image":[{"width":1200,"height":750,"url":"https:\/\/www.deliciousandsons.com\/wp-content\/uploads\/2016\/06\/0_0023_aioli_azafran_narnaja.jpg","type":"image\/jpeg"}],"twitter_card":"summary_large_image","twitter_site":"@Delicious_Sons","twitter_misc":{"Tiempo de lectura":"1 minuto"},"schema":{"@context":"https:\/\/schema.org","@graph":[{"@type":"WebPage","@id":"https:\/\/www.deliciousandsons.com\/es\/tienda-gourmet\/alioli-con-azafran\/","url":"https:\/\/www.deliciousandsons.com\/es\/tienda-gourmet\/alioli-con-azafran\/","name":"Alioli con azafr\u00e1n y naranja ecol\u00f3gico- Delicious &amp; Sons","isPartOf":{"@id":"https:\/\/www.deliciousandsons.com\/#website"},"primaryImageOfPage":{"@id":"https:\/\/www.deliciousandsons.com\/es\/tienda-gourmet\/alioli-con-azafran\/#primaryimage"},"image":{"@id":"https:\/\/www.deliciousandsons.com\/es\/tienda-gourmet\/alioli-con-azafran\/#primaryimage"},"thumbnailUrl":"https:\/\/www.deliciousandsons.com\/wp-content\/uploads\/2016\/06\/0_0023_aioli_azafran_narnaja.jpg","datePublished":"2016-06-20T13:33:20+00:00","dateModified":"2022-08-26T08:37:49+00:00","description":"Del Mediterr\u00e1neo nos llega esta salsa alioli con azafr\u00e1n a base de ajo y arom\u00e1ticas naranjas, una salsa t\u00edpica pero actualizada","breadcrumb":{"@id":"https:\/\/www.deliciousandsons.com\/es\/tienda-gourmet\/alioli-con-azafran\/#breadcrumb"},"inLanguage":"es","potentialAction":[{"@type":"ReadAction","target":["https:\/\/www.deliciousandsons.com\/es\/tienda-gourmet\/alioli-con-azafran\/"]}]},{"@type":"ImageObject","inLanguage":"es","@id":"https:\/\/www.deliciousandsons.com\/es\/tienda-gourmet\/alioli-con-azafran\/#primaryimage","url":"https:\/\/www.deliciousandsons.com\/wp-content\/uploads\/2016\/06\/0_0023_aioli_azafran_narnaja.jpg","contentUrl":"https:\/\/www.deliciousandsons.com\/wp-content\/uploads\/2016\/06\/0_0023_aioli_azafran_narnaja.jpg","width":1200,"height":750},{"@type":"BreadcrumbList","@id":"https:\/\/www.deliciousandsons.com\/es\/tienda-gourmet\/alioli-con-azafran\/#breadcrumb","itemListElement":[{"@type":"ListItem","position":1,"name":"Home","item":"https:\/\/www.deliciousandsons.com\/es\/"},{"@type":"ListItem","position":2,"name":"Comprar","item":"https:\/\/www.deliciousandsons.com\/es\/tienda\/"},{"@type":"ListItem","position":3,"name":"Alioli con Azafr\u00e1n &#038; Naranja Ecol\u00f3gico"}]},{"@type":"WebSite","@id":"https:\/\/www.deliciousandsons.com\/#website","url":"https:\/\/www.deliciousandsons.com\/","name":"Delicious &amp; Sons","description":"","potentialAction":[{"@type":"SearchAction","target":{"@type":"EntryPoint","urlTemplate":"https:\/\/www.deliciousandsons.com\/?s={search_term_string}"},"query-input":"required name=search_term_string"}],"inLanguage":"es"}]}},"_links":{"self":[{"href":"https:\/\/www.deliciousandsons.com\/es\/wp-json\/wp\/v2\/product\/478"}],"collection":[{"href":"https:\/\/www.deliciousandsons.com\/es\/wp-json\/wp\/v2\/product"}],"about":[{"href":"https:\/\/www.deliciousandsons.com\/es\/wp-json\/wp\/v2\/types\/product"}],"wp:featuredmedia":[{"embeddable":true,"href":"https:\/\/www.deliciousandsons.com\/es\/wp-json\/wp\/v2\/media\/12143"}],"wp:attachment":[{"href":"https:\/\/www.deliciousandsons.com\/es\/wp-json\/wp\/v2\/media?parent=478"}],"wp:term":[{"taxonomy":"product_cat","embeddable":true,"href":"https:\/\/www.deliciousandsons.com\/es\/wp-json\/wp\/v2\/product_cat?post=478"},{"taxonomy":"product_tag","embeddable":true,"href":"https:\/\/www.deliciousandsons.com\/es\/wp-json\/wp\/v2\/product_tag?post=478"},{"taxonomy":"legume_pasta","embeddable":true,"href":"https:\/\/www.deliciousandsons.com\/es\/wp-json\/wp\/v2\/legume_pasta?post=478"},{"taxonomy":"dip_spreads","embeddable":true,"href":"https:\/\/www.deliciousandsons.com\/es\/wp-json\/wp\/v2\/dip_spreads?post=478"},{"taxonomy":"aiolis","embeddable":true,"href":"https:\/\/www.deliciousandsons.com\/es\/wp-json\/wp\/v2\/aiolis?post=478"},{"taxonomy":"samplers","embeddable":true,"href":"https:\/\/www.deliciousandsons.com\/es\/wp-json\/wp\/v2\/samplers?post=478"},{"taxonomy":"tapenades","embeddable":true,"href":"https:\/\/www.deliciousandsons.com\/es\/wp-json\/wp\/v2\/tapenades?post=478"},{"taxonomy":"italian_truffle","embeddable":true,"href":"https:\/\/www.deliciousandsons.com\/es\/wp-json\/wp\/v2\/italian_truffle?post=478"},{"taxonomy":"Sauces","embeddable":true,"href":"https:\/\/www.deliciousandsons.com\/es\/wp-json\/wp\/v2\/Sauces?post=478"},{"taxonomy":"diets","embeddable":true,"href":"https:\/\/www.deliciousandsons.com\/es\/wp-json\/wp\/v2\/diets?post=478"},{"taxonomy":"stars","embeddable":true,"href":"https:\/\/www.deliciousandsons.com\/es\/wp-json\/wp\/v2\/stars?post=478"}],"curies":[{"name":"wp","href":"https:\/\/api.w.org\/{rel}","templated":true}]}}