{"id":490,"date":"2016-06-14T19:45:53","date_gmt":"2016-06-14T19:45:53","guid":{"rendered":"http:\/\/www.deliciousandsons.com\/es\/shop\/uncategorized\/sun-dried-tomato-spread\/"},"modified":"2022-08-26T09:03:51","modified_gmt":"2022-08-26T09:03:51","slug":"pate-de-tomates-secos-ecologico","status":"publish","type":"product","link":"https:\/\/www.deliciousandsons.com\/es\/tienda-gourmet\/pate-de-tomates-secos-ecologico\/","title":{"rendered":"Pat\u00e9 de Tomates Secos Ecol\u00f3gico"},"content":{"rendered":"<p>Pat\u00e9 vegetal de intenso aroma y sabor a base de sabrosos tomates secos Italianos, con AOVE.<\/p>\n<p>Receta original y casera, listo para servir o comer, como salsa para pasta, para poner en ensaladas,\u00a0 acompa\u00f1ar quesos,\u00a0 en\u00a0 bocadillos o como dip con verduras crudas, chips, tempura, quesos, patatas.<\/p>\n<p>Se transforma en una salsa perfecta y lista para tomar acompa\u00f1ando un arroz, cualquier prote\u00edna vegetal, o ricos noodles.<\/p>\n<p>Certificaciones: Ecol\u00f3gico, Vegano, Vegetariano, Sin Transg\u00e9nicos, Sin Gluten y Sin Huevo<\/p>\n","protected":false},"excerpt":{"rendered":"<p>Pat\u00e9 vegetal de intenso aroma y sabor a base de sabrosos tomates secos Italianos, con AOVE. Receta original y casera, listo para servir o comer, como salsa para pasta, para poner en ensaladas,\u00a0 acompa\u00f1ar quesos,\u00a0 en\u00a0 bocadillos o como dip con verduras crudas, chips, tempura,&#8230;<\/p>\n","protected":false},"featured_media":5716,"template":"","meta":{"_acf_changed":false,"om_disable_all_campaigns":false,"inline_featured_image":false,"_monsterinsights_skip_tracking":false,"_monsterinsights_sitenote_active":false,"_monsterinsights_sitenote_note":"","_monsterinsights_sitenote_category":0,"_uf_show_specific_survey":0,"_uf_disable_surveys":false},"product_cat":[460,459,458,457,456,337,381,449,33],"product_tag":[214,209,204,200,196,152,144,143,142,136,47,46],"legume_pasta":[],"dip_spreads":[1164],"aiolis":[],"samplers":[],"tapenades":[],"italian_truffle":[],"Sauces":[],"diets":[1113,1112,1111,1110,1109,1108,1107,1106,1105,1104,1103,1102],"stars":[],"supplier_id":null,"supplier_sku":"","barcode":null,"atum_controlled":false,"out_stock_date":null,"out_stock_threshold":null,"inheritable":false,"inbound_stock":0,"stock_on_hold":0,"sold_today":0,"sales_last_days":0,"reserved_stock":0,"customer_returns":0,"warehouse_damage":0,"lost_in_post":0,"other_logs":0,"out_stock_days":0,"lost_sales":0,"has_location":false,"update_date":"2026-04-08T10:50:55","atum_locations":[],"atum_stock_status":"outofstock","restock_status":false,"low_stock_amount":"","sales_update_date":"2026-04-08T10:50:55","calc_backorders":null,"mi_inventories":[11,53],"multi_inventory":"global","inventory_sorting_mode":"global","inventory_iteration":"global","expirable_inventories":"no","price_per_inventory":"no","show_write_off_inventories":"no","selectable_inventories":"no","selectable_inventories_mode":"global","acf":[],"aioseo_notices":[],"yoast_head":"<!-- This site is optimized with the Yoast SEO plugin v22.6 - https:\/\/yoast.com\/wordpress\/plugins\/seo\/ -->\n<title>Pat\u00e9 de tomates secos - Delicious &amp; Sons<\/title>\n<meta name=\"description\" content=\"Creado con solo tomates ecol\u00f3gicos, est\u00e1 listo tomar en bocadillos y canap\u00e9s, y acompa\u00f1ar ensaladas, arroz, pasta y verduras.\" \/>\n<meta name=\"robots\" content=\"index, follow, max-snippet:-1, max-image-preview:large, max-video-preview:-1\" \/>\n<link rel=\"canonical\" href=\"https:\/\/www.deliciousandsons.com\/es\/tienda-gourmet\/pate-de-tomates-secos-ecologico\/\" \/>\n<meta property=\"og:locale\" content=\"es_ES\" \/>\n<meta property=\"og:type\" content=\"article\" \/>\n<meta property=\"og:title\" content=\"Pat\u00e9 de tomates secos - Delicious &amp; Sons\" \/>\n<meta property=\"og:description\" content=\"Creado con solo tomates ecol\u00f3gicos, est\u00e1 listo tomar en bocadillos y canap\u00e9s, y acompa\u00f1ar ensaladas, arroz, pasta y verduras.\" \/>\n<meta property=\"og:url\" content=\"https:\/\/www.deliciousandsons.com\/es\/tienda-gourmet\/pate-de-tomates-secos-ecologico\/\" \/>\n<meta property=\"og:site_name\" content=\"Delicious &amp; Sons\" \/>\n<meta property=\"article:publisher\" content=\"https:\/\/www.facebook.com\/DeliciousandSons\/\" \/>\n<meta property=\"article:modified_time\" content=\"2022-08-26T09:03:51+00:00\" \/>\n<meta property=\"og:image\" content=\"https:\/\/www.deliciousandsons.com\/wp-content\/uploads\/2016\/06\/0_0017_pate_tomates_secos.jpg\" \/>\n\t<meta property=\"og:image:width\" content=\"1200\" \/>\n\t<meta property=\"og:image:height\" content=\"750\" \/>\n\t<meta property=\"og:image:type\" content=\"image\/jpeg\" \/>\n<meta name=\"twitter:card\" content=\"summary_large_image\" \/>\n<meta name=\"twitter:site\" content=\"@Delicious_Sons\" \/>\n<meta name=\"twitter:label1\" content=\"Tiempo de lectura\" \/>\n\t<meta name=\"twitter:data1\" content=\"1 minuto\" \/>\n<script type=\"application\/ld+json\" class=\"yoast-schema-graph\">{\"@context\":\"https:\/\/schema.org\",\"@graph\":[{\"@type\":\"WebPage\",\"@id\":\"https:\/\/www.deliciousandsons.com\/es\/tienda-gourmet\/pate-de-tomates-secos-ecologico\/\",\"url\":\"https:\/\/www.deliciousandsons.com\/es\/tienda-gourmet\/pate-de-tomates-secos-ecologico\/\",\"name\":\"Pat\u00e9 de tomates secos - Delicious &amp; Sons\",\"isPartOf\":{\"@id\":\"https:\/\/www.deliciousandsons.com\/#website\"},\"primaryImageOfPage\":{\"@id\":\"https:\/\/www.deliciousandsons.com\/es\/tienda-gourmet\/pate-de-tomates-secos-ecologico\/#primaryimage\"},\"image\":{\"@id\":\"https:\/\/www.deliciousandsons.com\/es\/tienda-gourmet\/pate-de-tomates-secos-ecologico\/#primaryimage\"},\"thumbnailUrl\":\"https:\/\/www.deliciousandsons.com\/wp-content\/uploads\/2016\/06\/0_0017_pate_tomates_secos.jpg\",\"datePublished\":\"2016-06-14T19:45:53+00:00\",\"dateModified\":\"2022-08-26T09:03:51+00:00\",\"description\":\"Creado con solo tomates ecol\u00f3gicos, est\u00e1 listo tomar en bocadillos y canap\u00e9s, y acompa\u00f1ar ensaladas, arroz, pasta y verduras.\",\"breadcrumb\":{\"@id\":\"https:\/\/www.deliciousandsons.com\/es\/tienda-gourmet\/pate-de-tomates-secos-ecologico\/#breadcrumb\"},\"inLanguage\":\"es\",\"potentialAction\":[{\"@type\":\"ReadAction\",\"target\":[\"https:\/\/www.deliciousandsons.com\/es\/tienda-gourmet\/pate-de-tomates-secos-ecologico\/\"]}]},{\"@type\":\"ImageObject\",\"inLanguage\":\"es\",\"@id\":\"https:\/\/www.deliciousandsons.com\/es\/tienda-gourmet\/pate-de-tomates-secos-ecologico\/#primaryimage\",\"url\":\"https:\/\/www.deliciousandsons.com\/wp-content\/uploads\/2016\/06\/0_0017_pate_tomates_secos.jpg\",\"contentUrl\":\"https:\/\/www.deliciousandsons.com\/wp-content\/uploads\/2016\/06\/0_0017_pate_tomates_secos.jpg\",\"width\":1200,\"height\":750,\"caption\":\"pate-tomates-secos\"},{\"@type\":\"BreadcrumbList\",\"@id\":\"https:\/\/www.deliciousandsons.com\/es\/tienda-gourmet\/pate-de-tomates-secos-ecologico\/#breadcrumb\",\"itemListElement\":[{\"@type\":\"ListItem\",\"position\":1,\"name\":\"Home\",\"item\":\"https:\/\/www.deliciousandsons.com\/es\/\"},{\"@type\":\"ListItem\",\"position\":2,\"name\":\"Comprar\",\"item\":\"https:\/\/www.deliciousandsons.com\/es\/tienda\/\"},{\"@type\":\"ListItem\",\"position\":3,\"name\":\"Pat\u00e9 de Tomates Secos Ecol\u00f3gico\"}]},{\"@type\":\"WebSite\",\"@id\":\"https:\/\/www.deliciousandsons.com\/#website\",\"url\":\"https:\/\/www.deliciousandsons.com\/\",\"name\":\"Delicious &amp; Sons\",\"description\":\"\",\"potentialAction\":[{\"@type\":\"SearchAction\",\"target\":{\"@type\":\"EntryPoint\",\"urlTemplate\":\"https:\/\/www.deliciousandsons.com\/?s={search_term_string}\"},\"query-input\":\"required name=search_term_string\"}],\"inLanguage\":\"es\"}]}<\/script>\n<!-- \/ Yoast SEO plugin. -->","yoast_head_json":{"title":"Pat\u00e9 de tomates secos - Delicious &amp; Sons","description":"Creado con solo tomates ecol\u00f3gicos, est\u00e1 listo tomar en bocadillos y canap\u00e9s, y acompa\u00f1ar ensaladas, arroz, pasta y verduras.","robots":{"index":"index","follow":"follow","max-snippet":"max-snippet:-1","max-image-preview":"max-image-preview:large","max-video-preview":"max-video-preview:-1"},"canonical":"https:\/\/www.deliciousandsons.com\/es\/tienda-gourmet\/pate-de-tomates-secos-ecologico\/","og_locale":"es_ES","og_type":"article","og_title":"Pat\u00e9 de tomates secos - Delicious &amp; Sons","og_description":"Creado con solo tomates ecol\u00f3gicos, est\u00e1 listo tomar en bocadillos y canap\u00e9s, y acompa\u00f1ar ensaladas, arroz, pasta y verduras.","og_url":"https:\/\/www.deliciousandsons.com\/es\/tienda-gourmet\/pate-de-tomates-secos-ecologico\/","og_site_name":"Delicious &amp; Sons","article_publisher":"https:\/\/www.facebook.com\/DeliciousandSons\/","article_modified_time":"2022-08-26T09:03:51+00:00","og_image":[{"width":1200,"height":750,"url":"https:\/\/www.deliciousandsons.com\/wp-content\/uploads\/2016\/06\/0_0017_pate_tomates_secos.jpg","type":"image\/jpeg"}],"twitter_card":"summary_large_image","twitter_site":"@Delicious_Sons","twitter_misc":{"Tiempo de lectura":"1 minuto"},"schema":{"@context":"https:\/\/schema.org","@graph":[{"@type":"WebPage","@id":"https:\/\/www.deliciousandsons.com\/es\/tienda-gourmet\/pate-de-tomates-secos-ecologico\/","url":"https:\/\/www.deliciousandsons.com\/es\/tienda-gourmet\/pate-de-tomates-secos-ecologico\/","name":"Pat\u00e9 de tomates secos - Delicious &amp; Sons","isPartOf":{"@id":"https:\/\/www.deliciousandsons.com\/#website"},"primaryImageOfPage":{"@id":"https:\/\/www.deliciousandsons.com\/es\/tienda-gourmet\/pate-de-tomates-secos-ecologico\/#primaryimage"},"image":{"@id":"https:\/\/www.deliciousandsons.com\/es\/tienda-gourmet\/pate-de-tomates-secos-ecologico\/#primaryimage"},"thumbnailUrl":"https:\/\/www.deliciousandsons.com\/wp-content\/uploads\/2016\/06\/0_0017_pate_tomates_secos.jpg","datePublished":"2016-06-14T19:45:53+00:00","dateModified":"2022-08-26T09:03:51+00:00","description":"Creado con solo tomates ecol\u00f3gicos, est\u00e1 listo tomar en bocadillos y canap\u00e9s, y acompa\u00f1ar ensaladas, arroz, pasta y verduras.","breadcrumb":{"@id":"https:\/\/www.deliciousandsons.com\/es\/tienda-gourmet\/pate-de-tomates-secos-ecologico\/#breadcrumb"},"inLanguage":"es","potentialAction":[{"@type":"ReadAction","target":["https:\/\/www.deliciousandsons.com\/es\/tienda-gourmet\/pate-de-tomates-secos-ecologico\/"]}]},{"@type":"ImageObject","inLanguage":"es","@id":"https:\/\/www.deliciousandsons.com\/es\/tienda-gourmet\/pate-de-tomates-secos-ecologico\/#primaryimage","url":"https:\/\/www.deliciousandsons.com\/wp-content\/uploads\/2016\/06\/0_0017_pate_tomates_secos.jpg","contentUrl":"https:\/\/www.deliciousandsons.com\/wp-content\/uploads\/2016\/06\/0_0017_pate_tomates_secos.jpg","width":1200,"height":750,"caption":"pate-tomates-secos"},{"@type":"BreadcrumbList","@id":"https:\/\/www.deliciousandsons.com\/es\/tienda-gourmet\/pate-de-tomates-secos-ecologico\/#breadcrumb","itemListElement":[{"@type":"ListItem","position":1,"name":"Home","item":"https:\/\/www.deliciousandsons.com\/es\/"},{"@type":"ListItem","position":2,"name":"Comprar","item":"https:\/\/www.deliciousandsons.com\/es\/tienda\/"},{"@type":"ListItem","position":3,"name":"Pat\u00e9 de Tomates Secos Ecol\u00f3gico"}]},{"@type":"WebSite","@id":"https:\/\/www.deliciousandsons.com\/#website","url":"https:\/\/www.deliciousandsons.com\/","name":"Delicious &amp; Sons","description":"","potentialAction":[{"@type":"SearchAction","target":{"@type":"EntryPoint","urlTemplate":"https:\/\/www.deliciousandsons.com\/?s={search_term_string}"},"query-input":"required name=search_term_string"}],"inLanguage":"es"}]}},"_links":{"self":[{"href":"https:\/\/www.deliciousandsons.com\/es\/wp-json\/wp\/v2\/product\/490"}],"collection":[{"href":"https:\/\/www.deliciousandsons.com\/es\/wp-json\/wp\/v2\/product"}],"about":[{"href":"https:\/\/www.deliciousandsons.com\/es\/wp-json\/wp\/v2\/types\/product"}],"wp:featuredmedia":[{"embeddable":true,"href":"https:\/\/www.deliciousandsons.com\/es\/wp-json\/wp\/v2\/media\/5716"}],"wp:attachment":[{"href":"https:\/\/www.deliciousandsons.com\/es\/wp-json\/wp\/v2\/media?parent=490"}],"wp:term":[{"taxonomy":"product_cat","embeddable":true,"href":"https:\/\/www.deliciousandsons.com\/es\/wp-json\/wp\/v2\/product_cat?post=490"},{"taxonomy":"product_tag","embeddable":true,"href":"https:\/\/www.deliciousandsons.com\/es\/wp-json\/wp\/v2\/product_tag?post=490"},{"taxonomy":"legume_pasta","embeddable":true,"href":"https:\/\/www.deliciousandsons.com\/es\/wp-json\/wp\/v2\/legume_pasta?post=490"},{"taxonomy":"dip_spreads","embeddable":true,"href":"https:\/\/www.deliciousandsons.com\/es\/wp-json\/wp\/v2\/dip_spreads?post=490"},{"taxonomy":"aiolis","embeddable":true,"href":"https:\/\/www.deliciousandsons.com\/es\/wp-json\/wp\/v2\/aiolis?post=490"},{"taxonomy":"samplers","embeddable":true,"href":"https:\/\/www.deliciousandsons.com\/es\/wp-json\/wp\/v2\/samplers?post=490"},{"taxonomy":"tapenades","embeddable":true,"href":"https:\/\/www.deliciousandsons.com\/es\/wp-json\/wp\/v2\/tapenades?post=490"},{"taxonomy":"italian_truffle","embeddable":true,"href":"https:\/\/www.deliciousandsons.com\/es\/wp-json\/wp\/v2\/italian_truffle?post=490"},{"taxonomy":"Sauces","embeddable":true,"href":"https:\/\/www.deliciousandsons.com\/es\/wp-json\/wp\/v2\/Sauces?post=490"},{"taxonomy":"diets","embeddable":true,"href":"https:\/\/www.deliciousandsons.com\/es\/wp-json\/wp\/v2\/diets?post=490"},{"taxonomy":"stars","embeddable":true,"href":"https:\/\/www.deliciousandsons.com\/es\/wp-json\/wp\/v2\/stars?post=490"}],"curies":[{"name":"wp","href":"https:\/\/api.w.org\/{rel}","templated":true}]}}