{"id":494,"date":"2016-06-14T19:45:11","date_gmt":"2016-06-14T19:45:11","guid":{"rendered":"http:\/\/www.deliciousandsons.com\/es\/shop\/uncategorized\/truffle-oil\/"},"modified":"2022-08-26T09:13:19","modified_gmt":"2022-08-26T09:13:19","slug":"aceite-de-olivia-vigen-extra-trufa","status":"publish","type":"product","link":"https:\/\/www.deliciousandsons.com\/es\/tienda-gourmet\/aceite-de-olivia-vigen-extra-trufa\/","title":{"rendered":"Aceite de Oliva &#038; Trufa Negra"},"content":{"rendered":"<p>Aceite de Oliva Virgen Extra dorado con aut\u00e9ntica trufa italiana que te har\u00e1 viajar a Italia.<\/p>\n<p>De intensidad y aroma inigualable convertir\u00e1 en segundos tu plato en una inolvidable experiencia. Pru\u00e9balo en todas las combinaciones posibles. Encaja a la perfecci\u00f3n tanto para dar un toque final a un plato, en ensaladas, verduras a la plancha, patatas o verduras asadas, cualquier prote\u00edna vegetal.<\/p>\n<p>Y si tienes invitados, apuesta por una barbacoa con este aceite. Todos estar\u00e1n deseando repetir.<\/p>\n<p>Certificaciones: Vegano, Vegetariano, Sin Transg\u00e9nicos, Sin Gluten y Sin Huevo, Sin Az\u00facares A\u00f1adidos, Paleo Friendly y Keto Friendly.<\/p>\n","protected":false},"excerpt":{"rendered":"<p>Aceite de Oliva Virgen Extra dorado con aut\u00e9ntica trufa italiana que te har\u00e1 viajar a Italia. De intensidad y aroma inigualable convertir\u00e1 en segundos tu plato en una inolvidable experiencia. Pru\u00e9balo en todas las combinaciones posibles. Encaja a la perfecci\u00f3n tanto para dar un toque&#8230;<\/p>\n","protected":false},"featured_media":5816,"template":"","meta":{"_acf_changed":false,"om_disable_all_campaigns":false,"inline_featured_image":false,"_monsterinsights_skip_tracking":false,"_monsterinsights_sitenote_active":false,"_monsterinsights_sitenote_note":"","_monsterinsights_sitenote_category":0,"_uf_show_specific_survey":0,"_uf_disable_surveys":false},"product_cat":[460,459,458,457,543,337,376,379,449,34,24],"product_tag":[270,267,264,139,134,135,133,127,125,120,109,107],"legume_pasta":[],"dip_spreads":[],"aiolis":[],"samplers":[],"tapenades":[],"italian_truffle":[1174],"Sauces":[],"diets":[1113,1112,1111,1110,1109,1108,1107,1106,1105,1104,1103,1102],"stars":[],"supplier_id":null,"supplier_sku":"","barcode":null,"atum_controlled":false,"out_stock_date":null,"out_stock_threshold":null,"inheritable":false,"inbound_stock":0,"stock_on_hold":0,"sold_today":0,"sales_last_days":0,"reserved_stock":0,"customer_returns":0,"warehouse_damage":0,"lost_in_post":0,"other_logs":0,"out_stock_days":0,"lost_sales":0,"has_location":false,"update_date":"2026-05-13T11:13:25","atum_locations":[],"atum_stock_status":"outofstock","restock_status":false,"low_stock_amount":"","sales_update_date":"2026-05-13T11:13:25","calc_backorders":null,"mi_inventories":[],"multi_inventory":"no","inventory_sorting_mode":"global","inventory_iteration":"global","expirable_inventories":"no","price_per_inventory":"no","show_write_off_inventories":"no","selectable_inventories":"no","selectable_inventories_mode":"global","acf":[],"aioseo_notices":[],"yoast_head":"<!-- This site is optimized with the Yoast SEO plugin v22.6 - https:\/\/yoast.com\/wordpress\/plugins\/seo\/ -->\n<title>Aceite de trufa negra - Delicious &amp; Sons<\/title>\n<meta name=\"description\" content=\"Aceite de Olivia virgen extra con aut\u00e9ntica trufa negra, delicioso para los que disfrutan de este tub\u00e9rculo tan especial y arom\u00e1tico.\" \/>\n<meta name=\"robots\" content=\"index, follow, max-snippet:-1, max-image-preview:large, max-video-preview:-1\" \/>\n<link rel=\"canonical\" href=\"https:\/\/www.deliciousandsons.com\/es\/tienda-gourmet\/aceite-de-olivia-vigen-extra-trufa\/\" \/>\n<meta property=\"og:locale\" content=\"es_ES\" \/>\n<meta property=\"og:type\" content=\"article\" \/>\n<meta property=\"og:title\" content=\"Aceite de trufa negra - Delicious &amp; Sons\" \/>\n<meta property=\"og:description\" content=\"Aceite de Olivia virgen extra con aut\u00e9ntica trufa negra, delicioso para los que disfrutan de este tub\u00e9rculo tan especial y arom\u00e1tico.\" \/>\n<meta property=\"og:url\" content=\"https:\/\/www.deliciousandsons.com\/es\/tienda-gourmet\/aceite-de-olivia-vigen-extra-trufa\/\" \/>\n<meta property=\"og:site_name\" content=\"Delicious &amp; Sons\" \/>\n<meta property=\"article:publisher\" content=\"https:\/\/www.facebook.com\/DeliciousandSons\/\" \/>\n<meta property=\"article:modified_time\" content=\"2022-08-26T09:13:19+00:00\" \/>\n<meta property=\"og:image\" content=\"https:\/\/www.deliciousandsons.com\/wp-content\/uploads\/2016\/06\/0_0011_oli.jpg\" \/>\n\t<meta property=\"og:image:width\" content=\"1200\" \/>\n\t<meta property=\"og:image:height\" content=\"750\" \/>\n\t<meta property=\"og:image:type\" content=\"image\/jpeg\" \/>\n<meta name=\"twitter:card\" content=\"summary_large_image\" \/>\n<meta name=\"twitter:site\" content=\"@Delicious_Sons\" \/>\n<meta name=\"twitter:label1\" content=\"Tiempo de lectura\" \/>\n\t<meta name=\"twitter:data1\" content=\"1 minuto\" \/>\n<script type=\"application\/ld+json\" class=\"yoast-schema-graph\">{\"@context\":\"https:\/\/schema.org\",\"@graph\":[{\"@type\":\"WebPage\",\"@id\":\"https:\/\/www.deliciousandsons.com\/es\/tienda-gourmet\/aceite-de-olivia-vigen-extra-trufa\/\",\"url\":\"https:\/\/www.deliciousandsons.com\/es\/tienda-gourmet\/aceite-de-olivia-vigen-extra-trufa\/\",\"name\":\"Aceite de trufa negra - Delicious &amp; Sons\",\"isPartOf\":{\"@id\":\"https:\/\/www.deliciousandsons.com\/#website\"},\"primaryImageOfPage\":{\"@id\":\"https:\/\/www.deliciousandsons.com\/es\/tienda-gourmet\/aceite-de-olivia-vigen-extra-trufa\/#primaryimage\"},\"image\":{\"@id\":\"https:\/\/www.deliciousandsons.com\/es\/tienda-gourmet\/aceite-de-olivia-vigen-extra-trufa\/#primaryimage\"},\"thumbnailUrl\":\"https:\/\/www.deliciousandsons.com\/wp-content\/uploads\/2016\/06\/0_0011_oli.jpg\",\"datePublished\":\"2016-06-14T19:45:11+00:00\",\"dateModified\":\"2022-08-26T09:13:19+00:00\",\"description\":\"Aceite de Olivia virgen extra con aut\u00e9ntica trufa negra, delicioso para los que disfrutan de este tub\u00e9rculo tan especial y arom\u00e1tico.\",\"breadcrumb\":{\"@id\":\"https:\/\/www.deliciousandsons.com\/es\/tienda-gourmet\/aceite-de-olivia-vigen-extra-trufa\/#breadcrumb\"},\"inLanguage\":\"es\",\"potentialAction\":[{\"@type\":\"ReadAction\",\"target\":[\"https:\/\/www.deliciousandsons.com\/es\/tienda-gourmet\/aceite-de-olivia-vigen-extra-trufa\/\"]}]},{\"@type\":\"ImageObject\",\"inLanguage\":\"es\",\"@id\":\"https:\/\/www.deliciousandsons.com\/es\/tienda-gourmet\/aceite-de-olivia-vigen-extra-trufa\/#primaryimage\",\"url\":\"https:\/\/www.deliciousandsons.com\/wp-content\/uploads\/2016\/06\/0_0011_oli.jpg\",\"contentUrl\":\"https:\/\/www.deliciousandsons.com\/wp-content\/uploads\/2016\/06\/0_0011_oli.jpg\",\"width\":1200,\"height\":750,\"caption\":\"aceite-de-trufa-negra\"},{\"@type\":\"BreadcrumbList\",\"@id\":\"https:\/\/www.deliciousandsons.com\/es\/tienda-gourmet\/aceite-de-olivia-vigen-extra-trufa\/#breadcrumb\",\"itemListElement\":[{\"@type\":\"ListItem\",\"position\":1,\"name\":\"Home\",\"item\":\"https:\/\/www.deliciousandsons.com\/es\/\"},{\"@type\":\"ListItem\",\"position\":2,\"name\":\"Comprar\",\"item\":\"https:\/\/www.deliciousandsons.com\/es\/tienda\/\"},{\"@type\":\"ListItem\",\"position\":3,\"name\":\"Aceite de Oliva &#038; Trufa Negra\"}]},{\"@type\":\"WebSite\",\"@id\":\"https:\/\/www.deliciousandsons.com\/#website\",\"url\":\"https:\/\/www.deliciousandsons.com\/\",\"name\":\"Delicious &amp; Sons\",\"description\":\"\",\"potentialAction\":[{\"@type\":\"SearchAction\",\"target\":{\"@type\":\"EntryPoint\",\"urlTemplate\":\"https:\/\/www.deliciousandsons.com\/?s={search_term_string}\"},\"query-input\":\"required name=search_term_string\"}],\"inLanguage\":\"es\"}]}<\/script>\n<!-- \/ Yoast SEO plugin. -->","yoast_head_json":{"title":"Aceite de trufa negra - Delicious &amp; Sons","description":"Aceite de Olivia virgen extra con aut\u00e9ntica trufa negra, delicioso para los que disfrutan de este tub\u00e9rculo tan especial y arom\u00e1tico.","robots":{"index":"index","follow":"follow","max-snippet":"max-snippet:-1","max-image-preview":"max-image-preview:large","max-video-preview":"max-video-preview:-1"},"canonical":"https:\/\/www.deliciousandsons.com\/es\/tienda-gourmet\/aceite-de-olivia-vigen-extra-trufa\/","og_locale":"es_ES","og_type":"article","og_title":"Aceite de trufa negra - Delicious &amp; Sons","og_description":"Aceite de Olivia virgen extra con aut\u00e9ntica trufa negra, delicioso para los que disfrutan de este tub\u00e9rculo tan especial y arom\u00e1tico.","og_url":"https:\/\/www.deliciousandsons.com\/es\/tienda-gourmet\/aceite-de-olivia-vigen-extra-trufa\/","og_site_name":"Delicious &amp; Sons","article_publisher":"https:\/\/www.facebook.com\/DeliciousandSons\/","article_modified_time":"2022-08-26T09:13:19+00:00","og_image":[{"width":1200,"height":750,"url":"https:\/\/www.deliciousandsons.com\/wp-content\/uploads\/2016\/06\/0_0011_oli.jpg","type":"image\/jpeg"}],"twitter_card":"summary_large_image","twitter_site":"@Delicious_Sons","twitter_misc":{"Tiempo de lectura":"1 minuto"},"schema":{"@context":"https:\/\/schema.org","@graph":[{"@type":"WebPage","@id":"https:\/\/www.deliciousandsons.com\/es\/tienda-gourmet\/aceite-de-olivia-vigen-extra-trufa\/","url":"https:\/\/www.deliciousandsons.com\/es\/tienda-gourmet\/aceite-de-olivia-vigen-extra-trufa\/","name":"Aceite de trufa negra - Delicious &amp; Sons","isPartOf":{"@id":"https:\/\/www.deliciousandsons.com\/#website"},"primaryImageOfPage":{"@id":"https:\/\/www.deliciousandsons.com\/es\/tienda-gourmet\/aceite-de-olivia-vigen-extra-trufa\/#primaryimage"},"image":{"@id":"https:\/\/www.deliciousandsons.com\/es\/tienda-gourmet\/aceite-de-olivia-vigen-extra-trufa\/#primaryimage"},"thumbnailUrl":"https:\/\/www.deliciousandsons.com\/wp-content\/uploads\/2016\/06\/0_0011_oli.jpg","datePublished":"2016-06-14T19:45:11+00:00","dateModified":"2022-08-26T09:13:19+00:00","description":"Aceite de Olivia virgen extra con aut\u00e9ntica trufa negra, delicioso para los que disfrutan de este tub\u00e9rculo tan especial y arom\u00e1tico.","breadcrumb":{"@id":"https:\/\/www.deliciousandsons.com\/es\/tienda-gourmet\/aceite-de-olivia-vigen-extra-trufa\/#breadcrumb"},"inLanguage":"es","potentialAction":[{"@type":"ReadAction","target":["https:\/\/www.deliciousandsons.com\/es\/tienda-gourmet\/aceite-de-olivia-vigen-extra-trufa\/"]}]},{"@type":"ImageObject","inLanguage":"es","@id":"https:\/\/www.deliciousandsons.com\/es\/tienda-gourmet\/aceite-de-olivia-vigen-extra-trufa\/#primaryimage","url":"https:\/\/www.deliciousandsons.com\/wp-content\/uploads\/2016\/06\/0_0011_oli.jpg","contentUrl":"https:\/\/www.deliciousandsons.com\/wp-content\/uploads\/2016\/06\/0_0011_oli.jpg","width":1200,"height":750,"caption":"aceite-de-trufa-negra"},{"@type":"BreadcrumbList","@id":"https:\/\/www.deliciousandsons.com\/es\/tienda-gourmet\/aceite-de-olivia-vigen-extra-trufa\/#breadcrumb","itemListElement":[{"@type":"ListItem","position":1,"name":"Home","item":"https:\/\/www.deliciousandsons.com\/es\/"},{"@type":"ListItem","position":2,"name":"Comprar","item":"https:\/\/www.deliciousandsons.com\/es\/tienda\/"},{"@type":"ListItem","position":3,"name":"Aceite de Oliva &#038; Trufa Negra"}]},{"@type":"WebSite","@id":"https:\/\/www.deliciousandsons.com\/#website","url":"https:\/\/www.deliciousandsons.com\/","name":"Delicious &amp; Sons","description":"","potentialAction":[{"@type":"SearchAction","target":{"@type":"EntryPoint","urlTemplate":"https:\/\/www.deliciousandsons.com\/?s={search_term_string}"},"query-input":"required name=search_term_string"}],"inLanguage":"es"}]}},"_links":{"self":[{"href":"https:\/\/www.deliciousandsons.com\/es\/wp-json\/wp\/v2\/product\/494"}],"collection":[{"href":"https:\/\/www.deliciousandsons.com\/es\/wp-json\/wp\/v2\/product"}],"about":[{"href":"https:\/\/www.deliciousandsons.com\/es\/wp-json\/wp\/v2\/types\/product"}],"wp:featuredmedia":[{"embeddable":true,"href":"https:\/\/www.deliciousandsons.com\/es\/wp-json\/wp\/v2\/media\/5816"}],"wp:attachment":[{"href":"https:\/\/www.deliciousandsons.com\/es\/wp-json\/wp\/v2\/media?parent=494"}],"wp:term":[{"taxonomy":"product_cat","embeddable":true,"href":"https:\/\/www.deliciousandsons.com\/es\/wp-json\/wp\/v2\/product_cat?post=494"},{"taxonomy":"product_tag","embeddable":true,"href":"https:\/\/www.deliciousandsons.com\/es\/wp-json\/wp\/v2\/product_tag?post=494"},{"taxonomy":"legume_pasta","embeddable":true,"href":"https:\/\/www.deliciousandsons.com\/es\/wp-json\/wp\/v2\/legume_pasta?post=494"},{"taxonomy":"dip_spreads","embeddable":true,"href":"https:\/\/www.deliciousandsons.com\/es\/wp-json\/wp\/v2\/dip_spreads?post=494"},{"taxonomy":"aiolis","embeddable":true,"href":"https:\/\/www.deliciousandsons.com\/es\/wp-json\/wp\/v2\/aiolis?post=494"},{"taxonomy":"samplers","embeddable":true,"href":"https:\/\/www.deliciousandsons.com\/es\/wp-json\/wp\/v2\/samplers?post=494"},{"taxonomy":"tapenades","embeddable":true,"href":"https:\/\/www.deliciousandsons.com\/es\/wp-json\/wp\/v2\/tapenades?post=494"},{"taxonomy":"italian_truffle","embeddable":true,"href":"https:\/\/www.deliciousandsons.com\/es\/wp-json\/wp\/v2\/italian_truffle?post=494"},{"taxonomy":"Sauces","embeddable":true,"href":"https:\/\/www.deliciousandsons.com\/es\/wp-json\/wp\/v2\/Sauces?post=494"},{"taxonomy":"diets","embeddable":true,"href":"https:\/\/www.deliciousandsons.com\/es\/wp-json\/wp\/v2\/diets?post=494"},{"taxonomy":"stars","embeddable":true,"href":"https:\/\/www.deliciousandsons.com\/es\/wp-json\/wp\/v2\/stars?post=494"}],"curies":[{"name":"wp","href":"https:\/\/api.w.org\/{rel}","templated":true}]}}