{"id":8174,"date":"2019-12-07T20:56:56","date_gmt":"2019-12-07T20:56:56","guid":{"rendered":"https:\/\/www.deliciousandsons.com\/organic-shop\/gift-box-presentation\/"},"modified":"2020-11-27T16:27:54","modified_gmt":"2020-11-27T16:27:54","slug":"caja-regalo","status":"publish","type":"product","link":"https:\/\/www.deliciousandsons.com\/es\/tienda-gourmet\/caja-regalo\/","title":{"rendered":"Caja y Preparaci\u00f3n para Regalo"},"content":{"rendered":"<p><center><strong><u>(SOLO DISPONIBLE EN ESPA\u00d1A)<\/u><\/strong><\/center>&nbsp;<\/p>\n<p>Customiza tu Caja de Regalo: Preparamos tu compra en esta caja de regalo. A\u00f1ade a la cesta de la compra esta caja y los productos que quiera que vayan dentro. Caben 5-7 productos, seg\u00fan el tama\u00f1o de los que se escojan. La preparamos con un lazo verde en el exterior y papel de seda de verde en el interior.<\/p>\n<p>No olvides de indicarnos en las observaciones del pedido, los productos que quieres regalar dentro de la caja.<\/p>\n<p>El precio contempla el montar la caja y el material: caja de cart\u00f3n, lazo, adhesivo, papel de seda.<\/p>\n","protected":false},"excerpt":{"rendered":"<p>(SOLO DISPONIBLE EN ESPA\u00d1A)&nbsp; Customiza tu Caja de Regalo: Preparamos tu compra en esta caja de regalo. A\u00f1ade a la cesta de la compra esta caja y los productos que quiera que vayan dentro. Caben 5-7 productos, seg\u00fan el tama\u00f1o de los que se escojan&#8230;.<\/p>\n","protected":false},"featured_media":10195,"template":"","meta":{"_acf_changed":false,"om_disable_all_campaigns":false,"inline_featured_image":false,"_monsterinsights_skip_tracking":false,"_monsterinsights_sitenote_active":false,"_monsterinsights_sitenote_note":"","_monsterinsights_sitenote_category":0,"_uf_show_specific_survey":0,"_uf_disable_surveys":false},"product_cat":[986,449],"product_tag":[],"legume_pasta":[],"dip_spreads":[],"aiolis":[],"samplers":[],"tapenades":[],"italian_truffle":[],"Sauces":[],"diets":[1113,1112,1111,1110,1109,1108,1107,1106,1105,1104,1103,1102],"stars":[],"supplier_id":null,"supplier_sku":"","barcode":null,"atum_controlled":true,"out_stock_date":null,"out_stock_threshold":null,"inheritable":false,"inbound_stock":0,"stock_on_hold":1,"sold_today":0,"sales_last_days":0,"reserved_stock":0,"customer_returns":0,"warehouse_damage":0,"lost_in_post":0,"other_logs":0,"out_stock_days":0,"lost_sales":0,"has_location":false,"update_date":"2026-04-11T10:51:40","atum_locations":[],"atum_stock_status":"instock","restock_status":false,"low_stock_amount":"","sales_update_date":"2026-04-11T10:51:40","calc_backorders":null,"mi_inventories":[35,42],"multi_inventory":"global","inventory_sorting_mode":"global","inventory_iteration":"global","expirable_inventories":"global","price_per_inventory":"global","show_write_off_inventories":"global","selectable_inventories":"global","selectable_inventories_mode":"global","acf":[],"aioseo_notices":[],"yoast_head":"<!-- This site is optimized with the Yoast SEO plugin v22.6 - https:\/\/yoast.com\/wordpress\/plugins\/seo\/ -->\n<title>Caja y Preparaci\u00f3n para Regalo - Delicious &amp; Sons<\/title>\n<meta name=\"description\" content=\"Si quieres que con tus productos hagamos una caja de regalo \u00e9stas son ideales. En el exterior lleva un lazo verde y un adhesivo.\" \/>\n<meta name=\"robots\" content=\"index, follow, max-snippet:-1, max-image-preview:large, max-video-preview:-1\" \/>\n<link rel=\"canonical\" href=\"https:\/\/www.deliciousandsons.com\/es\/tienda-gourmet\/caja-regalo\/\" \/>\n<meta property=\"og:locale\" content=\"es_ES\" \/>\n<meta property=\"og:type\" content=\"article\" \/>\n<meta property=\"og:title\" content=\"Caja y Preparaci\u00f3n para Regalo - Delicious &amp; Sons\" \/>\n<meta property=\"og:description\" content=\"Si quieres que con tus productos hagamos una caja de regalo \u00e9stas son ideales. En el exterior lleva un lazo verde y un adhesivo.\" \/>\n<meta property=\"og:url\" content=\"https:\/\/www.deliciousandsons.com\/es\/tienda-gourmet\/caja-regalo\/\" \/>\n<meta property=\"og:site_name\" content=\"Delicious &amp; Sons\" \/>\n<meta property=\"article:publisher\" content=\"https:\/\/www.facebook.com\/DeliciousandSons\/\" \/>\n<meta property=\"article:modified_time\" content=\"2020-11-27T16:27:54+00:00\" \/>\n<meta property=\"og:image\" content=\"https:\/\/www.deliciousandsons.com\/wp-content\/uploads\/2020\/11\/0000_interior_caja_gris.jpg\" \/>\n\t<meta property=\"og:image:width\" content=\"1200\" \/>\n\t<meta property=\"og:image:height\" content=\"750\" \/>\n\t<meta property=\"og:image:type\" content=\"image\/jpeg\" \/>\n<meta name=\"twitter:card\" content=\"summary_large_image\" \/>\n<meta name=\"twitter:site\" content=\"@Delicious_Sons\" \/>\n<meta name=\"twitter:label1\" content=\"Tiempo de lectura\" \/>\n\t<meta name=\"twitter:data1\" content=\"1 minuto\" \/>\n<script type=\"application\/ld+json\" class=\"yoast-schema-graph\">{\"@context\":\"https:\/\/schema.org\",\"@graph\":[{\"@type\":\"WebPage\",\"@id\":\"https:\/\/www.deliciousandsons.com\/es\/tienda-gourmet\/caja-regalo\/\",\"url\":\"https:\/\/www.deliciousandsons.com\/es\/tienda-gourmet\/caja-regalo\/\",\"name\":\"Caja y Preparaci\u00f3n para Regalo - Delicious &amp; Sons\",\"isPartOf\":{\"@id\":\"https:\/\/www.deliciousandsons.com\/#website\"},\"primaryImageOfPage\":{\"@id\":\"https:\/\/www.deliciousandsons.com\/es\/tienda-gourmet\/caja-regalo\/#primaryimage\"},\"image\":{\"@id\":\"https:\/\/www.deliciousandsons.com\/es\/tienda-gourmet\/caja-regalo\/#primaryimage\"},\"thumbnailUrl\":\"https:\/\/www.deliciousandsons.com\/wp-content\/uploads\/2020\/11\/0000_interior_caja_gris.jpg\",\"datePublished\":\"2019-12-07T20:56:56+00:00\",\"dateModified\":\"2020-11-27T16:27:54+00:00\",\"description\":\"Si quieres que con tus productos hagamos una caja de regalo \u00e9stas son ideales. En el exterior lleva un lazo verde y un adhesivo.\",\"breadcrumb\":{\"@id\":\"https:\/\/www.deliciousandsons.com\/es\/tienda-gourmet\/caja-regalo\/#breadcrumb\"},\"inLanguage\":\"es\",\"potentialAction\":[{\"@type\":\"ReadAction\",\"target\":[\"https:\/\/www.deliciousandsons.com\/es\/tienda-gourmet\/caja-regalo\/\"]}]},{\"@type\":\"ImageObject\",\"inLanguage\":\"es\",\"@id\":\"https:\/\/www.deliciousandsons.com\/es\/tienda-gourmet\/caja-regalo\/#primaryimage\",\"url\":\"https:\/\/www.deliciousandsons.com\/wp-content\/uploads\/2020\/11\/0000_interior_caja_gris.jpg\",\"contentUrl\":\"https:\/\/www.deliciousandsons.com\/wp-content\/uploads\/2020\/11\/0000_interior_caja_gris.jpg\",\"width\":1200,\"height\":750,\"caption\":\"caja-regalo-delicious-and-sons\"},{\"@type\":\"BreadcrumbList\",\"@id\":\"https:\/\/www.deliciousandsons.com\/es\/tienda-gourmet\/caja-regalo\/#breadcrumb\",\"itemListElement\":[{\"@type\":\"ListItem\",\"position\":1,\"name\":\"Home\",\"item\":\"https:\/\/www.deliciousandsons.com\/es\/\"},{\"@type\":\"ListItem\",\"position\":2,\"name\":\"Comprar\",\"item\":\"https:\/\/www.deliciousandsons.com\/es\/tienda\/\"},{\"@type\":\"ListItem\",\"position\":3,\"name\":\"Caja y Preparaci\u00f3n para Regalo\"}]},{\"@type\":\"WebSite\",\"@id\":\"https:\/\/www.deliciousandsons.com\/#website\",\"url\":\"https:\/\/www.deliciousandsons.com\/\",\"name\":\"Delicious &amp; Sons\",\"description\":\"\",\"potentialAction\":[{\"@type\":\"SearchAction\",\"target\":{\"@type\":\"EntryPoint\",\"urlTemplate\":\"https:\/\/www.deliciousandsons.com\/?s={search_term_string}\"},\"query-input\":\"required name=search_term_string\"}],\"inLanguage\":\"es\"}]}<\/script>\n<!-- \/ Yoast SEO plugin. -->","yoast_head_json":{"title":"Caja y Preparaci\u00f3n para Regalo - Delicious &amp; Sons","description":"Si quieres que con tus productos hagamos una caja de regalo \u00e9stas son ideales. En el exterior lleva un lazo verde y un adhesivo.","robots":{"index":"index","follow":"follow","max-snippet":"max-snippet:-1","max-image-preview":"max-image-preview:large","max-video-preview":"max-video-preview:-1"},"canonical":"https:\/\/www.deliciousandsons.com\/es\/tienda-gourmet\/caja-regalo\/","og_locale":"es_ES","og_type":"article","og_title":"Caja y Preparaci\u00f3n para Regalo - Delicious &amp; Sons","og_description":"Si quieres que con tus productos hagamos una caja de regalo \u00e9stas son ideales. En el exterior lleva un lazo verde y un adhesivo.","og_url":"https:\/\/www.deliciousandsons.com\/es\/tienda-gourmet\/caja-regalo\/","og_site_name":"Delicious &amp; Sons","article_publisher":"https:\/\/www.facebook.com\/DeliciousandSons\/","article_modified_time":"2020-11-27T16:27:54+00:00","og_image":[{"width":1200,"height":750,"url":"https:\/\/www.deliciousandsons.com\/wp-content\/uploads\/2020\/11\/0000_interior_caja_gris.jpg","type":"image\/jpeg"}],"twitter_card":"summary_large_image","twitter_site":"@Delicious_Sons","twitter_misc":{"Tiempo de lectura":"1 minuto"},"schema":{"@context":"https:\/\/schema.org","@graph":[{"@type":"WebPage","@id":"https:\/\/www.deliciousandsons.com\/es\/tienda-gourmet\/caja-regalo\/","url":"https:\/\/www.deliciousandsons.com\/es\/tienda-gourmet\/caja-regalo\/","name":"Caja y Preparaci\u00f3n para Regalo - Delicious &amp; Sons","isPartOf":{"@id":"https:\/\/www.deliciousandsons.com\/#website"},"primaryImageOfPage":{"@id":"https:\/\/www.deliciousandsons.com\/es\/tienda-gourmet\/caja-regalo\/#primaryimage"},"image":{"@id":"https:\/\/www.deliciousandsons.com\/es\/tienda-gourmet\/caja-regalo\/#primaryimage"},"thumbnailUrl":"https:\/\/www.deliciousandsons.com\/wp-content\/uploads\/2020\/11\/0000_interior_caja_gris.jpg","datePublished":"2019-12-07T20:56:56+00:00","dateModified":"2020-11-27T16:27:54+00:00","description":"Si quieres que con tus productos hagamos una caja de regalo \u00e9stas son ideales. En el exterior lleva un lazo verde y un adhesivo.","breadcrumb":{"@id":"https:\/\/www.deliciousandsons.com\/es\/tienda-gourmet\/caja-regalo\/#breadcrumb"},"inLanguage":"es","potentialAction":[{"@type":"ReadAction","target":["https:\/\/www.deliciousandsons.com\/es\/tienda-gourmet\/caja-regalo\/"]}]},{"@type":"ImageObject","inLanguage":"es","@id":"https:\/\/www.deliciousandsons.com\/es\/tienda-gourmet\/caja-regalo\/#primaryimage","url":"https:\/\/www.deliciousandsons.com\/wp-content\/uploads\/2020\/11\/0000_interior_caja_gris.jpg","contentUrl":"https:\/\/www.deliciousandsons.com\/wp-content\/uploads\/2020\/11\/0000_interior_caja_gris.jpg","width":1200,"height":750,"caption":"caja-regalo-delicious-and-sons"},{"@type":"BreadcrumbList","@id":"https:\/\/www.deliciousandsons.com\/es\/tienda-gourmet\/caja-regalo\/#breadcrumb","itemListElement":[{"@type":"ListItem","position":1,"name":"Home","item":"https:\/\/www.deliciousandsons.com\/es\/"},{"@type":"ListItem","position":2,"name":"Comprar","item":"https:\/\/www.deliciousandsons.com\/es\/tienda\/"},{"@type":"ListItem","position":3,"name":"Caja y Preparaci\u00f3n para Regalo"}]},{"@type":"WebSite","@id":"https:\/\/www.deliciousandsons.com\/#website","url":"https:\/\/www.deliciousandsons.com\/","name":"Delicious &amp; Sons","description":"","potentialAction":[{"@type":"SearchAction","target":{"@type":"EntryPoint","urlTemplate":"https:\/\/www.deliciousandsons.com\/?s={search_term_string}"},"query-input":"required name=search_term_string"}],"inLanguage":"es"}]}},"_links":{"self":[{"href":"https:\/\/www.deliciousandsons.com\/es\/wp-json\/wp\/v2\/product\/8174"}],"collection":[{"href":"https:\/\/www.deliciousandsons.com\/es\/wp-json\/wp\/v2\/product"}],"about":[{"href":"https:\/\/www.deliciousandsons.com\/es\/wp-json\/wp\/v2\/types\/product"}],"wp:featuredmedia":[{"embeddable":true,"href":"https:\/\/www.deliciousandsons.com\/es\/wp-json\/wp\/v2\/media\/10195"}],"wp:attachment":[{"href":"https:\/\/www.deliciousandsons.com\/es\/wp-json\/wp\/v2\/media?parent=8174"}],"wp:term":[{"taxonomy":"product_cat","embeddable":true,"href":"https:\/\/www.deliciousandsons.com\/es\/wp-json\/wp\/v2\/product_cat?post=8174"},{"taxonomy":"product_tag","embeddable":true,"href":"https:\/\/www.deliciousandsons.com\/es\/wp-json\/wp\/v2\/product_tag?post=8174"},{"taxonomy":"legume_pasta","embeddable":true,"href":"https:\/\/www.deliciousandsons.com\/es\/wp-json\/wp\/v2\/legume_pasta?post=8174"},{"taxonomy":"dip_spreads","embeddable":true,"href":"https:\/\/www.deliciousandsons.com\/es\/wp-json\/wp\/v2\/dip_spreads?post=8174"},{"taxonomy":"aiolis","embeddable":true,"href":"https:\/\/www.deliciousandsons.com\/es\/wp-json\/wp\/v2\/aiolis?post=8174"},{"taxonomy":"samplers","embeddable":true,"href":"https:\/\/www.deliciousandsons.com\/es\/wp-json\/wp\/v2\/samplers?post=8174"},{"taxonomy":"tapenades","embeddable":true,"href":"https:\/\/www.deliciousandsons.com\/es\/wp-json\/wp\/v2\/tapenades?post=8174"},{"taxonomy":"italian_truffle","embeddable":true,"href":"https:\/\/www.deliciousandsons.com\/es\/wp-json\/wp\/v2\/italian_truffle?post=8174"},{"taxonomy":"Sauces","embeddable":true,"href":"https:\/\/www.deliciousandsons.com\/es\/wp-json\/wp\/v2\/Sauces?post=8174"},{"taxonomy":"diets","embeddable":true,"href":"https:\/\/www.deliciousandsons.com\/es\/wp-json\/wp\/v2\/diets?post=8174"},{"taxonomy":"stars","embeddable":true,"href":"https:\/\/www.deliciousandsons.com\/es\/wp-json\/wp\/v2\/stars?post=8174"}],"curies":[{"name":"wp","href":"https:\/\/api.w.org\/{rel}","templated":true}]}}