{"id":8603,"date":"2020-03-24T11:36:40","date_gmt":"2020-03-24T11:36:40","guid":{"rendered":"https:\/\/www.deliciousandsons.com\/?post_type=product&#038;p=8603"},"modified":"2021-06-21T09:44:02","modified_gmt":"2021-06-21T09:44:02","slug":"organic-tomato-porcini-mushroom-sauce-pack-of-3","status":"publish","type":"product","link":"https:\/\/www.deliciousandsons.com\/es\/tienda-gourmet\/organic-tomato-porcini-mushroom-sauce-pack-of-3\/","title":{"rendered":"Salsa de Tomate con Setas Porcini Ecol\u00f3gica (3 uds.)"},"content":{"rendered":"<p>Tres frascos de Salsa de Tomate con Setas Porcini, ecol\u00f3gica. Con tomates rojos de intenso color y sabor, recolectados en su justa maduraci\u00f3n bajo el sol del Mediterr\u00e1neo y aut\u00e9nticas setas porcini, creamos esta Salsa ecol\u00f3gica de Tomate y Setas Porcini de gran aroma y sabor.<\/p>\n<p>Resulta ideal para tomar con recetas de pasta, especialmente con pasta larga como \u201clinguini\u201d, \u201cespagueti\u201d, \u201cpappardelle\u201d y \u201cfettuccini\u201d. Sorprende como ingrediente de lasa\u00f1as con o sin carne, alb\u00f3ndigas, prote\u00ednas vegetales como tofu o seit\u00e1n , parmesana de berenjenas, carnes o pescados.<\/p>\n<p>Esta Salsa de Tomate y Setas plant-based est\u00e1 producida con Aceite de Oliva Virgen Extra y certificada Ecol\u00f3gica, Sin Gluten, Vegana y Vegetariana. Adem\u00e1s, no contiene huevo, az\u00facares a\u00f1adidos ni transg\u00e9nicos.<\/p>\n<p>El Pack contiene 3 tarros de Salsa de Tomate con Setas Porcini Ecol\u00f3gica.<\/p>\n","protected":false},"excerpt":{"rendered":"<p>Tres frascos de Salsa de Tomate con Setas Porcini, ecol\u00f3gica. Con tomates rojos de intenso color y sabor, recolectados en su justa maduraci\u00f3n bajo el sol del Mediterr\u00e1neo y aut\u00e9nticas setas porcini, creamos esta Salsa ecol\u00f3gica de Tomate y Setas Porcini de gran aroma y&#8230;<\/p>\n","protected":false},"featured_media":11924,"template":"","meta":{"_acf_changed":false,"om_disable_all_campaigns":false,"inline_featured_image":false,"_monsterinsights_skip_tracking":false,"_monsterinsights_sitenote_active":false,"_monsterinsights_sitenote_note":"","_monsterinsights_sitenote_category":0,"_uf_show_specific_survey":0,"_uf_disable_surveys":false},"product_cat":[460,459,458,457,456,543,337,447,446,378,382,449,31,25],"product_tag":[],"legume_pasta":[],"dip_spreads":[],"aiolis":[],"samplers":[1201],"tapenades":[],"italian_truffle":[],"Sauces":[],"diets":[1113,1112,1111,1110,1109,1108,1107,1106,1105,1104,1103,1102],"stars":[],"supplier_id":null,"supplier_sku":"","barcode":null,"atum_controlled":true,"out_stock_date":null,"out_stock_threshold":null,"inheritable":false,"inbound_stock":0,"stock_on_hold":5,"sold_today":0,"sales_last_days":0,"reserved_stock":0,"customer_returns":0,"warehouse_damage":0,"lost_in_post":0,"other_logs":0,"out_stock_days":0,"lost_sales":0,"has_location":false,"update_date":"2026-04-14T10:52:56","atum_locations":[],"atum_stock_status":"instock","restock_status":false,"low_stock_amount":"","sales_update_date":"2026-04-14T10:52:56","calc_backorders":null,"mi_inventories":[27],"multi_inventory":"global","inventory_sorting_mode":"global","inventory_iteration":"global","expirable_inventories":"global","price_per_inventory":"global","show_write_off_inventories":"global","selectable_inventories":"global","selectable_inventories_mode":"global","acf":[],"aioseo_notices":[],"yoast_head":"<!-- This site is optimized with the Yoast SEO plugin v22.6 - https:\/\/yoast.com\/wordpress\/plugins\/seo\/ -->\n<title>Salsa de Tomate con Setas Porcini Ecol\u00f3gica (3 uds.) - Delicious &amp; Sons<\/title>\n<meta name=\"description\" content=\"Salsa de Tomate con Setas Porcini Ecol\u00f3gica en un c\u00f3modo pack de 3 para todas tus necesidades en la cocina como para pasta, pizza y lasagna.\" \/>\n<meta name=\"robots\" content=\"index, follow, max-snippet:-1, max-image-preview:large, max-video-preview:-1\" \/>\n<link rel=\"canonical\" href=\"https:\/\/www.deliciousandsons.com\/es\/tienda-gourmet\/organic-tomato-porcini-mushroom-sauce-pack-of-3\/\" \/>\n<meta property=\"og:locale\" content=\"es_ES\" \/>\n<meta property=\"og:type\" content=\"article\" \/>\n<meta property=\"og:title\" content=\"Salsa de Tomate con Setas Porcini Ecol\u00f3gica (3 uds.) - Delicious &amp; Sons\" \/>\n<meta property=\"og:description\" content=\"Salsa de Tomate con Setas Porcini Ecol\u00f3gica en un c\u00f3modo pack de 3 para todas tus necesidades en la cocina como para pasta, pizza y lasagna.\" \/>\n<meta property=\"og:url\" content=\"https:\/\/www.deliciousandsons.com\/es\/tienda-gourmet\/organic-tomato-porcini-mushroom-sauce-pack-of-3\/\" \/>\n<meta property=\"og:site_name\" content=\"Delicious &amp; Sons\" \/>\n<meta property=\"article:publisher\" content=\"https:\/\/www.facebook.com\/DeliciousandSons\/\" \/>\n<meta property=\"article:modified_time\" content=\"2021-06-21T09:44:02+00:00\" \/>\n<meta property=\"og:image\" content=\"https:\/\/www.deliciousandsons.com\/wp-content\/uploads\/2020\/03\/pack-tomate-porcini.png\" \/>\n\t<meta property=\"og:image:width\" content=\"1200\" \/>\n\t<meta property=\"og:image:height\" content=\"750\" \/>\n\t<meta property=\"og:image:type\" content=\"image\/png\" \/>\n<meta name=\"twitter:card\" content=\"summary_large_image\" \/>\n<meta name=\"twitter:site\" content=\"@Delicious_Sons\" \/>\n<meta name=\"twitter:label1\" content=\"Tiempo de lectura\" \/>\n\t<meta name=\"twitter:data1\" content=\"1 minuto\" \/>\n<script type=\"application\/ld+json\" class=\"yoast-schema-graph\">{\"@context\":\"https:\/\/schema.org\",\"@graph\":[{\"@type\":\"WebPage\",\"@id\":\"https:\/\/www.deliciousandsons.com\/es\/tienda-gourmet\/organic-tomato-porcini-mushroom-sauce-pack-of-3\/\",\"url\":\"https:\/\/www.deliciousandsons.com\/es\/tienda-gourmet\/organic-tomato-porcini-mushroom-sauce-pack-of-3\/\",\"name\":\"Salsa de Tomate con Setas Porcini Ecol\u00f3gica (3 uds.) - Delicious &amp; Sons\",\"isPartOf\":{\"@id\":\"https:\/\/www.deliciousandsons.com\/#website\"},\"primaryImageOfPage\":{\"@id\":\"https:\/\/www.deliciousandsons.com\/es\/tienda-gourmet\/organic-tomato-porcini-mushroom-sauce-pack-of-3\/#primaryimage\"},\"image\":{\"@id\":\"https:\/\/www.deliciousandsons.com\/es\/tienda-gourmet\/organic-tomato-porcini-mushroom-sauce-pack-of-3\/#primaryimage\"},\"thumbnailUrl\":\"https:\/\/www.deliciousandsons.com\/wp-content\/uploads\/2020\/03\/pack-tomate-porcini.png\",\"datePublished\":\"2020-03-24T11:36:40+00:00\",\"dateModified\":\"2021-06-21T09:44:02+00:00\",\"description\":\"Salsa de Tomate con Setas Porcini Ecol\u00f3gica en un c\u00f3modo pack de 3 para todas tus necesidades en la cocina como para pasta, pizza y lasagna.\",\"breadcrumb\":{\"@id\":\"https:\/\/www.deliciousandsons.com\/es\/tienda-gourmet\/organic-tomato-porcini-mushroom-sauce-pack-of-3\/#breadcrumb\"},\"inLanguage\":\"es\",\"potentialAction\":[{\"@type\":\"ReadAction\",\"target\":[\"https:\/\/www.deliciousandsons.com\/es\/tienda-gourmet\/organic-tomato-porcini-mushroom-sauce-pack-of-3\/\"]}]},{\"@type\":\"ImageObject\",\"inLanguage\":\"es\",\"@id\":\"https:\/\/www.deliciousandsons.com\/es\/tienda-gourmet\/organic-tomato-porcini-mushroom-sauce-pack-of-3\/#primaryimage\",\"url\":\"https:\/\/www.deliciousandsons.com\/wp-content\/uploads\/2020\/03\/pack-tomate-porcini.png\",\"contentUrl\":\"https:\/\/www.deliciousandsons.com\/wp-content\/uploads\/2020\/03\/pack-tomate-porcini.png\",\"width\":1200,\"height\":750},{\"@type\":\"BreadcrumbList\",\"@id\":\"https:\/\/www.deliciousandsons.com\/es\/tienda-gourmet\/organic-tomato-porcini-mushroom-sauce-pack-of-3\/#breadcrumb\",\"itemListElement\":[{\"@type\":\"ListItem\",\"position\":1,\"name\":\"Home\",\"item\":\"https:\/\/www.deliciousandsons.com\/es\/\"},{\"@type\":\"ListItem\",\"position\":2,\"name\":\"Comprar\",\"item\":\"https:\/\/www.deliciousandsons.com\/es\/tienda\/\"},{\"@type\":\"ListItem\",\"position\":3,\"name\":\"Salsa de Tomate con Setas Porcini Ecol\u00f3gica (3 uds.)\"}]},{\"@type\":\"WebSite\",\"@id\":\"https:\/\/www.deliciousandsons.com\/#website\",\"url\":\"https:\/\/www.deliciousandsons.com\/\",\"name\":\"Delicious &amp; Sons\",\"description\":\"\",\"potentialAction\":[{\"@type\":\"SearchAction\",\"target\":{\"@type\":\"EntryPoint\",\"urlTemplate\":\"https:\/\/www.deliciousandsons.com\/?s={search_term_string}\"},\"query-input\":\"required name=search_term_string\"}],\"inLanguage\":\"es\"}]}<\/script>\n<!-- \/ Yoast SEO plugin. -->","yoast_head_json":{"title":"Salsa de Tomate con Setas Porcini Ecol\u00f3gica (3 uds.) - Delicious &amp; Sons","description":"Salsa de Tomate con Setas Porcini Ecol\u00f3gica en un c\u00f3modo pack de 3 para todas tus necesidades en la cocina como para pasta, pizza y lasagna.","robots":{"index":"index","follow":"follow","max-snippet":"max-snippet:-1","max-image-preview":"max-image-preview:large","max-video-preview":"max-video-preview:-1"},"canonical":"https:\/\/www.deliciousandsons.com\/es\/tienda-gourmet\/organic-tomato-porcini-mushroom-sauce-pack-of-3\/","og_locale":"es_ES","og_type":"article","og_title":"Salsa de Tomate con Setas Porcini Ecol\u00f3gica (3 uds.) - Delicious &amp; Sons","og_description":"Salsa de Tomate con Setas Porcini Ecol\u00f3gica en un c\u00f3modo pack de 3 para todas tus necesidades en la cocina como para pasta, pizza y lasagna.","og_url":"https:\/\/www.deliciousandsons.com\/es\/tienda-gourmet\/organic-tomato-porcini-mushroom-sauce-pack-of-3\/","og_site_name":"Delicious &amp; Sons","article_publisher":"https:\/\/www.facebook.com\/DeliciousandSons\/","article_modified_time":"2021-06-21T09:44:02+00:00","og_image":[{"width":1200,"height":750,"url":"https:\/\/www.deliciousandsons.com\/wp-content\/uploads\/2020\/03\/pack-tomate-porcini.png","type":"image\/png"}],"twitter_card":"summary_large_image","twitter_site":"@Delicious_Sons","twitter_misc":{"Tiempo de lectura":"1 minuto"},"schema":{"@context":"https:\/\/schema.org","@graph":[{"@type":"WebPage","@id":"https:\/\/www.deliciousandsons.com\/es\/tienda-gourmet\/organic-tomato-porcini-mushroom-sauce-pack-of-3\/","url":"https:\/\/www.deliciousandsons.com\/es\/tienda-gourmet\/organic-tomato-porcini-mushroom-sauce-pack-of-3\/","name":"Salsa de Tomate con Setas Porcini Ecol\u00f3gica (3 uds.) - Delicious &amp; Sons","isPartOf":{"@id":"https:\/\/www.deliciousandsons.com\/#website"},"primaryImageOfPage":{"@id":"https:\/\/www.deliciousandsons.com\/es\/tienda-gourmet\/organic-tomato-porcini-mushroom-sauce-pack-of-3\/#primaryimage"},"image":{"@id":"https:\/\/www.deliciousandsons.com\/es\/tienda-gourmet\/organic-tomato-porcini-mushroom-sauce-pack-of-3\/#primaryimage"},"thumbnailUrl":"https:\/\/www.deliciousandsons.com\/wp-content\/uploads\/2020\/03\/pack-tomate-porcini.png","datePublished":"2020-03-24T11:36:40+00:00","dateModified":"2021-06-21T09:44:02+00:00","description":"Salsa de Tomate con Setas Porcini Ecol\u00f3gica en un c\u00f3modo pack de 3 para todas tus necesidades en la cocina como para pasta, pizza y lasagna.","breadcrumb":{"@id":"https:\/\/www.deliciousandsons.com\/es\/tienda-gourmet\/organic-tomato-porcini-mushroom-sauce-pack-of-3\/#breadcrumb"},"inLanguage":"es","potentialAction":[{"@type":"ReadAction","target":["https:\/\/www.deliciousandsons.com\/es\/tienda-gourmet\/organic-tomato-porcini-mushroom-sauce-pack-of-3\/"]}]},{"@type":"ImageObject","inLanguage":"es","@id":"https:\/\/www.deliciousandsons.com\/es\/tienda-gourmet\/organic-tomato-porcini-mushroom-sauce-pack-of-3\/#primaryimage","url":"https:\/\/www.deliciousandsons.com\/wp-content\/uploads\/2020\/03\/pack-tomate-porcini.png","contentUrl":"https:\/\/www.deliciousandsons.com\/wp-content\/uploads\/2020\/03\/pack-tomate-porcini.png","width":1200,"height":750},{"@type":"BreadcrumbList","@id":"https:\/\/www.deliciousandsons.com\/es\/tienda-gourmet\/organic-tomato-porcini-mushroom-sauce-pack-of-3\/#breadcrumb","itemListElement":[{"@type":"ListItem","position":1,"name":"Home","item":"https:\/\/www.deliciousandsons.com\/es\/"},{"@type":"ListItem","position":2,"name":"Comprar","item":"https:\/\/www.deliciousandsons.com\/es\/tienda\/"},{"@type":"ListItem","position":3,"name":"Salsa de Tomate con Setas Porcini Ecol\u00f3gica (3 uds.)"}]},{"@type":"WebSite","@id":"https:\/\/www.deliciousandsons.com\/#website","url":"https:\/\/www.deliciousandsons.com\/","name":"Delicious &amp; Sons","description":"","potentialAction":[{"@type":"SearchAction","target":{"@type":"EntryPoint","urlTemplate":"https:\/\/www.deliciousandsons.com\/?s={search_term_string}"},"query-input":"required name=search_term_string"}],"inLanguage":"es"}]}},"_links":{"self":[{"href":"https:\/\/www.deliciousandsons.com\/es\/wp-json\/wp\/v2\/product\/8603"}],"collection":[{"href":"https:\/\/www.deliciousandsons.com\/es\/wp-json\/wp\/v2\/product"}],"about":[{"href":"https:\/\/www.deliciousandsons.com\/es\/wp-json\/wp\/v2\/types\/product"}],"wp:featuredmedia":[{"embeddable":true,"href":"https:\/\/www.deliciousandsons.com\/es\/wp-json\/wp\/v2\/media\/11924"}],"wp:attachment":[{"href":"https:\/\/www.deliciousandsons.com\/es\/wp-json\/wp\/v2\/media?parent=8603"}],"wp:term":[{"taxonomy":"product_cat","embeddable":true,"href":"https:\/\/www.deliciousandsons.com\/es\/wp-json\/wp\/v2\/product_cat?post=8603"},{"taxonomy":"product_tag","embeddable":true,"href":"https:\/\/www.deliciousandsons.com\/es\/wp-json\/wp\/v2\/product_tag?post=8603"},{"taxonomy":"legume_pasta","embeddable":true,"href":"https:\/\/www.deliciousandsons.com\/es\/wp-json\/wp\/v2\/legume_pasta?post=8603"},{"taxonomy":"dip_spreads","embeddable":true,"href":"https:\/\/www.deliciousandsons.com\/es\/wp-json\/wp\/v2\/dip_spreads?post=8603"},{"taxonomy":"aiolis","embeddable":true,"href":"https:\/\/www.deliciousandsons.com\/es\/wp-json\/wp\/v2\/aiolis?post=8603"},{"taxonomy":"samplers","embeddable":true,"href":"https:\/\/www.deliciousandsons.com\/es\/wp-json\/wp\/v2\/samplers?post=8603"},{"taxonomy":"tapenades","embeddable":true,"href":"https:\/\/www.deliciousandsons.com\/es\/wp-json\/wp\/v2\/tapenades?post=8603"},{"taxonomy":"italian_truffle","embeddable":true,"href":"https:\/\/www.deliciousandsons.com\/es\/wp-json\/wp\/v2\/italian_truffle?post=8603"},{"taxonomy":"Sauces","embeddable":true,"href":"https:\/\/www.deliciousandsons.com\/es\/wp-json\/wp\/v2\/Sauces?post=8603"},{"taxonomy":"diets","embeddable":true,"href":"https:\/\/www.deliciousandsons.com\/es\/wp-json\/wp\/v2\/diets?post=8603"},{"taxonomy":"stars","embeddable":true,"href":"https:\/\/www.deliciousandsons.com\/es\/wp-json\/wp\/v2\/stars?post=8603"}],"curies":[{"name":"wp","href":"https:\/\/api.w.org\/{rel}","templated":true}]}}