{"id":8654,"date":"2020-05-11T10:09:32","date_gmt":"2020-06-08T14:24:04","guid":{"rendered":"https:\/\/www.deliciousandsons.com\/?post_type=product&#038;p=8654"},"modified":"2021-06-21T09:42:35","modified_gmt":"2021-06-21T09:42:35","slug":"salsa-pesto-rosso-de-tomates-secos-ecologico-pack-de-3","status":"publish","type":"product","link":"https:\/\/www.deliciousandsons.com\/es\/tienda-gourmet\/salsa-pesto-rosso-de-tomates-secos-ecologico-pack-de-3\/","title":{"rendered":"Salsa Pesto Rosso de Tomates Secos ecol\u00f3gico (3 uds.)"},"content":{"rendered":"<p>Tres unidades de Salsa Pesto Rosso, una gran desconocida fuera de Italia, pero tan aut\u00e9ntica y tradicional como el Pesto verde. Sorprendre por su gran sabor, intenso y muy agradable al paladar gracias a su ingrediente principal: los carnosos tomates secos. Usamos albahaca ecol\u00f3gica cultivada en Liguria, Italia, tomates secos ecol\u00f3gicos y queso Parmigiano Reggiano DOP para crear el pesto Rosso de tomates secos m\u00e1s aut\u00e9ntico y con m\u00e1s sabor del mercado.<\/p>\n<p>Funciona a la perfecci\u00f3n con todo tipo de platos. Es ideal en bocadillos y recetas de pasta, arroces, verduras, prote\u00ednas vegetales como tofu o seit\u00e1n, ensaladas, carnes y pescados. Incluso, con un pan r\u00fastico, se convierte en un sencillo y exquisito bocado.<\/p>\n<p>Este Pesto Rosso est\u00e1 certificado Ecol\u00f3gico, Vegetariano y Sin Gluten. Adem\u00e1s, no contiene huevo, az\u00facares ni transg\u00e9nicos.<\/p>\n<p>El Pack contiene 3 unidades de Salsa Pesto Rosso.<\/p>\n","protected":false},"excerpt":{"rendered":"<p>Tres unidades de Salsa Pesto Rosso, una gran desconocida fuera de Italia, pero tan aut\u00e9ntica y tradicional como el Pesto verde. Sorprendre por su gran sabor, intenso y muy agradable al paladar gracias a su ingrediente principal: los carnosos tomates secos. Usamos albahaca ecol\u00f3gica cultivada&#8230;<\/p>\n","protected":false},"featured_media":11922,"template":"","meta":{"_acf_changed":false,"om_disable_all_campaigns":false,"inline_featured_image":false,"_monsterinsights_skip_tracking":false,"_monsterinsights_sitenote_active":false,"_monsterinsights_sitenote_note":"","_monsterinsights_sitenote_category":0,"_uf_show_specific_survey":0,"_uf_disable_surveys":false},"product_cat":[459,458,457,456,543,337,447,382,383,449,25,30],"product_tag":[1298,1299,1300,1302,1303,1304,1306,1309,1311,150],"legume_pasta":[],"dip_spreads":[],"aiolis":[],"samplers":[1197],"tapenades":[],"italian_truffle":[],"Sauces":[],"diets":[1113,1112,1111,1110,1109,1108,1107,1106,1105,1104,1102],"stars":[],"supplier_id":null,"supplier_sku":"","barcode":null,"atum_controlled":true,"out_stock_date":null,"out_stock_threshold":null,"inheritable":false,"inbound_stock":0,"stock_on_hold":0,"sold_today":0,"sales_last_days":0,"reserved_stock":0,"customer_returns":0,"warehouse_damage":0,"lost_in_post":0,"other_logs":0,"out_stock_days":0,"lost_sales":0,"has_location":false,"update_date":"2026-04-27T10:59:49","atum_locations":[],"atum_stock_status":"instock","restock_status":false,"low_stock_amount":"","sales_update_date":"2026-04-27T10:59:49","calc_backorders":null,"mi_inventories":[25],"multi_inventory":"global","inventory_sorting_mode":"global","inventory_iteration":"global","expirable_inventories":"global","price_per_inventory":"global","show_write_off_inventories":"global","selectable_inventories":"global","selectable_inventories_mode":"global","acf":[],"aioseo_notices":[],"yoast_head":"<!-- This site is optimized with the Yoast SEO plugin v22.6 - https:\/\/yoast.com\/wordpress\/plugins\/seo\/ -->\n<title>Salsa Pesto Rosso de Tomates Secos ecol\u00f3gico (3 uds.) - Delicious &amp; Sons<\/title>\n<meta name=\"description\" content=\"Intenso y arom\u00e1tico, este pesto rosso de tomates secos ecol\u00f3gicos no es tan conocido fuera de Italia, pero es tan aut\u00e9ntico como el tradicional pesto verde.\" \/>\n<meta name=\"robots\" content=\"index, follow, max-snippet:-1, max-image-preview:large, max-video-preview:-1\" \/>\n<link rel=\"canonical\" href=\"https:\/\/www.deliciousandsons.com\/es\/tienda-gourmet\/salsa-pesto-rosso-de-tomates-secos-ecologico-pack-de-3\/\" \/>\n<meta property=\"og:locale\" content=\"es_ES\" \/>\n<meta property=\"og:type\" content=\"article\" \/>\n<meta property=\"og:title\" content=\"Salsa Pesto Rosso de Tomates Secos ecol\u00f3gico (3 uds.) - Delicious &amp; Sons\" \/>\n<meta property=\"og:description\" content=\"Intenso y arom\u00e1tico, este pesto rosso de tomates secos ecol\u00f3gicos no es tan conocido fuera de Italia, pero es tan aut\u00e9ntico como el tradicional pesto verde.\" \/>\n<meta property=\"og:url\" content=\"https:\/\/www.deliciousandsons.com\/es\/tienda-gourmet\/salsa-pesto-rosso-de-tomates-secos-ecologico-pack-de-3\/\" \/>\n<meta property=\"og:site_name\" content=\"Delicious &amp; Sons\" \/>\n<meta property=\"article:publisher\" content=\"https:\/\/www.facebook.com\/DeliciousandSons\/\" \/>\n<meta property=\"article:modified_time\" content=\"2021-06-21T09:42:35+00:00\" \/>\n<meta property=\"og:image\" content=\"https:\/\/www.deliciousandsons.com\/wp-content\/uploads\/2020\/05\/pack-pesto-rosso.png\" \/>\n\t<meta property=\"og:image:width\" content=\"1200\" \/>\n\t<meta property=\"og:image:height\" content=\"750\" \/>\n\t<meta property=\"og:image:type\" content=\"image\/png\" \/>\n<meta name=\"twitter:card\" content=\"summary_large_image\" \/>\n<meta name=\"twitter:site\" content=\"@Delicious_Sons\" \/>\n<meta name=\"twitter:label1\" content=\"Tiempo de lectura\" \/>\n\t<meta name=\"twitter:data1\" content=\"1 minuto\" \/>\n<script type=\"application\/ld+json\" class=\"yoast-schema-graph\">{\"@context\":\"https:\/\/schema.org\",\"@graph\":[{\"@type\":\"WebPage\",\"@id\":\"https:\/\/www.deliciousandsons.com\/es\/tienda-gourmet\/salsa-pesto-rosso-de-tomates-secos-ecologico-pack-de-3\/\",\"url\":\"https:\/\/www.deliciousandsons.com\/es\/tienda-gourmet\/salsa-pesto-rosso-de-tomates-secos-ecologico-pack-de-3\/\",\"name\":\"Salsa Pesto Rosso de Tomates Secos ecol\u00f3gico (3 uds.) - Delicious &amp; Sons\",\"isPartOf\":{\"@id\":\"https:\/\/www.deliciousandsons.com\/#website\"},\"primaryImageOfPage\":{\"@id\":\"https:\/\/www.deliciousandsons.com\/es\/tienda-gourmet\/salsa-pesto-rosso-de-tomates-secos-ecologico-pack-de-3\/#primaryimage\"},\"image\":{\"@id\":\"https:\/\/www.deliciousandsons.com\/es\/tienda-gourmet\/salsa-pesto-rosso-de-tomates-secos-ecologico-pack-de-3\/#primaryimage\"},\"thumbnailUrl\":\"https:\/\/www.deliciousandsons.com\/wp-content\/uploads\/2020\/05\/pack-pesto-rosso.png\",\"datePublished\":\"2020-06-08T14:24:04+00:00\",\"dateModified\":\"2021-06-21T09:42:35+00:00\",\"description\":\"Intenso y arom\u00e1tico, este pesto rosso de tomates secos ecol\u00f3gicos no es tan conocido fuera de Italia, pero es tan aut\u00e9ntico como el tradicional pesto verde.\",\"breadcrumb\":{\"@id\":\"https:\/\/www.deliciousandsons.com\/es\/tienda-gourmet\/salsa-pesto-rosso-de-tomates-secos-ecologico-pack-de-3\/#breadcrumb\"},\"inLanguage\":\"es\",\"potentialAction\":[{\"@type\":\"ReadAction\",\"target\":[\"https:\/\/www.deliciousandsons.com\/es\/tienda-gourmet\/salsa-pesto-rosso-de-tomates-secos-ecologico-pack-de-3\/\"]}]},{\"@type\":\"ImageObject\",\"inLanguage\":\"es\",\"@id\":\"https:\/\/www.deliciousandsons.com\/es\/tienda-gourmet\/salsa-pesto-rosso-de-tomates-secos-ecologico-pack-de-3\/#primaryimage\",\"url\":\"https:\/\/www.deliciousandsons.com\/wp-content\/uploads\/2020\/05\/pack-pesto-rosso.png\",\"contentUrl\":\"https:\/\/www.deliciousandsons.com\/wp-content\/uploads\/2020\/05\/pack-pesto-rosso.png\",\"width\":1200,\"height\":750},{\"@type\":\"BreadcrumbList\",\"@id\":\"https:\/\/www.deliciousandsons.com\/es\/tienda-gourmet\/salsa-pesto-rosso-de-tomates-secos-ecologico-pack-de-3\/#breadcrumb\",\"itemListElement\":[{\"@type\":\"ListItem\",\"position\":1,\"name\":\"Home\",\"item\":\"https:\/\/www.deliciousandsons.com\/es\/\"},{\"@type\":\"ListItem\",\"position\":2,\"name\":\"Comprar\",\"item\":\"https:\/\/www.deliciousandsons.com\/es\/tienda\/\"},{\"@type\":\"ListItem\",\"position\":3,\"name\":\"Salsa Pesto Rosso de Tomates Secos ecol\u00f3gico (3 uds.)\"}]},{\"@type\":\"WebSite\",\"@id\":\"https:\/\/www.deliciousandsons.com\/#website\",\"url\":\"https:\/\/www.deliciousandsons.com\/\",\"name\":\"Delicious &amp; Sons\",\"description\":\"\",\"potentialAction\":[{\"@type\":\"SearchAction\",\"target\":{\"@type\":\"EntryPoint\",\"urlTemplate\":\"https:\/\/www.deliciousandsons.com\/?s={search_term_string}\"},\"query-input\":\"required name=search_term_string\"}],\"inLanguage\":\"es\"}]}<\/script>\n<!-- \/ Yoast SEO plugin. -->","yoast_head_json":{"title":"Salsa Pesto Rosso de Tomates Secos ecol\u00f3gico (3 uds.) - Delicious &amp; Sons","description":"Intenso y arom\u00e1tico, este pesto rosso de tomates secos ecol\u00f3gicos no es tan conocido fuera de Italia, pero es tan aut\u00e9ntico como el tradicional pesto verde.","robots":{"index":"index","follow":"follow","max-snippet":"max-snippet:-1","max-image-preview":"max-image-preview:large","max-video-preview":"max-video-preview:-1"},"canonical":"https:\/\/www.deliciousandsons.com\/es\/tienda-gourmet\/salsa-pesto-rosso-de-tomates-secos-ecologico-pack-de-3\/","og_locale":"es_ES","og_type":"article","og_title":"Salsa Pesto Rosso de Tomates Secos ecol\u00f3gico (3 uds.) - Delicious &amp; Sons","og_description":"Intenso y arom\u00e1tico, este pesto rosso de tomates secos ecol\u00f3gicos no es tan conocido fuera de Italia, pero es tan aut\u00e9ntico como el tradicional pesto verde.","og_url":"https:\/\/www.deliciousandsons.com\/es\/tienda-gourmet\/salsa-pesto-rosso-de-tomates-secos-ecologico-pack-de-3\/","og_site_name":"Delicious &amp; Sons","article_publisher":"https:\/\/www.facebook.com\/DeliciousandSons\/","article_modified_time":"2021-06-21T09:42:35+00:00","og_image":[{"width":1200,"height":750,"url":"https:\/\/www.deliciousandsons.com\/wp-content\/uploads\/2020\/05\/pack-pesto-rosso.png","type":"image\/png"}],"twitter_card":"summary_large_image","twitter_site":"@Delicious_Sons","twitter_misc":{"Tiempo de lectura":"1 minuto"},"schema":{"@context":"https:\/\/schema.org","@graph":[{"@type":"WebPage","@id":"https:\/\/www.deliciousandsons.com\/es\/tienda-gourmet\/salsa-pesto-rosso-de-tomates-secos-ecologico-pack-de-3\/","url":"https:\/\/www.deliciousandsons.com\/es\/tienda-gourmet\/salsa-pesto-rosso-de-tomates-secos-ecologico-pack-de-3\/","name":"Salsa Pesto Rosso de Tomates Secos ecol\u00f3gico (3 uds.) - Delicious &amp; Sons","isPartOf":{"@id":"https:\/\/www.deliciousandsons.com\/#website"},"primaryImageOfPage":{"@id":"https:\/\/www.deliciousandsons.com\/es\/tienda-gourmet\/salsa-pesto-rosso-de-tomates-secos-ecologico-pack-de-3\/#primaryimage"},"image":{"@id":"https:\/\/www.deliciousandsons.com\/es\/tienda-gourmet\/salsa-pesto-rosso-de-tomates-secos-ecologico-pack-de-3\/#primaryimage"},"thumbnailUrl":"https:\/\/www.deliciousandsons.com\/wp-content\/uploads\/2020\/05\/pack-pesto-rosso.png","datePublished":"2020-06-08T14:24:04+00:00","dateModified":"2021-06-21T09:42:35+00:00","description":"Intenso y arom\u00e1tico, este pesto rosso de tomates secos ecol\u00f3gicos no es tan conocido fuera de Italia, pero es tan aut\u00e9ntico como el tradicional pesto verde.","breadcrumb":{"@id":"https:\/\/www.deliciousandsons.com\/es\/tienda-gourmet\/salsa-pesto-rosso-de-tomates-secos-ecologico-pack-de-3\/#breadcrumb"},"inLanguage":"es","potentialAction":[{"@type":"ReadAction","target":["https:\/\/www.deliciousandsons.com\/es\/tienda-gourmet\/salsa-pesto-rosso-de-tomates-secos-ecologico-pack-de-3\/"]}]},{"@type":"ImageObject","inLanguage":"es","@id":"https:\/\/www.deliciousandsons.com\/es\/tienda-gourmet\/salsa-pesto-rosso-de-tomates-secos-ecologico-pack-de-3\/#primaryimage","url":"https:\/\/www.deliciousandsons.com\/wp-content\/uploads\/2020\/05\/pack-pesto-rosso.png","contentUrl":"https:\/\/www.deliciousandsons.com\/wp-content\/uploads\/2020\/05\/pack-pesto-rosso.png","width":1200,"height":750},{"@type":"BreadcrumbList","@id":"https:\/\/www.deliciousandsons.com\/es\/tienda-gourmet\/salsa-pesto-rosso-de-tomates-secos-ecologico-pack-de-3\/#breadcrumb","itemListElement":[{"@type":"ListItem","position":1,"name":"Home","item":"https:\/\/www.deliciousandsons.com\/es\/"},{"@type":"ListItem","position":2,"name":"Comprar","item":"https:\/\/www.deliciousandsons.com\/es\/tienda\/"},{"@type":"ListItem","position":3,"name":"Salsa Pesto Rosso de Tomates Secos ecol\u00f3gico (3 uds.)"}]},{"@type":"WebSite","@id":"https:\/\/www.deliciousandsons.com\/#website","url":"https:\/\/www.deliciousandsons.com\/","name":"Delicious &amp; Sons","description":"","potentialAction":[{"@type":"SearchAction","target":{"@type":"EntryPoint","urlTemplate":"https:\/\/www.deliciousandsons.com\/?s={search_term_string}"},"query-input":"required name=search_term_string"}],"inLanguage":"es"}]}},"_links":{"self":[{"href":"https:\/\/www.deliciousandsons.com\/es\/wp-json\/wp\/v2\/product\/8654"}],"collection":[{"href":"https:\/\/www.deliciousandsons.com\/es\/wp-json\/wp\/v2\/product"}],"about":[{"href":"https:\/\/www.deliciousandsons.com\/es\/wp-json\/wp\/v2\/types\/product"}],"wp:featuredmedia":[{"embeddable":true,"href":"https:\/\/www.deliciousandsons.com\/es\/wp-json\/wp\/v2\/media\/11922"}],"wp:attachment":[{"href":"https:\/\/www.deliciousandsons.com\/es\/wp-json\/wp\/v2\/media?parent=8654"}],"wp:term":[{"taxonomy":"product_cat","embeddable":true,"href":"https:\/\/www.deliciousandsons.com\/es\/wp-json\/wp\/v2\/product_cat?post=8654"},{"taxonomy":"product_tag","embeddable":true,"href":"https:\/\/www.deliciousandsons.com\/es\/wp-json\/wp\/v2\/product_tag?post=8654"},{"taxonomy":"legume_pasta","embeddable":true,"href":"https:\/\/www.deliciousandsons.com\/es\/wp-json\/wp\/v2\/legume_pasta?post=8654"},{"taxonomy":"dip_spreads","embeddable":true,"href":"https:\/\/www.deliciousandsons.com\/es\/wp-json\/wp\/v2\/dip_spreads?post=8654"},{"taxonomy":"aiolis","embeddable":true,"href":"https:\/\/www.deliciousandsons.com\/es\/wp-json\/wp\/v2\/aiolis?post=8654"},{"taxonomy":"samplers","embeddable":true,"href":"https:\/\/www.deliciousandsons.com\/es\/wp-json\/wp\/v2\/samplers?post=8654"},{"taxonomy":"tapenades","embeddable":true,"href":"https:\/\/www.deliciousandsons.com\/es\/wp-json\/wp\/v2\/tapenades?post=8654"},{"taxonomy":"italian_truffle","embeddable":true,"href":"https:\/\/www.deliciousandsons.com\/es\/wp-json\/wp\/v2\/italian_truffle?post=8654"},{"taxonomy":"Sauces","embeddable":true,"href":"https:\/\/www.deliciousandsons.com\/es\/wp-json\/wp\/v2\/Sauces?post=8654"},{"taxonomy":"diets","embeddable":true,"href":"https:\/\/www.deliciousandsons.com\/es\/wp-json\/wp\/v2\/diets?post=8654"},{"taxonomy":"stars","embeddable":true,"href":"https:\/\/www.deliciousandsons.com\/es\/wp-json\/wp\/v2\/stars?post=8654"}],"curies":[{"name":"wp","href":"https:\/\/api.w.org\/{rel}","templated":true}]}}